{"id":1330,"date":"2024-05-27T12:23:57","date_gmt":"2024-05-27T10:23:57","guid":{"rendered":"https:\/\/balo.k8s.pleiadiinternational.com\/?page_id=1330"},"modified":"2024-05-27T14:06:28","modified_gmt":"2024-05-27T12:06:28","slug":"bilancio-balo-2018","status":"publish","type":"page","link":"https:\/\/www.balo.it\/en\/bilancio-balo-2018\/","title":{"rendered":"Bilancio Bal\u00f2 2018"},"content":{"rendered":"<div data-elementor-type=\"wp-page\" data-elementor-id=\"1330\" class=\"elementor elementor-1330\" data-elementor-post-type=\"page\">\n\t\t\t\t<div class=\"elementor-element elementor-element-8863268 e-flex e-con-boxed e-con e-parent\" data-id=\"8863268\" data-element_type=\"container\" data-settings=\"{&quot;background_background&quot;:&quot;classic&quot;}\">\n\t\t\t\t\t<div class=\"e-con-inner\">\n\t\t\t\t\t<\/div>\n\t\t\t\t<\/div>\n\t\t<div class=\"elementor-element elementor-element-386a299 e-flex e-con-boxed e-con e-parent\" data-id=\"386a299\" data-element_type=\"container\">\n\t\t\t\t\t<div class=\"e-con-inner\">\n\t\t<div class=\"elementor-element elementor-element-dcc7587 e-flex e-con-boxed e-con e-child\" data-id=\"dcc7587\" data-element_type=\"container\">\n\t\t\t\t\t<div class=\"e-con-inner\">\n\t\t\t\t<div class=\"elementor-element elementor-element-bcce62b elementor-widget elementor-widget-heading\" data-id=\"bcce62b\" data-element_type=\"widget\" data-widget_type=\"heading.default\">\n\t\t\t\t<div class=\"elementor-widget-container\">\n\t\t\t\t\t<h2 class=\"elementor-heading-title elementor-size-default\">BAL\u00d2 ODV income statements<\/h2>\t\t\t\t<\/div>\n\t\t\t\t<\/div>\n\t\t\t\t<div class=\"elementor-element elementor-element-76b1122 elementor-widget elementor-widget-text-editor\" data-id=\"76b1122\" data-element_type=\"widget\" data-widget_type=\"text-editor.default\">\n\t\t\t\t<div class=\"elementor-widget-container\">\n\t\t\t\t\t\t\t\t\t<p>Bank Balance January 1 \u20ac 47.013,11<br \/>Cash balance January 1  \u20ac 92,06<\/p><p><strong>Total funds \u20ac 47.105,17<\/strong><\/p>\t\t\t\t\t\t\t\t<\/div>\n\t\t\t\t<\/div>\n\t\t\t\t\t<\/div>\n\t\t\t\t<\/div>\n\t\t<div class=\"elementor-element elementor-element-3dd5e1e e-flex e-con-boxed e-con e-child\" data-id=\"3dd5e1e\" data-element_type=\"container\">\n\t\t\t\t\t<div class=\"e-con-inner\">\n\t\t\t\t<div class=\"elementor-element elementor-element-c57e191 elementor-widget elementor-widget-heading\" data-id=\"c57e191\" data-element_type=\"widget\" data-widget_type=\"heading.default\">\n\t\t\t\t<div class=\"elementor-widget-container\">\n\t\t\t\t\t<h2 class=\"elementor-heading-title elementor-size-default\">Revenue 2018<\/h2>\t\t\t\t<\/div>\n\t\t\t\t<\/div>\n\t\t\t\t<div class=\"elementor-element elementor-element-44c4997 elementor-widget elementor-widget-text-editor\" data-id=\"44c4997\" data-element_type=\"widget\" data-widget_type=\"text-editor.default\">\n\t\t\t\t<div class=\"elementor-widget-container\">\n\t\t\t\t\t\t\t\t\t<p class=\" translation-block\">\u2022 Events: \u20ac 10.640,00<br>\n\u2022 Donations: \u20ac 73.472,14<br>\n\u2022 Sponsorship: \u20ac 18.114,00<br>\n\u2022 Donations for Handworks: \u20ac 19.093,45<br>\n\u2022 Membership fees: \u20ac 1.400,00<br>\n\u2022 Tax back on donations 5\u00d71000: \u20ac 9.757,39<br>\n\u2022 Miscellaneous: \u20ac 0,68<br>\n\u2022 Return of deposits for new school: \u20ac 25.086,26<br><\/p><p><strong>Total income: \u20ac 157.563,92<\/strong><br \/><strong>Total cash in hand: \u20ac 204.669,09<\/strong><\/p>\t\t\t\t\t\t\t\t<\/div>\n\t\t\t\t<\/div>\n\t\t\t\t\t<\/div>\n\t\t\t\t<\/div>\n\t\t<div class=\"elementor-element elementor-element-13266b2 e-flex e-con-boxed e-con e-child\" data-id=\"13266b2\" data-element_type=\"container\">\n\t\t\t\t\t<div class=\"e-con-inner\">\n\t\t\t\t<div class=\"elementor-element elementor-element-088408b elementor-widget elementor-widget-heading\" data-id=\"088408b\" data-element_type=\"widget\" data-widget_type=\"heading.default\">\n\t\t\t\t<div class=\"elementor-widget-container\">\n\t\t\t\t\t<h2 class=\"elementor-heading-title elementor-size-default\">Expenditure 2018<\/h2>\t\t\t\t<\/div>\n\t\t\t\t<\/div>\n\t\t\t\t<div class=\"elementor-element elementor-element-e5e387f elementor-widget elementor-widget-text-editor\" data-id=\"e5e387f\" data-element_type=\"widget\" data-widget_type=\"text-editor.default\">\n\t\t\t\t<div class=\"elementor-widget-container\">\n\t\t\t\t\t\t\t\t\t<p class=\" translation-block\">\u2022 School related projects: \u20ac 15.779,42<br>\n\u2022 Food and nutrition: \u20ac 16.593,70<br>\n\u2022 Wages: \u20ac 16.267,46<br>\n\u2022 Tailoring project and sewing school: \u20ac 6.491,91<br>\n\u2022 Refuge centre: \u20ac 2.914,53<br>\n\u2022 Microcredit: \u20ac 639,07<br>\n\u2022 Health: \u20ac 3.011,17<br>\n\u2022 School refurbishment costs: \u20ac 22.134,10<br>\n\u2022 Deposit for new school purchase: \u20ac 31.729,24<br>\n\u2022 Event costs: \u20ac 2.707,08<br>\n\u2022 Foreign project manager: \u20ac 7.696,02<br>\n\u2022 Casa Bal\u00f2 maintenance: \u20ac 1.602,15<br>\n\u2022 Special expense: banking, insurance,  accounting: \u20ac 2.754,02<br>\n\u2022 Shipping and delivery costs: \u20ac 769,99<br><\/p><p><strong>Total expenditure: \u20ac 131.089,86<\/strong><\/p>\t\t\t\t\t\t\t\t<\/div>\n\t\t\t\t<\/div>\n\t\t\t\t\t<\/div>\n\t\t\t\t<\/div>\n\t\t<div class=\"elementor-element elementor-element-3ef303a e-flex e-con-boxed e-con e-child\" data-id=\"3ef303a\" data-element_type=\"container\">\n\t\t\t\t\t<div class=\"e-con-inner\">\n\t\t\t\t<div class=\"elementor-element elementor-element-6ed32d6 elementor-widget elementor-widget-heading\" data-id=\"6ed32d6\" data-element_type=\"widget\" data-widget_type=\"heading.default\">\n\t\t\t\t<div class=\"elementor-widget-container\">\n\t\t\t\t\t<h2 class=\"elementor-heading-title elementor-size-default\">OPERATING SURPLUS<\/h2>\t\t\t\t<\/div>\n\t\t\t\t<\/div>\n\t\t\t\t<div class=\"elementor-element elementor-element-6a2d2c7 elementor-widget elementor-widget-text-editor\" data-id=\"6a2d2c7\" data-element_type=\"widget\" data-widget_type=\"text-editor.default\">\n\t\t\t\t<div class=\"elementor-widget-container\">\n\t\t\t\t\t\t\t\t\t<p>\u2022 \u20ac 73.579,23<\/p>\t\t\t\t\t\t\t\t<\/div>\n\t\t\t\t<\/div>\n\t\t\t\t\t<\/div>\n\t\t\t\t<\/div>\n\t\t<div class=\"elementor-element elementor-element-3e22567 e-flex e-con-boxed e-con e-child\" data-id=\"3e22567\" data-element_type=\"container\">\n\t\t\t\t\t<div class=\"e-con-inner\">\n\t\t\t\t<div class=\"elementor-element elementor-element-d98e271 elementor-widget elementor-widget-heading\" data-id=\"d98e271\" data-element_type=\"widget\" data-widget_type=\"heading.default\">\n\t\t\t\t<div class=\"elementor-widget-container\">\n\t\t\t\t\t<h2 class=\"elementor-heading-title elementor-size-default\">TOTAL<\/h2>\t\t\t\t<\/div>\n\t\t\t\t<\/div>\n\t\t\t\t<div class=\"elementor-element elementor-element-04f687c elementor-widget elementor-widget-text-editor\" data-id=\"04f687c\" data-element_type=\"widget\" data-widget_type=\"text-editor.default\">\n\t\t\t\t<div class=\"elementor-widget-container\">\n\t\t\t\t\t\t\t\t\t<div class=\"edgtf-content\"><div class=\"edgtf-content-inner\"><div class=\"edgtf-container\"><div class=\"edgtf-container-inner clearfix\"><p>\u2022 \u20ac 204.669,09<\/p><p class=\" translation-block\">Bank balance December 31 2018  \u20ac 73.337,88<br>\nCash balance December 31 2018  \u20ac 241,35<\/p><p><strong>Total funds<\/strong><br \/>\u2022 \u20ac 73.579,23<\/p><\/div><\/div><\/div><\/div>\t\t\t\t\t\t\t\t<\/div>\n\t\t\t\t<\/div>\n\t\t\t\t\t<\/div>\n\t\t\t\t<\/div>\n\t\t\t\t\t<\/div>\n\t\t\t\t<\/div>\n\t\t<div class=\"elementor-element elementor-element-ed42393 e-flex e-con-boxed e-con e-child\" data-id=\"ed42393\" data-element_type=\"container\">\n\t\t\t\t\t<div class=\"e-con-inner\">\n\t\t\t\t<div class=\"elementor-element elementor-element-cf98eda elementor-widget elementor-widget-button\" data-id=\"cf98eda\" data-element_type=\"widget\" data-widget_type=\"button.default\">\n\t\t\t\t<div class=\"elementor-widget-container\">\n\t\t\t\t\t\t\t\t\t<div class=\"elementor-button-wrapper\">\n\t\t\t\t\t<a class=\"elementor-button elementor-button-link elementor-size-sm\" href=\"https:\/\/www.balo.it\/wp-content\/uploads\/2024\/05\/relazione-di-gestione_2018.pdf\" target=\"_blank\">\n\t\t\t\t\t\t<span class=\"elementor-button-content-wrapper\">\n\t\t\t\t\t\t\t\t\t<span class=\"elementor-button-text\">Management report 2018<\/span>\n\t\t\t\t\t<\/span>\n\t\t\t\t\t<\/a>\n\t\t\t\t<\/div>\n\t\t\t\t\t\t\t\t<\/div>\n\t\t\t\t<\/div>\n\t\t\t\t\t<\/div>\n\t\t\t\t<\/div>\n\t\t\t\t<\/div>","protected":false},"excerpt":{"rendered":"<p>CONTO ECONOMICO BAL\u00d2 ODV Saldo banca 1 gennaio \u20ac 47.013,11Saldo cassa 1 gennaio \u20ac 92,06 Totale liquidit\u00e0 \u20ac 47.105,17 Entrate 2018 \u2022 Eventi: \u20ac 10.640,00\u2022 Donazioni liberali: \u20ac 73.472,14\u2022 Adozioni a distanza: \u20ac 18.114,00\u2022 Donazioni per manufatti: \u20ac 19.093,45\u2022 Quote associative: \u20ac 1.400,00\u2022 5xmille: \u20ac 9.757,39\u2022 Rimborsi e proventi vari: \u20ac 0,68\u2022 Restituzione deposito per [&hellip;]<\/p>","protected":false},"author":1,"featured_media":0,"parent":0,"menu_order":0,"comment_status":"closed","ping_status":"closed","template":"","meta":{"_acf_changed":false,"site-sidebar-layout":"no-sidebar","site-content-layout":"page-builder","ast-site-content-layout":"full-width-container","site-content-style":"default","site-sidebar-style":"default","ast-global-header-display":"","ast-banner-title-visibility":"","ast-main-header-display":"","ast-hfb-above-header-display":"","ast-hfb-below-header-display":"","ast-hfb-mobile-header-display":"","site-post-title":"disabled","ast-breadcrumbs-content":"","ast-featured-img":"disabled","footer-sml-layout":"","theme-transparent-header-meta":"","adv-header-id-meta":"","stick-header-meta":"","header-above-stick-meta":"","header-main-stick-meta":"","header-below-stick-meta":"","astra-migrate-meta-layouts":"set","ast-page-background-enabled":"default","ast-page-background-meta":{"desktop":{"background-color":"var(--ast-global-color-4)","background-image":"","background-repeat":"repeat","background-position":"center center","background-size":"auto","background-attachment":"scroll","background-type":"","background-media":"","overlay-type":"","overlay-color":"","overlay-opacity":"","overlay-gradient":""},"tablet":{"background-color":"","background-image":"","background-repeat":"repeat","background-position":"center center","background-size":"auto","background-attachment":"scroll","background-type":"","background-media":"","overlay-type":"","overlay-color":"","overlay-opacity":"","overlay-gradient":""},"mobile":{"background-color":"","background-image":"","background-repeat":"repeat","background-position":"center center","background-size":"auto","background-attachment":"scroll","background-type":"","background-media":"","overlay-type":"","overlay-color":"","overlay-opacity":"","overlay-gradient":""}},"ast-content-background-meta":{"desktop":{"background-color":"var(--ast-global-color-5)","background-image":"","background-repeat":"repeat","background-position":"center center","background-size":"auto","background-attachment":"scroll","background-type":"","background-media":"","overlay-type":"","overlay-color":"","overlay-opacity":"","overlay-gradient":""},"tablet":{"background-color":"var(--ast-global-color-5)","background-image":"","background-repeat":"repeat","background-position":"center center","background-size":"auto","background-attachment":"scroll","background-type":"","background-media":"","overlay-type":"","overlay-color":"","overlay-opacity":"","overlay-gradient":""},"mobile":{"background-color":"var(--ast-global-color-5)","background-image":"","background-repeat":"repeat","background-position":"center center","background-size":"auto","background-attachment":"scroll","background-type":"","background-media":"","overlay-type":"","overlay-color":"","overlay-opacity":"","overlay-gradient":""}},"footnotes":""},"class_list":["post-1330","page","type-page","status-publish","hentry"],"acf":[],"yoast_head":"<!-- This site is optimized with the Yoast SEO plugin v25.6 - https:\/\/yoast.com\/wordpress\/plugins\/seo\/ -->\n<title>Bilancio Bal\u00f2 2018 - Bal\u00f2<\/title>\n<meta name=\"robots\" content=\"index, follow, max-snippet:-1, max-image-preview:large, max-video-preview:-1\" \/>\n<link rel=\"canonical\" href=\"https:\/\/www.balo.it\/en\/bilancio-balo-2018\/\" \/>\n<meta property=\"og:locale\" content=\"en_GB\" \/>\n<meta property=\"og:type\" content=\"article\" \/>\n<meta property=\"og:title\" content=\"Bilancio Bal\u00f2 2018 - Bal\u00f2\" \/>\n<meta property=\"og:description\" content=\"CONTO ECONOMICO BAL\u00d2 ODV Saldo banca 1 gennaio \u20ac 47.013,11Saldo cassa 1 gennaio \u20ac 92,06 Totale liquidit\u00e0 \u20ac 47.105,17 Entrate 2018 \u2022 Eventi: \u20ac 10.640,00\u2022 Donazioni liberali: \u20ac 73.472,14\u2022 Adozioni a distanza: \u20ac 18.114,00\u2022 Donazioni per manufatti: \u20ac 19.093,45\u2022 Quote associative: \u20ac 1.400,00\u2022 5xmille: \u20ac 9.757,39\u2022 Rimborsi e proventi vari: \u20ac 0,68\u2022 Restituzione deposito per [&hellip;]\" \/>\n<meta property=\"og:url\" content=\"https:\/\/www.balo.it\/en\/bilancio-balo-2018\/\" \/>\n<meta property=\"og:site_name\" content=\"Bal\u00f2\" \/>\n<meta property=\"article:modified_time\" content=\"2024-05-27T12:06:28+00:00\" \/>\n<meta name=\"twitter:card\" content=\"summary_large_image\" \/>\n<meta name=\"twitter:label1\" content=\"Estimated reading time\" \/>\n\t<meta name=\"twitter:data1\" content=\"1 minute\" \/>\n<script type=\"application\/ld+json\" class=\"yoast-schema-graph\">{\"@context\":\"https:\/\/schema.org\",\"@graph\":[{\"@type\":\"WebPage\",\"@id\":\"https:\/\/www.balo.it\/bilancio-balo-2018\/\",\"url\":\"https:\/\/www.balo.it\/bilancio-balo-2018\/\",\"name\":\"Bilancio Bal\u00f2 2018 - Bal\u00f2\",\"isPartOf\":{\"@id\":\"https:\/\/www.balo.it\/#website\"},\"datePublished\":\"2024-05-27T10:23:57+00:00\",\"dateModified\":\"2024-05-27T12:06:28+00:00\",\"breadcrumb\":{\"@id\":\"https:\/\/www.balo.it\/bilancio-balo-2018\/#breadcrumb\"},\"inLanguage\":\"en-GB\",\"potentialAction\":[{\"@type\":\"ReadAction\",\"target\":[\"https:\/\/www.balo.it\/bilancio-balo-2018\/\"]}]},{\"@type\":\"BreadcrumbList\",\"@id\":\"https:\/\/www.balo.it\/bilancio-balo-2018\/#breadcrumb\",\"itemListElement\":[{\"@type\":\"ListItem\",\"position\":1,\"name\":\"Home\",\"item\":\"https:\/\/www.balo.it\/\"},{\"@type\":\"ListItem\",\"position\":2,\"name\":\"Bilancio Bal\u00f2 2018\"}]},{\"@type\":\"WebSite\",\"@id\":\"https:\/\/www.balo.it\/#website\",\"url\":\"https:\/\/www.balo.it\/\",\"name\":\"Bal\u00f2\",\"description\":\"\",\"publisher\":{\"@id\":\"https:\/\/www.balo.it\/#organization\"},\"potentialAction\":[{\"@type\":\"SearchAction\",\"target\":{\"@type\":\"EntryPoint\",\"urlTemplate\":\"https:\/\/www.balo.it\/?s={search_term_string}\"},\"query-input\":{\"@type\":\"PropertyValueSpecification\",\"valueRequired\":true,\"valueName\":\"search_term_string\"}}],\"inLanguage\":\"en-GB\"},{\"@type\":\"Organization\",\"@id\":\"https:\/\/www.balo.it\/#organization\",\"name\":\"Bal\u00f2\",\"url\":\"https:\/\/www.balo.it\/\",\"logo\":{\"@type\":\"ImageObject\",\"inLanguage\":\"en-GB\",\"@id\":\"https:\/\/www.balo.it\/#\/schema\/logo\/image\/\",\"url\":\"https:\/\/www.balo.it\/wp-content\/uploads\/2024\/05\/Balo_odv_bollino.png\",\"contentUrl\":\"https:\/\/www.balo.it\/wp-content\/uploads\/2024\/05\/Balo_odv_bollino.png\",\"width\":1922,\"height\":1921,\"caption\":\"Bal\u00f2\"},\"image\":{\"@id\":\"https:\/\/www.balo.it\/#\/schema\/logo\/image\/\"}}]}<\/script>\n<!-- \/ Yoast SEO plugin. -->","yoast_head_json":{"title":"Bilancio Bal\u00f2 2018 - Bal\u00f2","robots":{"index":"index","follow":"follow","max-snippet":"max-snippet:-1","max-image-preview":"max-image-preview:large","max-video-preview":"max-video-preview:-1"},"canonical":"https:\/\/www.balo.it\/en\/bilancio-balo-2018\/","og_locale":"en_GB","og_type":"article","og_title":"Bilancio Bal\u00f2 2018 - Bal\u00f2","og_description":"CONTO ECONOMICO BAL\u00d2 ODV Saldo banca 1 gennaio \u20ac 47.013,11Saldo cassa 1 gennaio \u20ac 92,06 Totale liquidit\u00e0 \u20ac 47.105,17 Entrate 2018 \u2022 Eventi: \u20ac 10.640,00\u2022 Donazioni liberali: \u20ac 73.472,14\u2022 Adozioni a distanza: \u20ac 18.114,00\u2022 Donazioni per manufatti: \u20ac 19.093,45\u2022 Quote associative: \u20ac 1.400,00\u2022 5xmille: \u20ac 9.757,39\u2022 Rimborsi e proventi vari: \u20ac 0,68\u2022 Restituzione deposito per [&hellip;]","og_url":"https:\/\/www.balo.it\/en\/bilancio-balo-2018\/","og_site_name":"Bal\u00f2","article_modified_time":"2024-05-27T12:06:28+00:00","twitter_card":"summary_large_image","twitter_misc":{"Estimated reading time":"1 minute"},"schema":{"@context":"https:\/\/schema.org","@graph":[{"@type":"WebPage","@id":"https:\/\/www.balo.it\/bilancio-balo-2018\/","url":"https:\/\/www.balo.it\/bilancio-balo-2018\/","name":"Bilancio Bal\u00f2 2018 - Bal\u00f2","isPartOf":{"@id":"https:\/\/www.balo.it\/#website"},"datePublished":"2024-05-27T10:23:57+00:00","dateModified":"2024-05-27T12:06:28+00:00","breadcrumb":{"@id":"https:\/\/www.balo.it\/bilancio-balo-2018\/#breadcrumb"},"inLanguage":"en-GB","potentialAction":[{"@type":"ReadAction","target":["https:\/\/www.balo.it\/bilancio-balo-2018\/"]}]},{"@type":"BreadcrumbList","@id":"https:\/\/www.balo.it\/bilancio-balo-2018\/#breadcrumb","itemListElement":[{"@type":"ListItem","position":1,"name":"Home","item":"https:\/\/www.balo.it\/"},{"@type":"ListItem","position":2,"name":"Bilancio Bal\u00f2 2018"}]},{"@type":"WebSite","@id":"https:\/\/www.balo.it\/#website","url":"https:\/\/www.balo.it\/","name":"Bal\u00f2","description":"","publisher":{"@id":"https:\/\/www.balo.it\/#organization"},"potentialAction":[{"@type":"SearchAction","target":{"@type":"EntryPoint","urlTemplate":"https:\/\/www.balo.it\/?s={search_term_string}"},"query-input":{"@type":"PropertyValueSpecification","valueRequired":true,"valueName":"search_term_string"}}],"inLanguage":"en-GB"},{"@type":"Organization","@id":"https:\/\/www.balo.it\/#organization","name":"Bal\u00f2","url":"https:\/\/www.balo.it\/","logo":{"@type":"ImageObject","inLanguage":"en-GB","@id":"https:\/\/www.balo.it\/#\/schema\/logo\/image\/","url":"https:\/\/www.balo.it\/wp-content\/uploads\/2024\/05\/Balo_odv_bollino.png","contentUrl":"https:\/\/www.balo.it\/wp-content\/uploads\/2024\/05\/Balo_odv_bollino.png","width":1922,"height":1921,"caption":"Bal\u00f2"},"image":{"@id":"https:\/\/www.balo.it\/#\/schema\/logo\/image\/"}}]}},"_links":{"self":[{"href":"https:\/\/www.balo.it\/en\/wp-json\/wp\/v2\/pages\/1330","targetHints":{"allow":["GET"]}}],"collection":[{"href":"https:\/\/www.balo.it\/en\/wp-json\/wp\/v2\/pages"}],"about":[{"href":"https:\/\/www.balo.it\/en\/wp-json\/wp\/v2\/types\/page"}],"author":[{"embeddable":true,"href":"https:\/\/www.balo.it\/en\/wp-json\/wp\/v2\/users\/1"}],"replies":[{"embeddable":true,"href":"https:\/\/www.balo.it\/en\/wp-json\/wp\/v2\/comments?post=1330"}],"version-history":[{"count":0,"href":"https:\/\/www.balo.it\/en\/wp-json\/wp\/v2\/pages\/1330\/revisions"}],"wp:attachment":[{"href":"https:\/\/www.balo.it\/en\/wp-json\/wp\/v2\/media?parent=1330"}],"curies":[{"name":"wp","href":"https:\/\/api.w.org\/{rel}","templated":true}]}}