{"id":1331,"date":"2024-05-27T12:24:08","date_gmt":"2024-05-27T10:24:08","guid":{"rendered":"https:\/\/balo.k8s.pleiadiinternational.com\/?page_id=1331"},"modified":"2024-05-27T14:06:41","modified_gmt":"2024-05-27T12:06:41","slug":"bilancio-balo-2017","status":"publish","type":"page","link":"https:\/\/www.balo.it\/en\/bilancio-balo-2017\/","title":{"rendered":"Bal\u00f2 ODV accounts 2017"},"content":{"rendered":"<div data-elementor-type=\"wp-page\" data-elementor-id=\"1331\" class=\"elementor elementor-1331\" data-elementor-post-type=\"page\">\n\t\t\t\t<div class=\"elementor-element elementor-element-b1fe28e e-flex e-con-boxed e-con e-parent\" data-id=\"b1fe28e\" data-element_type=\"container\" data-settings=\"{&quot;background_background&quot;:&quot;classic&quot;}\">\n\t\t\t\t\t<div class=\"e-con-inner\">\n\t\t\t\t\t<\/div>\n\t\t\t\t<\/div>\n\t\t<div class=\"elementor-element elementor-element-6d672c8 e-flex e-con-boxed e-con e-parent\" data-id=\"6d672c8\" data-element_type=\"container\">\n\t\t\t\t\t<div class=\"e-con-inner\">\n\t\t<div class=\"elementor-element elementor-element-c093ada e-flex e-con-boxed e-con e-child\" data-id=\"c093ada\" data-element_type=\"container\">\n\t\t\t\t\t<div class=\"e-con-inner\">\n\t\t\t\t<div class=\"elementor-element elementor-element-8734885 elementor-widget elementor-widget-heading\" data-id=\"8734885\" data-element_type=\"widget\" data-widget_type=\"heading.default\">\n\t\t\t\t<div class=\"elementor-widget-container\">\n\t\t\t\t\t<h2 class=\"elementor-heading-title elementor-size-default\">BAL\u00d2 ODV income statements<\/h2>\t\t\t\t<\/div>\n\t\t\t\t<\/div>\n\t\t\t\t<div class=\"elementor-element elementor-element-c57ba30 elementor-widget elementor-widget-text-editor\" data-id=\"c57ba30\" data-element_type=\"widget\" data-widget_type=\"text-editor.default\">\n\t\t\t\t<div class=\"elementor-widget-container\">\n\t\t\t\t\t\t\t\t\t<p>Bank Balance January 1 \u20ac 30.069,13<br \/>Cash balance January 1 \u20ac 287,53<\/p><p><strong>Total funds \u20ac 30.356,66<\/strong><\/p>\t\t\t\t\t\t\t\t<\/div>\n\t\t\t\t<\/div>\n\t\t\t\t\t<\/div>\n\t\t\t\t<\/div>\n\t\t<div class=\"elementor-element elementor-element-d4cd952 e-flex e-con-boxed e-con e-child\" data-id=\"d4cd952\" data-element_type=\"container\">\n\t\t\t\t\t<div class=\"e-con-inner\">\n\t\t\t\t<div class=\"elementor-element elementor-element-c65287a elementor-widget elementor-widget-heading\" data-id=\"c65287a\" data-element_type=\"widget\" data-widget_type=\"heading.default\">\n\t\t\t\t<div class=\"elementor-widget-container\">\n\t\t\t\t\t<h2 class=\"elementor-heading-title elementor-size-default\">Income 2017<\/h2>\t\t\t\t<\/div>\n\t\t\t\t<\/div>\n\t\t\t\t<div class=\"elementor-element elementor-element-0df4523 elementor-widget elementor-widget-text-editor\" data-id=\"0df4523\" data-element_type=\"widget\" data-widget_type=\"text-editor.default\">\n\t\t\t\t<div class=\"elementor-widget-container\">\n\t\t\t\t\t\t\t\t\t<p class=\" translation-block\">\u2022 Events: \u20ac 11.400,00<br>\u2022 Donations: \u20ac 45.876,79<br>\u2022 Sponsorship: \u20ac 14.500,00<br>\u2022 Donations for Handworks: \u20ac 14.775,00<br>\u2022 Membership fees: \u20ac 1.150,00<br>\u2022 Tax back on donations 5\u00d71000: \u20ac 10.193,66<\/p><p><strong>Total income: \u20ac 97.895,45<\/strong><br \/><strong>Total cash in hand: \u20ac 128.252,11<\/strong><\/p>\t\t\t\t\t\t\t\t<\/div>\n\t\t\t\t<\/div>\n\t\t\t\t\t<\/div>\n\t\t\t\t<\/div>\n\t\t<div class=\"elementor-element elementor-element-ba215ae e-flex e-con-boxed e-con e-child\" data-id=\"ba215ae\" data-element_type=\"container\">\n\t\t\t\t\t<div class=\"e-con-inner\">\n\t\t\t\t<div class=\"elementor-element elementor-element-1a111d5 elementor-widget elementor-widget-heading\" data-id=\"1a111d5\" data-element_type=\"widget\" data-widget_type=\"heading.default\">\n\t\t\t\t<div class=\"elementor-widget-container\">\n\t\t\t\t\t<h2 class=\"elementor-heading-title elementor-size-default\">Expenditure 2017<\/h2>\t\t\t\t<\/div>\n\t\t\t\t<\/div>\n\t\t\t\t<div class=\"elementor-element elementor-element-17b5f96 elementor-widget elementor-widget-text-editor\" data-id=\"17b5f96\" data-element_type=\"widget\" data-widget_type=\"text-editor.default\">\n\t\t\t\t<div class=\"elementor-widget-container\">\n\t\t\t\t\t\t\t\t\t<p class=\" translation-block\">\u2022 School related projects: \u20ac 17.593,73<br>\u2022 Food and nutrition: \u20ac 15.903,28<br>\u2022 Wages: \u20ac 12.645,00<br>\u2022 Tailoring project and sewing school: \u20ac 5.405,04<br>\u2022 Refuge centre: \u20ac 2.725,00<br>\u2022 Health: \u20ac 2.791,49<br>\u2022 Temporary school work: \u20ac 1.718,00<br>\u2022 Sewing school: \u20ac 1.198,00<br>\u2022 Event costs: \u20ac 4.765,10<br>\u2022 Mission travel expenses: \u20ac 10.051,60<br>\u2022 Casa Bal\u00f2 maintenance: \u20ac 1.300,00<br>\u2022 Miscellaneous <em>(Dog. Sped. Banca, auditor)<\/em>: \u20ac 5.050,70<\/p><p><strong>Total expenditure: \u20ac 81.146,94<\/strong><\/p>\t\t\t\t\t\t\t\t<\/div>\n\t\t\t\t<\/div>\n\t\t\t\t\t<\/div>\n\t\t\t\t<\/div>\n\t\t<div class=\"elementor-element elementor-element-cc8b858 e-flex e-con-boxed e-con e-child\" data-id=\"cc8b858\" data-element_type=\"container\">\n\t\t\t\t\t<div class=\"e-con-inner\">\n\t\t\t\t<div class=\"elementor-element elementor-element-d86f780 elementor-widget elementor-widget-heading\" data-id=\"d86f780\" data-element_type=\"widget\" data-widget_type=\"heading.default\">\n\t\t\t\t<div class=\"elementor-widget-container\">\n\t\t\t\t\t<h2 class=\"elementor-heading-title elementor-size-default\">OPERATING SURPLUS<\/h2>\t\t\t\t<\/div>\n\t\t\t\t<\/div>\n\t\t\t\t<div class=\"elementor-element elementor-element-740aa6c elementor-widget elementor-widget-text-editor\" data-id=\"740aa6c\" data-element_type=\"widget\" data-widget_type=\"text-editor.default\">\n\t\t\t\t<div class=\"elementor-widget-container\">\n\t\t\t\t\t\t\t\t\t<p>\u2022 \u20ac 47.105,17<\/p>\t\t\t\t\t\t\t\t<\/div>\n\t\t\t\t<\/div>\n\t\t\t\t\t<\/div>\n\t\t\t\t<\/div>\n\t\t<div class=\"elementor-element elementor-element-807f1e5 e-flex e-con-boxed e-con e-child\" data-id=\"807f1e5\" data-element_type=\"container\">\n\t\t\t\t\t<div class=\"e-con-inner\">\n\t\t\t\t<div class=\"elementor-element elementor-element-ea7a863 elementor-widget elementor-widget-heading\" data-id=\"ea7a863\" data-element_type=\"widget\" data-widget_type=\"heading.default\">\n\t\t\t\t<div class=\"elementor-widget-container\">\n\t\t\t\t\t<h2 class=\"elementor-heading-title elementor-size-default\">TOTAL<\/h2>\t\t\t\t<\/div>\n\t\t\t\t<\/div>\n\t\t\t\t<div class=\"elementor-element elementor-element-2c42f88 elementor-widget elementor-widget-text-editor\" data-id=\"2c42f88\" data-element_type=\"widget\" data-widget_type=\"text-editor.default\">\n\t\t\t\t<div class=\"elementor-widget-container\">\n\t\t\t\t\t\t\t\t\t<div class=\"edgtf-content\"><div class=\"edgtf-content-inner\"><div class=\"edgtf-container\"><div class=\"edgtf-container-inner clearfix\"><p>\u2022 \u20ac 128.252,11<\/p><p>Bank balance December 31 dicembre 2017 \u20ac 47.013,11<br \/>Cash balance December 31 dicembre 2017 \u20ac 92,06<\/p><p><strong>Total funds<\/strong><br \/>\u2022 \u20ac 47.105,17<\/p><\/div><\/div><\/div><\/div>\t\t\t\t\t\t\t\t<\/div>\n\t\t\t\t<\/div>\n\t\t\t\t\t<\/div>\n\t\t\t\t<\/div>\n\t\t\t\t\t<\/div>\n\t\t\t\t<\/div>\n\t\t<div class=\"elementor-element elementor-element-5b8da1a e-flex e-con-boxed e-con e-child\" data-id=\"5b8da1a\" data-element_type=\"container\">\n\t\t\t\t\t<div class=\"e-con-inner\">\n\t\t\t\t<div class=\"elementor-element elementor-element-896080d elementor-widget elementor-widget-button\" data-id=\"896080d\" data-element_type=\"widget\" data-widget_type=\"button.default\">\n\t\t\t\t<div class=\"elementor-widget-container\">\n\t\t\t\t\t\t\t\t\t<div class=\"elementor-button-wrapper\">\n\t\t\t\t\t<a class=\"elementor-button elementor-button-link elementor-size-sm\" href=\"https:\/\/www.balo.it\/wp-content\/uploads\/2024\/05\/balo_bilanci_relazione-della-gestione-31-dicembre-2017-3.pdf\" target=\"_blank\">\n\t\t\t\t\t\t<span class=\"elementor-button-content-wrapper\">\n\t\t\t\t\t\t\t\t\t<span class=\"elementor-button-text\">Management report 2017<\/span>\n\t\t\t\t\t<\/span>\n\t\t\t\t\t<\/a>\n\t\t\t\t<\/div>\n\t\t\t\t\t\t\t\t<\/div>\n\t\t\t\t<\/div>\n\t\t\t\t\t<\/div>\n\t\t\t\t<\/div>\n\t\t\t\t<\/div>","protected":false},"excerpt":{"rendered":"<p>CONTO ECONOMICO BAL\u00d2 ODV Saldo banca 1 gennaio \u20ac 30.069,13Saldo cassa 1 gennaio \u20ac 287,53 Totale liquidit\u00e0 \u20ac 30.356,66 Entrate 2017 \u2022 Eventi: \u20ac 11.400,00\u2022 Donazioni liberali: \u20ac 45.876,79\u2022 Adozioni a distanza: \u20ac 14.500,00\u2022 Donazioni per manufatti: \u20ac 14.775,00\u2022 Quote associative: \u20ac 1.150,00\u2022 5xmille: \u20ac 10.193,66 Totale entrate: \u20ac 97.895,45Totale disponibilit\u00e0 \u20ac 128.252,11 Uscite 2017 [&hellip;]<\/p>","protected":false},"author":1,"featured_media":0,"parent":0,"menu_order":0,"comment_status":"closed","ping_status":"closed","template":"","meta":{"_acf_changed":false,"site-sidebar-layout":"no-sidebar","site-content-layout":"page-builder","ast-site-content-layout":"full-width-container","site-content-style":"default","site-sidebar-style":"default","ast-global-header-display":"","ast-banner-title-visibility":"","ast-main-header-display":"","ast-hfb-above-header-display":"","ast-hfb-below-header-display":"","ast-hfb-mobile-header-display":"","site-post-title":"disabled","ast-breadcrumbs-content":"","ast-featured-img":"disabled","footer-sml-layout":"","theme-transparent-header-meta":"","adv-header-id-meta":"","stick-header-meta":"","header-above-stick-meta":"","header-main-stick-meta":"","header-below-stick-meta":"","astra-migrate-meta-layouts":"set","ast-page-background-enabled":"default","ast-page-background-meta":{"desktop":{"background-color":"var(--ast-global-color-4)","background-image":"","background-repeat":"repeat","background-position":"center center","background-size":"auto","background-attachment":"scroll","background-type":"","background-media":"","overlay-type":"","overlay-color":"","overlay-opacity":"","overlay-gradient":""},"tablet":{"background-color":"","background-image":"","background-repeat":"repeat","background-position":"center center","background-size":"auto","background-attachment":"scroll","background-type":"","background-media":"","overlay-type":"","overlay-color":"","overlay-opacity":"","overlay-gradient":""},"mobile":{"background-color":"","background-image":"","background-repeat":"repeat","background-position":"center center","background-size":"auto","background-attachment":"scroll","background-type":"","background-media":"","overlay-type":"","overlay-color":"","overlay-opacity":"","overlay-gradient":""}},"ast-content-background-meta":{"desktop":{"background-color":"var(--ast-global-color-5)","background-image":"","background-repeat":"repeat","background-position":"center center","background-size":"auto","background-attachment":"scroll","background-type":"","background-media":"","overlay-type":"","overlay-color":"","overlay-opacity":"","overlay-gradient":""},"tablet":{"background-color":"var(--ast-global-color-5)","background-image":"","background-repeat":"repeat","background-position":"center center","background-size":"auto","background-attachment":"scroll","background-type":"","background-media":"","overlay-type":"","overlay-color":"","overlay-opacity":"","overlay-gradient":""},"mobile":{"background-color":"var(--ast-global-color-5)","background-image":"","background-repeat":"repeat","background-position":"center center","background-size":"auto","background-attachment":"scroll","background-type":"","background-media":"","overlay-type":"","overlay-color":"","overlay-opacity":"","overlay-gradient":""}},"footnotes":""},"class_list":["post-1331","page","type-page","status-publish","hentry"],"acf":[],"yoast_head":"<!-- This site is optimized with the Yoast SEO plugin v25.6 - https:\/\/yoast.com\/wordpress\/plugins\/seo\/ -->\n<title>Bilancio Bal\u00f2 2017 - Bal\u00f2<\/title>\n<meta name=\"robots\" content=\"index, follow, max-snippet:-1, max-image-preview:large, max-video-preview:-1\" \/>\n<link rel=\"canonical\" href=\"https:\/\/www.balo.it\/en\/bilancio-balo-2017\/\" \/>\n<meta property=\"og:locale\" content=\"en_GB\" \/>\n<meta property=\"og:type\" content=\"article\" \/>\n<meta property=\"og:title\" content=\"Bilancio Bal\u00f2 2017 - Bal\u00f2\" \/>\n<meta property=\"og:description\" content=\"CONTO ECONOMICO BAL\u00d2 ODV Saldo banca 1 gennaio \u20ac 30.069,13Saldo cassa 1 gennaio \u20ac 287,53 Totale liquidit\u00e0 \u20ac 30.356,66 Entrate 2017 \u2022 Eventi: \u20ac 11.400,00\u2022 Donazioni liberali: \u20ac 45.876,79\u2022 Adozioni a distanza: \u20ac 14.500,00\u2022 Donazioni per manufatti: \u20ac 14.775,00\u2022 Quote associative: \u20ac 1.150,00\u2022 5xmille: \u20ac 10.193,66 Totale entrate: \u20ac 97.895,45Totale disponibilit\u00e0 \u20ac 128.252,11 Uscite 2017 [&hellip;]\" \/>\n<meta property=\"og:url\" content=\"https:\/\/www.balo.it\/en\/bilancio-balo-2017\/\" \/>\n<meta property=\"og:site_name\" content=\"Bal\u00f2\" \/>\n<meta property=\"article:modified_time\" content=\"2024-05-27T12:06:41+00:00\" \/>\n<meta name=\"twitter:card\" content=\"summary_large_image\" \/>\n<meta name=\"twitter:label1\" content=\"Estimated reading time\" \/>\n\t<meta name=\"twitter:data1\" content=\"1 minute\" \/>\n<script type=\"application\/ld+json\" class=\"yoast-schema-graph\">{\"@context\":\"https:\/\/schema.org\",\"@graph\":[{\"@type\":\"WebPage\",\"@id\":\"https:\/\/www.balo.it\/bilancio-balo-2017\/\",\"url\":\"https:\/\/www.balo.it\/bilancio-balo-2017\/\",\"name\":\"Bilancio Bal\u00f2 2017 - Bal\u00f2\",\"isPartOf\":{\"@id\":\"https:\/\/www.balo.it\/#website\"},\"datePublished\":\"2024-05-27T10:24:08+00:00\",\"dateModified\":\"2024-05-27T12:06:41+00:00\",\"breadcrumb\":{\"@id\":\"https:\/\/www.balo.it\/bilancio-balo-2017\/#breadcrumb\"},\"inLanguage\":\"en-GB\",\"potentialAction\":[{\"@type\":\"ReadAction\",\"target\":[\"https:\/\/www.balo.it\/bilancio-balo-2017\/\"]}]},{\"@type\":\"BreadcrumbList\",\"@id\":\"https:\/\/www.balo.it\/bilancio-balo-2017\/#breadcrumb\",\"itemListElement\":[{\"@type\":\"ListItem\",\"position\":1,\"name\":\"Home\",\"item\":\"https:\/\/www.balo.it\/\"},{\"@type\":\"ListItem\",\"position\":2,\"name\":\"Bilancio Bal\u00f2 2017\"}]},{\"@type\":\"WebSite\",\"@id\":\"https:\/\/www.balo.it\/#website\",\"url\":\"https:\/\/www.balo.it\/\",\"name\":\"Bal\u00f2\",\"description\":\"\",\"publisher\":{\"@id\":\"https:\/\/www.balo.it\/#organization\"},\"potentialAction\":[{\"@type\":\"SearchAction\",\"target\":{\"@type\":\"EntryPoint\",\"urlTemplate\":\"https:\/\/www.balo.it\/?s={search_term_string}\"},\"query-input\":{\"@type\":\"PropertyValueSpecification\",\"valueRequired\":true,\"valueName\":\"search_term_string\"}}],\"inLanguage\":\"en-GB\"},{\"@type\":\"Organization\",\"@id\":\"https:\/\/www.balo.it\/#organization\",\"name\":\"Bal\u00f2\",\"url\":\"https:\/\/www.balo.it\/\",\"logo\":{\"@type\":\"ImageObject\",\"inLanguage\":\"en-GB\",\"@id\":\"https:\/\/www.balo.it\/#\/schema\/logo\/image\/\",\"url\":\"https:\/\/www.balo.it\/wp-content\/uploads\/2024\/05\/Balo_odv_bollino.png\",\"contentUrl\":\"https:\/\/www.balo.it\/wp-content\/uploads\/2024\/05\/Balo_odv_bollino.png\",\"width\":1922,\"height\":1921,\"caption\":\"Bal\u00f2\"},\"image\":{\"@id\":\"https:\/\/www.balo.it\/#\/schema\/logo\/image\/\"}}]}<\/script>\n<!-- \/ Yoast SEO plugin. -->","yoast_head_json":{"title":"Bilancio Bal\u00f2 2017 - Bal\u00f2","robots":{"index":"index","follow":"follow","max-snippet":"max-snippet:-1","max-image-preview":"max-image-preview:large","max-video-preview":"max-video-preview:-1"},"canonical":"https:\/\/www.balo.it\/en\/bilancio-balo-2017\/","og_locale":"en_GB","og_type":"article","og_title":"Bilancio Bal\u00f2 2017 - Bal\u00f2","og_description":"CONTO ECONOMICO BAL\u00d2 ODV Saldo banca 1 gennaio \u20ac 30.069,13Saldo cassa 1 gennaio \u20ac 287,53 Totale liquidit\u00e0 \u20ac 30.356,66 Entrate 2017 \u2022 Eventi: \u20ac 11.400,00\u2022 Donazioni liberali: \u20ac 45.876,79\u2022 Adozioni a distanza: \u20ac 14.500,00\u2022 Donazioni per manufatti: \u20ac 14.775,00\u2022 Quote associative: \u20ac 1.150,00\u2022 5xmille: \u20ac 10.193,66 Totale entrate: \u20ac 97.895,45Totale disponibilit\u00e0 \u20ac 128.252,11 Uscite 2017 [&hellip;]","og_url":"https:\/\/www.balo.it\/en\/bilancio-balo-2017\/","og_site_name":"Bal\u00f2","article_modified_time":"2024-05-27T12:06:41+00:00","twitter_card":"summary_large_image","twitter_misc":{"Estimated reading time":"1 minute"},"schema":{"@context":"https:\/\/schema.org","@graph":[{"@type":"WebPage","@id":"https:\/\/www.balo.it\/bilancio-balo-2017\/","url":"https:\/\/www.balo.it\/bilancio-balo-2017\/","name":"Bilancio Bal\u00f2 2017 - Bal\u00f2","isPartOf":{"@id":"https:\/\/www.balo.it\/#website"},"datePublished":"2024-05-27T10:24:08+00:00","dateModified":"2024-05-27T12:06:41+00:00","breadcrumb":{"@id":"https:\/\/www.balo.it\/bilancio-balo-2017\/#breadcrumb"},"inLanguage":"en-GB","potentialAction":[{"@type":"ReadAction","target":["https:\/\/www.balo.it\/bilancio-balo-2017\/"]}]},{"@type":"BreadcrumbList","@id":"https:\/\/www.balo.it\/bilancio-balo-2017\/#breadcrumb","itemListElement":[{"@type":"ListItem","position":1,"name":"Home","item":"https:\/\/www.balo.it\/"},{"@type":"ListItem","position":2,"name":"Bilancio Bal\u00f2 2017"}]},{"@type":"WebSite","@id":"https:\/\/www.balo.it\/#website","url":"https:\/\/www.balo.it\/","name":"Bal\u00f2","description":"","publisher":{"@id":"https:\/\/www.balo.it\/#organization"},"potentialAction":[{"@type":"SearchAction","target":{"@type":"EntryPoint","urlTemplate":"https:\/\/www.balo.it\/?s={search_term_string}"},"query-input":{"@type":"PropertyValueSpecification","valueRequired":true,"valueName":"search_term_string"}}],"inLanguage":"en-GB"},{"@type":"Organization","@id":"https:\/\/www.balo.it\/#organization","name":"Bal\u00f2","url":"https:\/\/www.balo.it\/","logo":{"@type":"ImageObject","inLanguage":"en-GB","@id":"https:\/\/www.balo.it\/#\/schema\/logo\/image\/","url":"https:\/\/www.balo.it\/wp-content\/uploads\/2024\/05\/Balo_odv_bollino.png","contentUrl":"https:\/\/www.balo.it\/wp-content\/uploads\/2024\/05\/Balo_odv_bollino.png","width":1922,"height":1921,"caption":"Bal\u00f2"},"image":{"@id":"https:\/\/www.balo.it\/#\/schema\/logo\/image\/"}}]}},"_links":{"self":[{"href":"https:\/\/www.balo.it\/en\/wp-json\/wp\/v2\/pages\/1331","targetHints":{"allow":["GET"]}}],"collection":[{"href":"https:\/\/www.balo.it\/en\/wp-json\/wp\/v2\/pages"}],"about":[{"href":"https:\/\/www.balo.it\/en\/wp-json\/wp\/v2\/types\/page"}],"author":[{"embeddable":true,"href":"https:\/\/www.balo.it\/en\/wp-json\/wp\/v2\/users\/1"}],"replies":[{"embeddable":true,"href":"https:\/\/www.balo.it\/en\/wp-json\/wp\/v2\/comments?post=1331"}],"version-history":[{"count":0,"href":"https:\/\/www.balo.it\/en\/wp-json\/wp\/v2\/pages\/1331\/revisions"}],"wp:attachment":[{"href":"https:\/\/www.balo.it\/en\/wp-json\/wp\/v2\/media?parent=1331"}],"curies":[{"name":"wp","href":"https:\/\/api.w.org\/{rel}","templated":true}]}}