{"id":1336,"date":"2024-05-27T12:24:51","date_gmt":"2024-05-27T10:24:51","guid":{"rendered":"https:\/\/balo.k8s.pleiadiinternational.com\/?page_id=1336"},"modified":"2024-05-27T12:47:27","modified_gmt":"2024-05-27T10:47:27","slug":"bilancio-balo-2015","status":"publish","type":"page","link":"https:\/\/www.balo.it\/en\/bilancio-balo-2015\/","title":{"rendered":"Bal\u00f2 ODV accounts 1015"},"content":{"rendered":"<div data-elementor-type=\"wp-page\" data-elementor-id=\"1336\" class=\"elementor elementor-1336\" data-elementor-post-type=\"page\">\n\t\t\t\t<div class=\"elementor-element elementor-element-f45a0ef e-flex e-con-boxed e-con e-parent\" data-id=\"f45a0ef\" data-element_type=\"container\" data-settings=\"{&quot;background_background&quot;:&quot;classic&quot;}\">\n\t\t\t\t\t<div class=\"e-con-inner\">\n\t\t\t\t\t<\/div>\n\t\t\t\t<\/div>\n\t\t<div class=\"elementor-element elementor-element-ad5d247 e-flex e-con-boxed e-con e-parent\" data-id=\"ad5d247\" data-element_type=\"container\">\n\t\t\t\t\t<div class=\"e-con-inner\">\n\t\t<div class=\"elementor-element elementor-element-48d4a96 e-flex e-con-boxed e-con e-child\" data-id=\"48d4a96\" data-element_type=\"container\">\n\t\t\t\t\t<div class=\"e-con-inner\">\n\t\t\t\t<div class=\"elementor-element elementor-element-7839a53 elementor-widget elementor-widget-heading\" data-id=\"7839a53\" data-element_type=\"widget\" data-widget_type=\"heading.default\">\n\t\t\t\t<div class=\"elementor-widget-container\">\n\t\t\t\t\t<h2 class=\"elementor-heading-title elementor-size-default\">BAL\u00d2 ODV income statements<\/h2>\t\t\t\t<\/div>\n\t\t\t\t<\/div>\n\t\t\t\t\t<\/div>\n\t\t\t\t<\/div>\n\t\t<div class=\"elementor-element elementor-element-b4c9b10 e-flex e-con-boxed e-con e-child\" data-id=\"b4c9b10\" data-element_type=\"container\">\n\t\t\t\t\t<div class=\"e-con-inner\">\n\t\t\t\t<div class=\"elementor-element elementor-element-ccb5620 elementor-widget elementor-widget-heading\" data-id=\"ccb5620\" data-element_type=\"widget\" data-widget_type=\"heading.default\">\n\t\t\t\t<div class=\"elementor-widget-container\">\n\t\t\t\t\t<h2 class=\"elementor-heading-title elementor-size-default\">Income 2015<\/h2>\t\t\t\t<\/div>\n\t\t\t\t<\/div>\n\t\t\t\t<div class=\"elementor-element elementor-element-c620f77 elementor-widget elementor-widget-text-editor\" data-id=\"c620f77\" data-element_type=\"widget\" data-widget_type=\"text-editor.default\">\n\t\t\t\t<div class=\"elementor-widget-container\">\n\t\t\t\t\t\t\t\t\t<p class=\" translation-block\">\u2022 Fundraising events: \u20ac 13,275.00<br>\u2022 Charitable donations: \u20ac 29,970.51<br>\u2022 Sponsorships: \u20ac 9,850.00<br>\u2022 Donations for tailoring handmade items: \u20ac 12,350.00<br>\u2022 Membership fees: \u20ac 240.00<br>\u2022 5xmille: \u20ac 3,901.55<\/p><p><strong>Total income: \u20ac 69.584,75<br \/><\/strong>Total cash in hands: \u20ac 47.997,69<\/p>\t\t\t\t\t\t\t\t<\/div>\n\t\t\t\t<\/div>\n\t\t\t\t\t<\/div>\n\t\t\t\t<\/div>\n\t\t<div class=\"elementor-element elementor-element-9f66472 e-flex e-con-boxed e-con e-child\" data-id=\"9f66472\" data-element_type=\"container\">\n\t\t\t\t\t<div class=\"e-con-inner\">\n\t\t\t\t<div class=\"elementor-element elementor-element-91ca2f9 elementor-widget elementor-widget-heading\" data-id=\"91ca2f9\" data-element_type=\"widget\" data-widget_type=\"heading.default\">\n\t\t\t\t<div class=\"elementor-widget-container\">\n\t\t\t\t\t<h2 class=\"elementor-heading-title elementor-size-default\">Expenditures 2015<\/h2>\t\t\t\t<\/div>\n\t\t\t\t<\/div>\n\t\t\t\t<div class=\"elementor-element elementor-element-33b6bc7 elementor-widget elementor-widget-text-editor\" data-id=\"33b6bc7\" data-element_type=\"widget\" data-widget_type=\"text-editor.default\">\n\t\t\t\t<div class=\"elementor-widget-container\">\n\t\t\t\t\t\t\t\t\t<p class=\" translation-block\">\u2022 School and kindergarten: \u20ac 21,631.76<br>\u2022 Canteen: \u20ac 10,031.50<br>\u2022 Family food support: \u20ac 3,427.10<br>\u2022 Healthcare expenses: \u20ac 2,222.31<br>\u2022 Day center: \u20ac 5,751.87<br>\u2022 Tailoring: \u20ac 3,688.87<br>\u2022 Event expenses and Bal\u00f2 India registration: \u20ac 3,627.88<br>\u2022 Casa Bal\u00f2 management: \u20ac 1,631.69<br>\u2022 Down payment for new school: \u20ac 30,000.00<br>\u2022 Nepal earthquake relief project: \u20ac 2,410.00<br>\u2022 Event expenses and Bal\u00f2 India registration: \u20ac 4,446.50<br>\u2022 Various charges: \u20ac 2,731.93<br>\u2022 Travel expenses: \u20ac 4,702.61<\/p><p><strong>Total expenditures: \u20ac 92.676,32<\/strong><\/p>\t\t\t\t\t\t\t\t<\/div>\n\t\t\t\t<\/div>\n\t\t\t\t\t<\/div>\n\t\t\t\t<\/div>\n\t\t<div class=\"elementor-element elementor-element-452043c e-flex e-con-boxed e-con e-child\" data-id=\"452043c\" data-element_type=\"container\">\n\t\t\t\t\t<div class=\"e-con-inner\">\n\t\t\t\t<div class=\"elementor-element elementor-element-bb3de59 elementor-widget elementor-widget-heading\" data-id=\"bb3de59\" data-element_type=\"widget\" data-widget_type=\"heading.default\">\n\t\t\t\t<div class=\"elementor-widget-container\">\n\t\t\t\t\t<h2 class=\"elementor-heading-title elementor-size-default\">Operating surplus 2015<\/h2>\t\t\t\t<\/div>\n\t\t\t\t<\/div>\n\t\t\t\t<div class=\"elementor-element elementor-element-95aa58d elementor-widget elementor-widget-text-editor\" data-id=\"95aa58d\" data-element_type=\"widget\" data-widget_type=\"text-editor.default\">\n\t\t\t\t<div class=\"elementor-widget-container\">\n\t\t\t\t\t\t\t\t\t<p>\u2022 \u20ac 24.908,43<\/p>\t\t\t\t\t\t\t\t<\/div>\n\t\t\t\t<\/div>\n\t\t\t\t\t<\/div>\n\t\t\t\t<\/div>\n\t\t<div class=\"elementor-element elementor-element-89d3494 e-flex e-con-boxed e-con e-child\" data-id=\"89d3494\" data-element_type=\"container\">\n\t\t\t\t\t<div class=\"e-con-inner\">\n\t\t\t\t<div class=\"elementor-element elementor-element-cff3b5a elementor-widget elementor-widget-heading\" data-id=\"cff3b5a\" data-element_type=\"widget\" data-widget_type=\"heading.default\">\n\t\t\t\t<div class=\"elementor-widget-container\">\n\t\t\t\t\t<h2 class=\"elementor-heading-title elementor-size-default\">TOTAL<\/h2>\t\t\t\t<\/div>\n\t\t\t\t<\/div>\n\t\t\t\t<div class=\"elementor-element elementor-element-1ea6d2b elementor-widget elementor-widget-text-editor\" data-id=\"1ea6d2b\" data-element_type=\"widget\" data-widget_type=\"text-editor.default\">\n\t\t\t\t<div class=\"elementor-widget-container\">\n\t\t\t\t\t\t\t\t\t<div class=\"edgtf-content\"><div class=\"edgtf-content-inner\"><div class=\"edgtf-container\"><div class=\"edgtf-container-inner clearfix\"><div class=\"edgtf-content\"><div class=\"edgtf-content-inner\"><div class=\"edgtf-container\"><div class=\"edgtf-container-inner clearfix\"><div class=\"vc_row wpb_row vc_row-fluid edgtf-section edgtf-content-aligment-left\"><div class=\"clearfix edgtf-full-section-inner\"><div class=\"wpb_column vc_column_container vc_col-sm-12\"><div class=\"vc_column-inner\"><div class=\"wpb_wrapper\"><div class=\"wpb_text_column wpb_content_element\"><div class=\"wpb_wrapper\"><p>\u2022 \u20ac 117.584,75<\/p><\/div><\/div><\/div><\/div><\/div><\/div><\/div><\/div><\/div><\/div><\/div><footer><div class=\"edgtf-footer-inner clearfix\"><div class=\"edgtf-footer-top-holder\"><div class=\"edgtf-footer-top\"><div class=\"edgtf-container\"><div class=\"edgtf-container-inner\"><div class=\"edgtf-four-columns clearfix\"><div class=\"edgtf-four-columns-inner\"><div class=\"edgtf-column\"><div class=\"edgtf-column-inner\"><div id=\"text-4\" class=\"widget edgtf-footer-column-1 widget_text\">\u00a0<\/div><\/div><\/div><\/div><\/div><\/div><\/div><\/div><\/div><\/div><\/footer><\/div><\/div><\/div><\/div>\t\t\t\t\t\t\t\t<\/div>\n\t\t\t\t<\/div>\n\t\t\t\t\t<\/div>\n\t\t\t\t<\/div>\n\t\t\t\t\t<\/div>\n\t\t\t\t<\/div>\n\t\t\t\t<\/div>","protected":false},"excerpt":{"rendered":"<p>CONTO ECONOMICO BAL\u00d2 ODV Entrate 2015 \u2022 Eventi raccolta fondi: \u20ac 13.275,00\u2022 Donazioni liberali: \u20ac 29.970,51\u2022 Adozioni a distanza: \u20ac 9.850,00\u2022 Donazioni per manufatti sartoria: \u20ac 12.350,00\u2022 Quote associative: \u20ac 240,00\u2022 5xmille: \u20ac 3.901,55 Totale entrate: \u20ac 69.584,75Saldo gestione precedente \u20ac 47.997,69 Uscite 2015 \u2022 Scuola e asilo: \u20ac 21.631,76\u2022 Mensa: \u20ac 10.031,50\u2022 Sostegno alimentare [&hellip;]<\/p>","protected":false},"author":1,"featured_media":0,"parent":0,"menu_order":0,"comment_status":"closed","ping_status":"closed","template":"","meta":{"_acf_changed":false,"site-sidebar-layout":"no-sidebar","site-content-layout":"page-builder","ast-site-content-layout":"full-width-container","site-content-style":"default","site-sidebar-style":"default","ast-global-header-display":"","ast-banner-title-visibility":"","ast-main-header-display":"","ast-hfb-above-header-display":"","ast-hfb-below-header-display":"","ast-hfb-mobile-header-display":"","site-post-title":"disabled","ast-breadcrumbs-content":"","ast-featured-img":"disabled","footer-sml-layout":"","theme-transparent-header-meta":"","adv-header-id-meta":"","stick-header-meta":"","header-above-stick-meta":"","header-main-stick-meta":"","header-below-stick-meta":"","astra-migrate-meta-layouts":"set","ast-page-background-enabled":"default","ast-page-background-meta":{"desktop":{"background-color":"var(--ast-global-color-4)","background-image":"","background-repeat":"repeat","background-position":"center center","background-size":"auto","background-attachment":"scroll","background-type":"","background-media":"","overlay-type":"","overlay-color":"","overlay-opacity":"","overlay-gradient":""},"tablet":{"background-color":"","background-image":"","background-repeat":"repeat","background-position":"center center","background-size":"auto","background-attachment":"scroll","background-type":"","background-media":"","overlay-type":"","overlay-color":"","overlay-opacity":"","overlay-gradient":""},"mobile":{"background-color":"","background-image":"","background-repeat":"repeat","background-position":"center center","background-size":"auto","background-attachment":"scroll","background-type":"","background-media":"","overlay-type":"","overlay-color":"","overlay-opacity":"","overlay-gradient":""}},"ast-content-background-meta":{"desktop":{"background-color":"var(--ast-global-color-5)","background-image":"","background-repeat":"repeat","background-position":"center center","background-size":"auto","background-attachment":"scroll","background-type":"","background-media":"","overlay-type":"","overlay-color":"","overlay-opacity":"","overlay-gradient":""},"tablet":{"background-color":"var(--ast-global-color-5)","background-image":"","background-repeat":"repeat","background-position":"center center","background-size":"auto","background-attachment":"scroll","background-type":"","background-media":"","overlay-type":"","overlay-color":"","overlay-opacity":"","overlay-gradient":""},"mobile":{"background-color":"var(--ast-global-color-5)","background-image":"","background-repeat":"repeat","background-position":"center center","background-size":"auto","background-attachment":"scroll","background-type":"","background-media":"","overlay-type":"","overlay-color":"","overlay-opacity":"","overlay-gradient":""}},"footnotes":""},"class_list":["post-1336","page","type-page","status-publish","hentry"],"acf":[],"yoast_head":"<!-- This site is optimized with the Yoast SEO plugin v25.6 - https:\/\/yoast.com\/wordpress\/plugins\/seo\/ -->\n<title>Bilancio Bal\u00f2 2015 - Bal\u00f2<\/title>\n<meta name=\"robots\" content=\"index, follow, max-snippet:-1, max-image-preview:large, max-video-preview:-1\" \/>\n<link rel=\"canonical\" href=\"https:\/\/www.balo.it\/en\/bilancio-balo-2015\/\" \/>\n<meta property=\"og:locale\" content=\"en_GB\" \/>\n<meta property=\"og:type\" content=\"article\" \/>\n<meta property=\"og:title\" content=\"Bilancio Bal\u00f2 2015 - Bal\u00f2\" \/>\n<meta property=\"og:description\" content=\"CONTO ECONOMICO BAL\u00d2 ODV Entrate 2015 \u2022 Eventi raccolta fondi: \u20ac 13.275,00\u2022 Donazioni liberali: \u20ac 29.970,51\u2022 Adozioni a distanza: \u20ac 9.850,00\u2022 Donazioni per manufatti sartoria: \u20ac 12.350,00\u2022 Quote associative: \u20ac 240,00\u2022 5xmille: \u20ac 3.901,55 Totale entrate: \u20ac 69.584,75Saldo gestione precedente \u20ac 47.997,69 Uscite 2015 \u2022 Scuola e asilo: \u20ac 21.631,76\u2022 Mensa: \u20ac 10.031,50\u2022 Sostegno alimentare [&hellip;]\" \/>\n<meta property=\"og:url\" content=\"https:\/\/www.balo.it\/en\/bilancio-balo-2015\/\" \/>\n<meta property=\"og:site_name\" content=\"Bal\u00f2\" \/>\n<meta property=\"article:modified_time\" content=\"2024-05-27T10:47:27+00:00\" \/>\n<meta name=\"twitter:card\" content=\"summary_large_image\" \/>\n<meta name=\"twitter:label1\" content=\"Estimated reading time\" \/>\n\t<meta name=\"twitter:data1\" content=\"1 minute\" \/>\n<script type=\"application\/ld+json\" class=\"yoast-schema-graph\">{\"@context\":\"https:\/\/schema.org\",\"@graph\":[{\"@type\":\"WebPage\",\"@id\":\"https:\/\/www.balo.it\/bilancio-balo-2015\/\",\"url\":\"https:\/\/www.balo.it\/bilancio-balo-2015\/\",\"name\":\"Bilancio Bal\u00f2 2015 - Bal\u00f2\",\"isPartOf\":{\"@id\":\"https:\/\/www.balo.it\/#website\"},\"datePublished\":\"2024-05-27T10:24:51+00:00\",\"dateModified\":\"2024-05-27T10:47:27+00:00\",\"breadcrumb\":{\"@id\":\"https:\/\/www.balo.it\/bilancio-balo-2015\/#breadcrumb\"},\"inLanguage\":\"en-GB\",\"potentialAction\":[{\"@type\":\"ReadAction\",\"target\":[\"https:\/\/www.balo.it\/bilancio-balo-2015\/\"]}]},{\"@type\":\"BreadcrumbList\",\"@id\":\"https:\/\/www.balo.it\/bilancio-balo-2015\/#breadcrumb\",\"itemListElement\":[{\"@type\":\"ListItem\",\"position\":1,\"name\":\"Home\",\"item\":\"https:\/\/www.balo.it\/\"},{\"@type\":\"ListItem\",\"position\":2,\"name\":\"Bilancio Bal\u00f2 2015\"}]},{\"@type\":\"WebSite\",\"@id\":\"https:\/\/www.balo.it\/#website\",\"url\":\"https:\/\/www.balo.it\/\",\"name\":\"Bal\u00f2\",\"description\":\"\",\"publisher\":{\"@id\":\"https:\/\/www.balo.it\/#organization\"},\"potentialAction\":[{\"@type\":\"SearchAction\",\"target\":{\"@type\":\"EntryPoint\",\"urlTemplate\":\"https:\/\/www.balo.it\/?s={search_term_string}\"},\"query-input\":{\"@type\":\"PropertyValueSpecification\",\"valueRequired\":true,\"valueName\":\"search_term_string\"}}],\"inLanguage\":\"en-GB\"},{\"@type\":\"Organization\",\"@id\":\"https:\/\/www.balo.it\/#organization\",\"name\":\"Bal\u00f2\",\"url\":\"https:\/\/www.balo.it\/\",\"logo\":{\"@type\":\"ImageObject\",\"inLanguage\":\"en-GB\",\"@id\":\"https:\/\/www.balo.it\/#\/schema\/logo\/image\/\",\"url\":\"https:\/\/www.balo.it\/wp-content\/uploads\/2024\/05\/Balo_odv_bollino.png\",\"contentUrl\":\"https:\/\/www.balo.it\/wp-content\/uploads\/2024\/05\/Balo_odv_bollino.png\",\"width\":1922,\"height\":1921,\"caption\":\"Bal\u00f2\"},\"image\":{\"@id\":\"https:\/\/www.balo.it\/#\/schema\/logo\/image\/\"}}]}<\/script>\n<!-- \/ Yoast SEO plugin. -->","yoast_head_json":{"title":"Bilancio Bal\u00f2 2015 - Bal\u00f2","robots":{"index":"index","follow":"follow","max-snippet":"max-snippet:-1","max-image-preview":"max-image-preview:large","max-video-preview":"max-video-preview:-1"},"canonical":"https:\/\/www.balo.it\/en\/bilancio-balo-2015\/","og_locale":"en_GB","og_type":"article","og_title":"Bilancio Bal\u00f2 2015 - Bal\u00f2","og_description":"CONTO ECONOMICO BAL\u00d2 ODV Entrate 2015 \u2022 Eventi raccolta fondi: \u20ac 13.275,00\u2022 Donazioni liberali: \u20ac 29.970,51\u2022 Adozioni a distanza: \u20ac 9.850,00\u2022 Donazioni per manufatti sartoria: \u20ac 12.350,00\u2022 Quote associative: \u20ac 240,00\u2022 5xmille: \u20ac 3.901,55 Totale entrate: \u20ac 69.584,75Saldo gestione precedente \u20ac 47.997,69 Uscite 2015 \u2022 Scuola e asilo: \u20ac 21.631,76\u2022 Mensa: \u20ac 10.031,50\u2022 Sostegno alimentare [&hellip;]","og_url":"https:\/\/www.balo.it\/en\/bilancio-balo-2015\/","og_site_name":"Bal\u00f2","article_modified_time":"2024-05-27T10:47:27+00:00","twitter_card":"summary_large_image","twitter_misc":{"Estimated reading time":"1 minute"},"schema":{"@context":"https:\/\/schema.org","@graph":[{"@type":"WebPage","@id":"https:\/\/www.balo.it\/bilancio-balo-2015\/","url":"https:\/\/www.balo.it\/bilancio-balo-2015\/","name":"Bilancio Bal\u00f2 2015 - Bal\u00f2","isPartOf":{"@id":"https:\/\/www.balo.it\/#website"},"datePublished":"2024-05-27T10:24:51+00:00","dateModified":"2024-05-27T10:47:27+00:00","breadcrumb":{"@id":"https:\/\/www.balo.it\/bilancio-balo-2015\/#breadcrumb"},"inLanguage":"en-GB","potentialAction":[{"@type":"ReadAction","target":["https:\/\/www.balo.it\/bilancio-balo-2015\/"]}]},{"@type":"BreadcrumbList","@id":"https:\/\/www.balo.it\/bilancio-balo-2015\/#breadcrumb","itemListElement":[{"@type":"ListItem","position":1,"name":"Home","item":"https:\/\/www.balo.it\/"},{"@type":"ListItem","position":2,"name":"Bilancio Bal\u00f2 2015"}]},{"@type":"WebSite","@id":"https:\/\/www.balo.it\/#website","url":"https:\/\/www.balo.it\/","name":"Bal\u00f2","description":"","publisher":{"@id":"https:\/\/www.balo.it\/#organization"},"potentialAction":[{"@type":"SearchAction","target":{"@type":"EntryPoint","urlTemplate":"https:\/\/www.balo.it\/?s={search_term_string}"},"query-input":{"@type":"PropertyValueSpecification","valueRequired":true,"valueName":"search_term_string"}}],"inLanguage":"en-GB"},{"@type":"Organization","@id":"https:\/\/www.balo.it\/#organization","name":"Bal\u00f2","url":"https:\/\/www.balo.it\/","logo":{"@type":"ImageObject","inLanguage":"en-GB","@id":"https:\/\/www.balo.it\/#\/schema\/logo\/image\/","url":"https:\/\/www.balo.it\/wp-content\/uploads\/2024\/05\/Balo_odv_bollino.png","contentUrl":"https:\/\/www.balo.it\/wp-content\/uploads\/2024\/05\/Balo_odv_bollino.png","width":1922,"height":1921,"caption":"Bal\u00f2"},"image":{"@id":"https:\/\/www.balo.it\/#\/schema\/logo\/image\/"}}]}},"_links":{"self":[{"href":"https:\/\/www.balo.it\/en\/wp-json\/wp\/v2\/pages\/1336","targetHints":{"allow":["GET"]}}],"collection":[{"href":"https:\/\/www.balo.it\/en\/wp-json\/wp\/v2\/pages"}],"about":[{"href":"https:\/\/www.balo.it\/en\/wp-json\/wp\/v2\/types\/page"}],"author":[{"embeddable":true,"href":"https:\/\/www.balo.it\/en\/wp-json\/wp\/v2\/users\/1"}],"replies":[{"embeddable":true,"href":"https:\/\/www.balo.it\/en\/wp-json\/wp\/v2\/comments?post=1336"}],"version-history":[{"count":0,"href":"https:\/\/www.balo.it\/en\/wp-json\/wp\/v2\/pages\/1336\/revisions"}],"wp:attachment":[{"href":"https:\/\/www.balo.it\/en\/wp-json\/wp\/v2\/media?parent=1336"}],"curies":[{"name":"wp","href":"https:\/\/api.w.org\/{rel}","templated":true}]}}