{"id":14,"date":"2024-05-13T10:37:31","date_gmt":"2024-05-13T08:37:31","guid":{"rendered":"https:\/\/balo.k8s.pleiadiinternational.com\/?page_id=14"},"modified":"2025-08-04T10:57:30","modified_gmt":"2025-08-04T08:57:30","slug":"i-bilanci-di-balo","status":"publish","type":"page","link":"https:\/\/www.balo.it\/en\/i-bilanci-di-balo\/","title":{"rendered":"Bal\u00f2 accounts"},"content":{"rendered":"<div data-elementor-type=\"wp-page\" data-elementor-id=\"14\" class=\"elementor elementor-14\" data-elementor-post-type=\"page\">\n\t\t\t\t<div class=\"elementor-element elementor-element-33669742 e-flex e-con-boxed e-con e-parent\" data-id=\"33669742\" data-element_type=\"container\" data-settings=\"{&quot;background_background&quot;:&quot;classic&quot;}\">\n\t\t\t\t\t<div class=\"e-con-inner\">\n\t\t\t\t<div class=\"elementor-element elementor-element-b8c9f89 elementor-widget elementor-widget-heading\" data-id=\"b8c9f89\" data-element_type=\"widget\" data-widget_type=\"heading.default\">\n\t\t\t\t<div class=\"elementor-widget-container\">\n\t\t\t\t\t<h2 class=\"elementor-heading-title elementor-size-default\">Clarity and transparency are the basis of our work.<\/h2>\t\t\t\t<\/div>\n\t\t\t\t<\/div>\n\t\t\t\t\t<\/div>\n\t\t\t\t<\/div>\n\t\t<div class=\"elementor-element elementor-element-1dd0d1b3 e-flex e-con-boxed e-con e-parent\" data-id=\"1dd0d1b3\" data-element_type=\"container\" data-settings=\"{&quot;background_background&quot;:&quot;classic&quot;}\">\n\t\t\t\t\t<div class=\"e-con-inner\">\n\t\t<div class=\"elementor-element elementor-element-2ecabc1 elementor-hidden-desktop elementor-hidden-laptop e-flex e-con-boxed e-con e-child\" data-id=\"2ecabc1\" data-element_type=\"container\" data-settings=\"{&quot;background_background&quot;:&quot;classic&quot;}\">\n\t\t\t\t\t<div class=\"e-con-inner\">\n\t\t\t\t\t<\/div>\n\t\t\t\t<\/div>\n\t\t\t\t<div class=\"elementor-element elementor-element-76909d5e elementor-hidden-mobile elementor-widget elementor-widget-image\" data-id=\"76909d5e\" data-element_type=\"widget\" data-widget_type=\"image.default\">\n\t\t\t\t<div class=\"elementor-widget-container\">\n\t\t\t\t\t\t\t\t\t\t\t\t\t\t\t<img fetchpriority=\"high\" decoding=\"async\" width=\"1400\" height=\"500\" src=\"https:\/\/www.balo.it\/wp-content\/uploads\/2024\/05\/balo_chiSiamo_bilanci.jpeg\" class=\"attachment-full size-full wp-image-594\" alt=\"\" srcset=\"https:\/\/www.balo.it\/wp-content\/uploads\/2024\/05\/balo_chiSiamo_bilanci.jpeg 1400w, https:\/\/www.balo.it\/wp-content\/uploads\/2024\/05\/balo_chiSiamo_bilanci-300x107.jpeg 300w, https:\/\/www.balo.it\/wp-content\/uploads\/2024\/05\/balo_chiSiamo_bilanci-1024x366.jpeg 1024w, https:\/\/www.balo.it\/wp-content\/uploads\/2024\/05\/balo_chiSiamo_bilanci-768x274.jpeg 768w, https:\/\/www.balo.it\/wp-content\/uploads\/2024\/05\/balo_chiSiamo_bilanci-18x6.jpeg 18w\" sizes=\"(max-width: 1400px) 100vw, 1400px\" \/>\t\t\t\t\t\t\t\t\t\t\t\t\t\t\t<\/div>\n\t\t\t\t<\/div>\n\t\t\t\t\t<\/div>\n\t\t\t\t<\/div>\n\t\t<div class=\"elementor-element elementor-element-eae6e74 e-flex e-con-boxed e-con e-parent\" data-id=\"eae6e74\" data-element_type=\"container\">\n\t\t\t\t\t<div class=\"e-con-inner\">\n\t\t\t\t<div class=\"elementor-element elementor-element-9caf6da elementor-widget elementor-widget-heading\" data-id=\"9caf6da\" data-element_type=\"widget\" data-widget_type=\"heading.default\">\n\t\t\t\t<div class=\"elementor-widget-container\">\n\t\t\t\t\t<h2 class=\"elementor-heading-title elementor-size-default\">Bal\u00f2 ODV is a voluntary association and an NGO.\n<\/h2>\t\t\t\t<\/div>\n\t\t\t\t<\/div>\n\t\t\t\t<div class=\"elementor-element elementor-element-ec8c136 elementor-widget elementor-widget-text-editor\" data-id=\"ec8c136\" data-element_type=\"widget\" data-widget_type=\"text-editor.default\">\n\t\t\t\t<div class=\"elementor-widget-container\">\n\t\t\t\t\t\t\t\t\t<p class=\" translation-block\">Although it is not a legal requirement, we believe that the publication of the balance sheet is necessary to allow our supporters and anyone interested to see how the funds donated are used. <b>As a matter of policy, we want clarity and transparency to be the basis of our work.<\/b><\/p>\t\t\t\t\t\t\t\t<\/div>\n\t\t\t\t<\/div>\n\t\t\t\t<div class=\"elementor-element elementor-element-b6d9192 elementor-widget-divider--view-line elementor-widget elementor-widget-divider\" data-id=\"b6d9192\" data-element_type=\"widget\" data-widget_type=\"divider.default\">\n\t\t\t\t<div class=\"elementor-widget-container\">\n\t\t\t\t\t\t\t<div class=\"elementor-divider\">\n\t\t\t<span class=\"elementor-divider-separator\">\n\t\t\t\t\t\t<\/span>\n\t\t<\/div>\n\t\t\t\t\t\t<\/div>\n\t\t\t\t<\/div>\n\t\t\t\t\t<\/div>\n\t\t\t\t<\/div>\n\t\t<div class=\"elementor-element elementor-element-f1d66b0 e-grid e-con-boxed e-con e-parent\" data-id=\"f1d66b0\" data-element_type=\"container\">\n\t\t\t\t\t<div class=\"e-con-inner\">\n\t\t<div class=\"elementor-element elementor-element-b6ce4a0 e-flex e-con-boxed e-con e-child\" data-id=\"b6ce4a0\" data-element_type=\"container\">\n\t\t\t\t\t<div class=\"e-con-inner\">\n\t\t\t\t<div class=\"elementor-element elementor-element-a0bf13d elementor-widget elementor-widget-button\" data-id=\"a0bf13d\" data-element_type=\"widget\" data-widget_type=\"button.default\">\n\t\t\t\t<div class=\"elementor-widget-container\">\n\t\t\t\t\t\t\t\t\t<div class=\"elementor-button-wrapper\">\n\t\t\t\t\t<a class=\"elementor-button elementor-button-link elementor-size-sm\" href=\"https:\/\/www.balo.it\/en\/bilancio-balo-2024\/\" target=\"_blank\">\n\t\t\t\t\t\t<span class=\"elementor-button-content-wrapper\">\n\t\t\t\t\t\t\t\t\t<span class=\"elementor-button-text\">Accounts 2024<\/span>\n\t\t\t\t\t<\/span>\n\t\t\t\t\t<\/a>\n\t\t\t\t<\/div>\n\t\t\t\t\t\t\t\t<\/div>\n\t\t\t\t<\/div>\n\t\t\t\t\t<\/div>\n\t\t\t\t<\/div>\n\t\t<div class=\"elementor-element elementor-element-f9c3db2 e-con-full e-flex e-con e-child\" data-id=\"f9c3db2\" data-element_type=\"container\">\n\t\t\t\t<div class=\"elementor-element elementor-element-2027e0d elementor-widget elementor-widget-button\" data-id=\"2027e0d\" data-element_type=\"widget\" data-widget_type=\"button.default\">\n\t\t\t\t<div class=\"elementor-widget-container\">\n\t\t\t\t\t\t\t\t\t<div class=\"elementor-button-wrapper\">\n\t\t\t\t\t<a class=\"elementor-button elementor-button-link elementor-size-sm\" href=\"https:\/\/www.balo.it\/en\/bilancio-balo-2023\/\" target=\"_blank\">\n\t\t\t\t\t\t<span class=\"elementor-button-content-wrapper\">\n\t\t\t\t\t\t\t\t\t<span class=\"elementor-button-text\">Accounts 2023<\/span>\n\t\t\t\t\t<\/span>\n\t\t\t\t\t<\/a>\n\t\t\t\t<\/div>\n\t\t\t\t\t\t\t\t<\/div>\n\t\t\t\t<\/div>\n\t\t\t\t<\/div>\n\t\t<div class=\"elementor-element elementor-element-2d681db e-con-full e-flex e-con e-child\" data-id=\"2d681db\" data-element_type=\"container\">\n\t\t\t\t<div class=\"elementor-element elementor-element-e4d310e elementor-widget elementor-widget-button\" data-id=\"e4d310e\" data-element_type=\"widget\" data-widget_type=\"button.default\">\n\t\t\t\t<div class=\"elementor-widget-container\">\n\t\t\t\t\t\t\t\t\t<div class=\"elementor-button-wrapper\">\n\t\t\t\t\t<a class=\"elementor-button elementor-button-link elementor-size-sm\" href=\"https:\/\/www.balo.it\/en\/bilancio-balo-2022\/\" target=\"_blank\">\n\t\t\t\t\t\t<span class=\"elementor-button-content-wrapper\">\n\t\t\t\t\t\t\t\t\t<span class=\"elementor-button-text\">Accounts 2022<\/span>\n\t\t\t\t\t<\/span>\n\t\t\t\t\t<\/a>\n\t\t\t\t<\/div>\n\t\t\t\t\t\t\t\t<\/div>\n\t\t\t\t<\/div>\n\t\t\t\t<\/div>\n\t\t<div class=\"elementor-element elementor-element-b118c73 e-flex e-con-boxed e-con e-child\" data-id=\"b118c73\" data-element_type=\"container\">\n\t\t\t\t\t<div class=\"e-con-inner\">\n\t\t\t\t<div class=\"elementor-element elementor-element-2cd4222 elementor-widget elementor-widget-button\" data-id=\"2cd4222\" data-element_type=\"widget\" data-widget_type=\"button.default\">\n\t\t\t\t<div class=\"elementor-widget-container\">\n\t\t\t\t\t\t\t\t\t<div class=\"elementor-button-wrapper\">\n\t\t\t\t\t<a class=\"elementor-button elementor-button-link elementor-size-sm\" href=\"https:\/\/www.balo.it\/en\/bilancio-balo-2021\/\">\n\t\t\t\t\t\t<span class=\"elementor-button-content-wrapper\">\n\t\t\t\t\t\t\t\t\t<span class=\"elementor-button-text\">Accounts 2021<\/span>\n\t\t\t\t\t<\/span>\n\t\t\t\t\t<\/a>\n\t\t\t\t<\/div>\n\t\t\t\t\t\t\t\t<\/div>\n\t\t\t\t<\/div>\n\t\t\t\t\t<\/div>\n\t\t\t\t<\/div>\n\t\t<div class=\"elementor-element elementor-element-7cde1b5 e-flex e-con-boxed e-con e-child\" data-id=\"7cde1b5\" data-element_type=\"container\">\n\t\t\t\t\t<div class=\"e-con-inner\">\n\t\t\t\t<div class=\"elementor-element elementor-element-ef978bf elementor-widget elementor-widget-button\" data-id=\"ef978bf\" data-element_type=\"widget\" data-widget_type=\"button.default\">\n\t\t\t\t<div class=\"elementor-widget-container\">\n\t\t\t\t\t\t\t\t\t<div class=\"elementor-button-wrapper\">\n\t\t\t\t\t<a class=\"elementor-button elementor-button-link elementor-size-sm\" href=\"https:\/\/www.balo.it\/en\/bilancio-balo-2020\/\">\n\t\t\t\t\t\t<span class=\"elementor-button-content-wrapper\">\n\t\t\t\t\t\t\t\t\t<span class=\"elementor-button-text\">Accounts 2020<\/span>\n\t\t\t\t\t<\/span>\n\t\t\t\t\t<\/a>\n\t\t\t\t<\/div>\n\t\t\t\t\t\t\t\t<\/div>\n\t\t\t\t<\/div>\n\t\t\t\t\t<\/div>\n\t\t\t\t<\/div>\n\t\t<div class=\"elementor-element elementor-element-7125305 e-flex e-con-boxed e-con e-child\" data-id=\"7125305\" data-element_type=\"container\">\n\t\t\t\t\t<div class=\"e-con-inner\">\n\t\t\t\t<div class=\"elementor-element elementor-element-3c63315 elementor-widget elementor-widget-button\" data-id=\"3c63315\" data-element_type=\"widget\" data-widget_type=\"button.default\">\n\t\t\t\t<div class=\"elementor-widget-container\">\n\t\t\t\t\t\t\t\t\t<div class=\"elementor-button-wrapper\">\n\t\t\t\t\t<a class=\"elementor-button elementor-button-link elementor-size-sm\" href=\"https:\/\/www.balo.it\/en\/bilancio-balo-2019\/\">\n\t\t\t\t\t\t<span class=\"elementor-button-content-wrapper\">\n\t\t\t\t\t\t\t\t\t<span class=\"elementor-button-text\">Accounts 2019<\/span>\n\t\t\t\t\t<\/span>\n\t\t\t\t\t<\/a>\n\t\t\t\t<\/div>\n\t\t\t\t\t\t\t\t<\/div>\n\t\t\t\t<\/div>\n\t\t\t\t\t<\/div>\n\t\t\t\t<\/div>\n\t\t<div class=\"elementor-element elementor-element-b6df792 e-flex e-con-boxed e-con e-child\" data-id=\"b6df792\" data-element_type=\"container\">\n\t\t\t\t\t<div class=\"e-con-inner\">\n\t\t\t\t<div class=\"elementor-element elementor-element-25a11ab elementor-widget elementor-widget-button\" data-id=\"25a11ab\" data-element_type=\"widget\" data-widget_type=\"button.default\">\n\t\t\t\t<div class=\"elementor-widget-container\">\n\t\t\t\t\t\t\t\t\t<div class=\"elementor-button-wrapper\">\n\t\t\t\t\t<a class=\"elementor-button elementor-button-link elementor-size-sm\" href=\"https:\/\/www.balo.it\/en\/bilancio-balo-2018\/\">\n\t\t\t\t\t\t<span class=\"elementor-button-content-wrapper\">\n\t\t\t\t\t\t\t\t\t<span class=\"elementor-button-text\">Accounts 2018<\/span>\n\t\t\t\t\t<\/span>\n\t\t\t\t\t<\/a>\n\t\t\t\t<\/div>\n\t\t\t\t\t\t\t\t<\/div>\n\t\t\t\t<\/div>\n\t\t\t\t\t<\/div>\n\t\t\t\t<\/div>\n\t\t<div class=\"elementor-element elementor-element-d812bae e-flex e-con-boxed e-con e-child\" data-id=\"d812bae\" data-element_type=\"container\">\n\t\t\t\t\t<div class=\"e-con-inner\">\n\t\t\t\t<div class=\"elementor-element elementor-element-f6c9ef9 elementor-widget elementor-widget-button\" data-id=\"f6c9ef9\" data-element_type=\"widget\" data-widget_type=\"button.default\">\n\t\t\t\t<div class=\"elementor-widget-container\">\n\t\t\t\t\t\t\t\t\t<div class=\"elementor-button-wrapper\">\n\t\t\t\t\t<a class=\"elementor-button elementor-button-link elementor-size-sm\" href=\"https:\/\/www.balo.it\/en\/bilancio-balo-2017\/\">\n\t\t\t\t\t\t<span class=\"elementor-button-content-wrapper\">\n\t\t\t\t\t\t\t\t\t<span class=\"elementor-button-text\">Accounts 2017<\/span>\n\t\t\t\t\t<\/span>\n\t\t\t\t\t<\/a>\n\t\t\t\t<\/div>\n\t\t\t\t\t\t\t\t<\/div>\n\t\t\t\t<\/div>\n\t\t\t\t\t<\/div>\n\t\t\t\t<\/div>\n\t\t<div class=\"elementor-element elementor-element-cfbc506 e-flex e-con-boxed e-con e-child\" data-id=\"cfbc506\" data-element_type=\"container\">\n\t\t\t\t\t<div class=\"e-con-inner\">\n\t\t\t\t<div class=\"elementor-element elementor-element-e74d01c elementor-widget elementor-widget-button\" data-id=\"e74d01c\" data-element_type=\"widget\" data-widget_type=\"button.default\">\n\t\t\t\t<div class=\"elementor-widget-container\">\n\t\t\t\t\t\t\t\t\t<div class=\"elementor-button-wrapper\">\n\t\t\t\t\t<a class=\"elementor-button elementor-button-link elementor-size-sm\" href=\"https:\/\/www.balo.it\/en\/bilancio-balo-2016\/\">\n\t\t\t\t\t\t<span class=\"elementor-button-content-wrapper\">\n\t\t\t\t\t\t\t\t\t<span class=\"elementor-button-text\">Accounts 2016<\/span>\n\t\t\t\t\t<\/span>\n\t\t\t\t\t<\/a>\n\t\t\t\t<\/div>\n\t\t\t\t\t\t\t\t<\/div>\n\t\t\t\t<\/div>\n\t\t\t\t\t<\/div>\n\t\t\t\t<\/div>\n\t\t<div class=\"elementor-element elementor-element-7c8e14a e-flex e-con-boxed e-con e-child\" data-id=\"7c8e14a\" data-element_type=\"container\">\n\t\t\t\t\t<div class=\"e-con-inner\">\n\t\t\t\t<div class=\"elementor-element elementor-element-b3e6a12 elementor-widget elementor-widget-button\" data-id=\"b3e6a12\" data-element_type=\"widget\" data-widget_type=\"button.default\">\n\t\t\t\t<div class=\"elementor-widget-container\">\n\t\t\t\t\t\t\t\t\t<div class=\"elementor-button-wrapper\">\n\t\t\t\t\t<a class=\"elementor-button elementor-button-link elementor-size-sm\" href=\"https:\/\/www.balo.it\/en\/bilancio-balo-2015\/\">\n\t\t\t\t\t\t<span class=\"elementor-button-content-wrapper\">\n\t\t\t\t\t\t\t\t\t<span class=\"elementor-button-text\">Accounts 2015<\/span>\n\t\t\t\t\t<\/span>\n\t\t\t\t\t<\/a>\n\t\t\t\t<\/div>\n\t\t\t\t\t\t\t\t<\/div>\n\t\t\t\t<\/div>\n\t\t\t\t\t<\/div>\n\t\t\t\t<\/div>\n\t\t<div class=\"elementor-element elementor-element-079c5d0 e-flex e-con-boxed e-con e-child\" data-id=\"079c5d0\" data-element_type=\"container\">\n\t\t\t\t\t<div class=\"e-con-inner\">\n\t\t\t\t<div class=\"elementor-element elementor-element-35461e0 elementor-widget elementor-widget-button\" data-id=\"35461e0\" data-element_type=\"widget\" data-widget_type=\"button.default\">\n\t\t\t\t<div class=\"elementor-widget-container\">\n\t\t\t\t\t\t\t\t\t<div class=\"elementor-button-wrapper\">\n\t\t\t\t\t<a class=\"elementor-button elementor-button-link elementor-size-sm\" href=\"https:\/\/www.balo.it\/en\/bilancio-balo-2014\/\">\n\t\t\t\t\t\t<span class=\"elementor-button-content-wrapper\">\n\t\t\t\t\t\t\t\t\t<span class=\"elementor-button-text\">Accounts 2014<\/span>\n\t\t\t\t\t<\/span>\n\t\t\t\t\t<\/a>\n\t\t\t\t<\/div>\n\t\t\t\t\t\t\t\t<\/div>\n\t\t\t\t<\/div>\n\t\t\t\t\t<\/div>\n\t\t\t\t<\/div>\n\t\t<div class=\"elementor-element elementor-element-3f42e58 e-flex e-con-boxed e-con e-child\" data-id=\"3f42e58\" data-element_type=\"container\">\n\t\t\t\t\t<div class=\"e-con-inner\">\n\t\t\t\t<div class=\"elementor-element elementor-element-6618512 elementor-widget elementor-widget-button\" data-id=\"6618512\" data-element_type=\"widget\" data-widget_type=\"button.default\">\n\t\t\t\t<div class=\"elementor-widget-container\">\n\t\t\t\t\t\t\t\t\t<div class=\"elementor-button-wrapper\">\n\t\t\t\t\t<a class=\"elementor-button elementor-button-link elementor-size-sm\" href=\"https:\/\/www.balo.it\/en\/bilancio-balo-2013\/\">\n\t\t\t\t\t\t<span class=\"elementor-button-content-wrapper\">\n\t\t\t\t\t\t\t\t\t<span class=\"elementor-button-text\">Accounts 2013<\/span>\n\t\t\t\t\t<\/span>\n\t\t\t\t\t<\/a>\n\t\t\t\t<\/div>\n\t\t\t\t\t\t\t\t<\/div>\n\t\t\t\t<\/div>\n\t\t\t\t\t<\/div>\n\t\t\t\t<\/div>\n\t\t\t\t\t<\/div>\n\t\t\t\t<\/div>\n\t\t\t\t<\/div>","protected":false},"excerpt":{"rendered":"<p>Chiarezza e trasparenza sono alla base del nostro operato. Bal\u00f2 ODV \u00e8 una associazione di volontariato. Riteniamo, nonostante non sia un obbligo di legge, che la pubblicazione del bilancio sia doverosa per consentire ai nostri sostenitori e a chiunque sia interessato di vedere come sono utilizzati i fondi che ci sono donati.&nbsp;Vogliamo infatti che la [&hellip;]<\/p>","protected":false},"author":1,"featured_media":0,"parent":0,"menu_order":0,"comment_status":"closed","ping_status":"closed","template":"","meta":{"_acf_changed":false,"site-sidebar-layout":"no-sidebar","site-content-layout":"page-builder","ast-site-content-layout":"full-width-container","site-content-style":"unboxed","site-sidebar-style":"unboxed","ast-global-header-display":"","ast-banner-title-visibility":"","ast-main-header-display":"","ast-hfb-above-header-display":"","ast-hfb-below-header-display":"","ast-hfb-mobile-header-display":"","site-post-title":"disabled","ast-breadcrumbs-content":"","ast-featured-img":"disabled","footer-sml-layout":"","theme-transparent-header-meta":"","adv-header-id-meta":"","stick-header-meta":"","header-above-stick-meta":"","header-main-stick-meta":"","header-below-stick-meta":"","astra-migrate-meta-layouts":"set","ast-page-background-enabled":"default","ast-page-background-meta":{"desktop":{"background-color":"var(--ast-global-color-4)","background-image":"","background-repeat":"repeat","background-position":"center center","background-size":"auto","background-attachment":"scroll","background-type":"","background-media":"","overlay-type":"","overlay-color":"","overlay-opacity":"","overlay-gradient":""},"tablet":{"background-color":"","background-image":"","background-repeat":"repeat","background-position":"center center","background-size":"auto","background-attachment":"scroll","background-type":"","background-media":"","overlay-type":"","overlay-color":"","overlay-opacity":"","overlay-gradient":""},"mobile":{"background-color":"","background-image":"","background-repeat":"repeat","background-position":"center center","background-size":"auto","background-attachment":"scroll","background-type":"","background-media":"","overlay-type":"","overlay-color":"","overlay-opacity":"","overlay-gradient":""}},"ast-content-background-meta":{"desktop":{"background-color":"var(--ast-global-color-5)","background-image":"","background-repeat":"repeat","background-position":"center center","background-size":"auto","background-attachment":"scroll","background-type":"","background-media":"","overlay-type":"","overlay-color":"","overlay-opacity":"","overlay-gradient":""},"tablet":{"background-color":"var(--ast-global-color-5)","background-image":"","background-repeat":"repeat","background-position":"center center","background-size":"auto","background-attachment":"scroll","background-type":"","background-media":"","overlay-type":"","overlay-color":"","overlay-opacity":"","overlay-gradient":""},"mobile":{"background-color":"var(--ast-global-color-5)","background-image":"","background-repeat":"repeat","background-position":"center center","background-size":"auto","background-attachment":"scroll","background-type":"","background-media":"","overlay-type":"","overlay-color":"","overlay-opacity":"","overlay-gradient":""}},"footnotes":""},"class_list":["post-14","page","type-page","status-publish","hentry"],"acf":[],"yoast_head":"<!-- This site is optimized with the Yoast SEO plugin v25.6 - https:\/\/yoast.com\/wordpress\/plugins\/seo\/ -->\n<title>I bilanci di Bal\u00f2 - Bal\u00f2<\/title>\n<meta name=\"robots\" content=\"index, follow, max-snippet:-1, max-image-preview:large, max-video-preview:-1\" \/>\n<link rel=\"canonical\" href=\"https:\/\/www.balo.it\/en\/i-bilanci-di-balo\/\" \/>\n<meta property=\"og:locale\" content=\"en_GB\" \/>\n<meta property=\"og:type\" content=\"article\" \/>\n<meta property=\"og:title\" content=\"I bilanci di Bal\u00f2 - Bal\u00f2\" \/>\n<meta property=\"og:description\" content=\"Chiarezza e trasparenza sono alla base del nostro operato. Bal\u00f2 ODV \u00e8 una associazione di volontariato. Riteniamo, nonostante non sia un obbligo di legge, che la pubblicazione del bilancio sia doverosa per consentire ai nostri sostenitori e a chiunque sia interessato di vedere come sono utilizzati i fondi che ci sono donati.&nbsp;Vogliamo infatti che la [&hellip;]\" \/>\n<meta property=\"og:url\" content=\"https:\/\/www.balo.it\/en\/i-bilanci-di-balo\/\" \/>\n<meta property=\"og:site_name\" content=\"Bal\u00f2\" \/>\n<meta property=\"article:modified_time\" content=\"2025-08-04T08:57:30+00:00\" \/>\n<meta property=\"og:image\" content=\"http:\/\/www.balo.it\/wp-content\/uploads\/2024\/05\/balo_chiSiamo_bilanci.jpeg\" \/>\n<meta name=\"twitter:card\" content=\"summary_large_image\" \/>\n<meta name=\"twitter:label1\" content=\"Estimated reading time\" \/>\n\t<meta name=\"twitter:data1\" content=\"1 minute\" \/>\n<script type=\"application\/ld+json\" class=\"yoast-schema-graph\">{\"@context\":\"https:\/\/schema.org\",\"@graph\":[{\"@type\":\"WebPage\",\"@id\":\"https:\/\/www.balo.it\/i-bilanci-di-balo\/\",\"url\":\"https:\/\/www.balo.it\/i-bilanci-di-balo\/\",\"name\":\"I bilanci di Bal\u00f2 - Bal\u00f2\",\"isPartOf\":{\"@id\":\"https:\/\/www.balo.it\/#website\"},\"primaryImageOfPage\":{\"@id\":\"https:\/\/www.balo.it\/i-bilanci-di-balo\/#primaryimage\"},\"image\":{\"@id\":\"https:\/\/www.balo.it\/i-bilanci-di-balo\/#primaryimage\"},\"thumbnailUrl\":\"http:\/\/www.balo.it\/wp-content\/uploads\/2024\/05\/balo_chiSiamo_bilanci.jpeg\",\"datePublished\":\"2024-05-13T08:37:31+00:00\",\"dateModified\":\"2025-08-04T08:57:30+00:00\",\"breadcrumb\":{\"@id\":\"https:\/\/www.balo.it\/i-bilanci-di-balo\/#breadcrumb\"},\"inLanguage\":\"en-GB\",\"potentialAction\":[{\"@type\":\"ReadAction\",\"target\":[\"https:\/\/www.balo.it\/i-bilanci-di-balo\/\"]}]},{\"@type\":\"ImageObject\",\"inLanguage\":\"en-GB\",\"@id\":\"https:\/\/www.balo.it\/i-bilanci-di-balo\/#primaryimage\",\"url\":\"http:\/\/www.balo.it\/wp-content\/uploads\/2024\/05\/balo_chiSiamo_bilanci.jpeg\",\"contentUrl\":\"http:\/\/www.balo.it\/wp-content\/uploads\/2024\/05\/balo_chiSiamo_bilanci.jpeg\"},{\"@type\":\"BreadcrumbList\",\"@id\":\"https:\/\/www.balo.it\/i-bilanci-di-balo\/#breadcrumb\",\"itemListElement\":[{\"@type\":\"ListItem\",\"position\":1,\"name\":\"Home\",\"item\":\"https:\/\/www.balo.it\/\"},{\"@type\":\"ListItem\",\"position\":2,\"name\":\"I bilanci di Bal\u00f2\"}]},{\"@type\":\"WebSite\",\"@id\":\"https:\/\/www.balo.it\/#website\",\"url\":\"https:\/\/www.balo.it\/\",\"name\":\"Bal\u00f2\",\"description\":\"\",\"publisher\":{\"@id\":\"https:\/\/www.balo.it\/#organization\"},\"potentialAction\":[{\"@type\":\"SearchAction\",\"target\":{\"@type\":\"EntryPoint\",\"urlTemplate\":\"https:\/\/www.balo.it\/?s={search_term_string}\"},\"query-input\":{\"@type\":\"PropertyValueSpecification\",\"valueRequired\":true,\"valueName\":\"search_term_string\"}}],\"inLanguage\":\"en-GB\"},{\"@type\":\"Organization\",\"@id\":\"https:\/\/www.balo.it\/#organization\",\"name\":\"Bal\u00f2\",\"url\":\"https:\/\/www.balo.it\/\",\"logo\":{\"@type\":\"ImageObject\",\"inLanguage\":\"en-GB\",\"@id\":\"https:\/\/www.balo.it\/#\/schema\/logo\/image\/\",\"url\":\"https:\/\/www.balo.it\/wp-content\/uploads\/2024\/05\/Balo_odv_bollino.png\",\"contentUrl\":\"https:\/\/www.balo.it\/wp-content\/uploads\/2024\/05\/Balo_odv_bollino.png\",\"width\":1922,\"height\":1921,\"caption\":\"Bal\u00f2\"},\"image\":{\"@id\":\"https:\/\/www.balo.it\/#\/schema\/logo\/image\/\"}}]}<\/script>\n<!-- \/ Yoast SEO plugin. -->","yoast_head_json":{"title":"I bilanci di Bal\u00f2 - Bal\u00f2","robots":{"index":"index","follow":"follow","max-snippet":"max-snippet:-1","max-image-preview":"max-image-preview:large","max-video-preview":"max-video-preview:-1"},"canonical":"https:\/\/www.balo.it\/en\/i-bilanci-di-balo\/","og_locale":"en_GB","og_type":"article","og_title":"I bilanci di Bal\u00f2 - Bal\u00f2","og_description":"Chiarezza e trasparenza sono alla base del nostro operato. Bal\u00f2 ODV \u00e8 una associazione di volontariato. Riteniamo, nonostante non sia un obbligo di legge, che la pubblicazione del bilancio sia doverosa per consentire ai nostri sostenitori e a chiunque sia interessato di vedere come sono utilizzati i fondi che ci sono donati.&nbsp;Vogliamo infatti che la [&hellip;]","og_url":"https:\/\/www.balo.it\/en\/i-bilanci-di-balo\/","og_site_name":"Bal\u00f2","article_modified_time":"2025-08-04T08:57:30+00:00","og_image":[{"url":"http:\/\/www.balo.it\/wp-content\/uploads\/2024\/05\/balo_chiSiamo_bilanci.jpeg","type":"","width":"","height":""}],"twitter_card":"summary_large_image","twitter_misc":{"Estimated reading time":"1 minute"},"schema":{"@context":"https:\/\/schema.org","@graph":[{"@type":"WebPage","@id":"https:\/\/www.balo.it\/i-bilanci-di-balo\/","url":"https:\/\/www.balo.it\/i-bilanci-di-balo\/","name":"I bilanci di Bal\u00f2 - Bal\u00f2","isPartOf":{"@id":"https:\/\/www.balo.it\/#website"},"primaryImageOfPage":{"@id":"https:\/\/www.balo.it\/i-bilanci-di-balo\/#primaryimage"},"image":{"@id":"https:\/\/www.balo.it\/i-bilanci-di-balo\/#primaryimage"},"thumbnailUrl":"http:\/\/www.balo.it\/wp-content\/uploads\/2024\/05\/balo_chiSiamo_bilanci.jpeg","datePublished":"2024-05-13T08:37:31+00:00","dateModified":"2025-08-04T08:57:30+00:00","breadcrumb":{"@id":"https:\/\/www.balo.it\/i-bilanci-di-balo\/#breadcrumb"},"inLanguage":"en-GB","potentialAction":[{"@type":"ReadAction","target":["https:\/\/www.balo.it\/i-bilanci-di-balo\/"]}]},{"@type":"ImageObject","inLanguage":"en-GB","@id":"https:\/\/www.balo.it\/i-bilanci-di-balo\/#primaryimage","url":"http:\/\/www.balo.it\/wp-content\/uploads\/2024\/05\/balo_chiSiamo_bilanci.jpeg","contentUrl":"http:\/\/www.balo.it\/wp-content\/uploads\/2024\/05\/balo_chiSiamo_bilanci.jpeg"},{"@type":"BreadcrumbList","@id":"https:\/\/www.balo.it\/i-bilanci-di-balo\/#breadcrumb","itemListElement":[{"@type":"ListItem","position":1,"name":"Home","item":"https:\/\/www.balo.it\/"},{"@type":"ListItem","position":2,"name":"I bilanci di Bal\u00f2"}]},{"@type":"WebSite","@id":"https:\/\/www.balo.it\/#website","url":"https:\/\/www.balo.it\/","name":"Bal\u00f2","description":"","publisher":{"@id":"https:\/\/www.balo.it\/#organization"},"potentialAction":[{"@type":"SearchAction","target":{"@type":"EntryPoint","urlTemplate":"https:\/\/www.balo.it\/?s={search_term_string}"},"query-input":{"@type":"PropertyValueSpecification","valueRequired":true,"valueName":"search_term_string"}}],"inLanguage":"en-GB"},{"@type":"Organization","@id":"https:\/\/www.balo.it\/#organization","name":"Bal\u00f2","url":"https:\/\/www.balo.it\/","logo":{"@type":"ImageObject","inLanguage":"en-GB","@id":"https:\/\/www.balo.it\/#\/schema\/logo\/image\/","url":"https:\/\/www.balo.it\/wp-content\/uploads\/2024\/05\/Balo_odv_bollino.png","contentUrl":"https:\/\/www.balo.it\/wp-content\/uploads\/2024\/05\/Balo_odv_bollino.png","width":1922,"height":1921,"caption":"Bal\u00f2"},"image":{"@id":"https:\/\/www.balo.it\/#\/schema\/logo\/image\/"}}]}},"_links":{"self":[{"href":"https:\/\/www.balo.it\/en\/wp-json\/wp\/v2\/pages\/14","targetHints":{"allow":["GET"]}}],"collection":[{"href":"https:\/\/www.balo.it\/en\/wp-json\/wp\/v2\/pages"}],"about":[{"href":"https:\/\/www.balo.it\/en\/wp-json\/wp\/v2\/types\/page"}],"author":[{"embeddable":true,"href":"https:\/\/www.balo.it\/en\/wp-json\/wp\/v2\/users\/1"}],"replies":[{"embeddable":true,"href":"https:\/\/www.balo.it\/en\/wp-json\/wp\/v2\/comments?post=14"}],"version-history":[{"count":0,"href":"https:\/\/www.balo.it\/en\/wp-json\/wp\/v2\/pages\/14\/revisions"}],"wp:attachment":[{"href":"https:\/\/www.balo.it\/en\/wp-json\/wp\/v2\/media?parent=14"}],"curies":[{"name":"wp","href":"https:\/\/api.w.org\/{rel}","templated":true}]}}