{"id":2371,"date":"2024-07-12T09:16:09","date_gmt":"2024-07-12T07:16:09","guid":{"rendered":"https:\/\/balo.k8s.pleiadiinternational.com\/?page_id=2371"},"modified":"2024-07-19T09:58:31","modified_gmt":"2024-07-19T07:58:31","slug":"donazioni","status":"publish","type":"page","link":"https:\/\/www.balo.it\/en\/donazioni\/","title":{"rendered":"Donazioni"},"content":{"rendered":"<div data-elementor-type=\"wp-page\" data-elementor-id=\"2371\" class=\"elementor elementor-2371\" data-elementor-post-type=\"page\">\n\t\t\t\t<div class=\"elementor-element elementor-element-41f1fc07 e-flex e-con-boxed e-con e-parent\" data-id=\"41f1fc07\" data-element_type=\"container\" data-settings=\"{&quot;background_background&quot;:&quot;classic&quot;}\">\n\t\t\t\t\t<div class=\"e-con-inner\">\n\t\t\t\t<div class=\"elementor-element elementor-element-6e9b7526 elementor-widget elementor-widget-heading\" data-id=\"6e9b7526\" data-element_type=\"widget\" data-widget_type=\"heading.default\">\n\t\t\t\t<div class=\"elementor-widget-container\">\n\t\t\t\t\t<h2 class=\"elementor-heading-title elementor-size-default\">Scegli di donare per Bal\u00f2 ODV qui sotto tutte le informazioni necessarie<\/h2>\t\t\t\t<\/div>\n\t\t\t\t<\/div>\n\t\t\t\t\t<\/div>\n\t\t\t\t<\/div>\n\t\t<div class=\"elementor-element elementor-element-797c864 e-flex e-con-boxed e-con e-parent\" data-id=\"797c864\" data-element_type=\"container\">\n\t\t\t\t\t<div class=\"e-con-inner\">\n\t\t\t\t<div class=\"elementor-element elementor-element-f39805a elementor-hidden-mobile elementor-widget elementor-widget-image\" data-id=\"f39805a\" data-element_type=\"widget\" data-widget_type=\"image.default\">\n\t\t\t\t<div class=\"elementor-widget-container\">\n\t\t\t\t\t\t\t\t\t\t\t\t\t\t\t<img fetchpriority=\"high\" decoding=\"async\" width=\"2560\" height=\"914\" src=\"https:\/\/www.balo.it\/wp-content\/uploads\/2024\/06\/sostegnoAdistanza_banner-scaled.jpg\" class=\"attachment-full size-full wp-image-2177\" alt=\"\" srcset=\"https:\/\/www.balo.it\/wp-content\/uploads\/2024\/06\/sostegnoAdistanza_banner-scaled.jpg 2560w, https:\/\/www.balo.it\/wp-content\/uploads\/2024\/06\/sostegnoAdistanza_banner-300x107.jpg 300w, https:\/\/www.balo.it\/wp-content\/uploads\/2024\/06\/sostegnoAdistanza_banner-1024x366.jpg 1024w, https:\/\/www.balo.it\/wp-content\/uploads\/2024\/06\/sostegnoAdistanza_banner-768x274.jpg 768w, https:\/\/www.balo.it\/wp-content\/uploads\/2024\/06\/sostegnoAdistanza_banner-1536x549.jpg 1536w, https:\/\/www.balo.it\/wp-content\/uploads\/2024\/06\/sostegnoAdistanza_banner-2048x731.jpg 2048w, https:\/\/www.balo.it\/wp-content\/uploads\/2024\/06\/sostegnoAdistanza_banner-18x6.jpg 18w\" sizes=\"(max-width: 2560px) 100vw, 2560px\" \/>\t\t\t\t\t\t\t\t\t\t\t\t\t\t\t<\/div>\n\t\t\t\t<\/div>\n\t\t<div class=\"elementor-element elementor-element-0aa80f0 elementor-hidden-desktop elementor-hidden-tablet e-flex e-con-boxed e-con e-child\" data-id=\"0aa80f0\" data-element_type=\"container\" data-settings=\"{&quot;background_background&quot;:&quot;classic&quot;}\">\n\t\t\t\t\t<div class=\"e-con-inner\">\n\t\t\t\t\t<\/div>\n\t\t\t\t<\/div>\n\t\t\t\t\t<\/div>\n\t\t\t\t<\/div>\n\t\t<div class=\"elementor-element elementor-element-0a92c31 e-flex e-con-boxed e-con e-parent\" data-id=\"0a92c31\" data-element_type=\"container\">\n\t\t\t\t\t<div class=\"e-con-inner\">\n\t\t\t\t<div class=\"elementor-element elementor-element-ec25810 elementor-widget elementor-widget-heading\" data-id=\"ec25810\" data-element_type=\"widget\" data-widget_type=\"heading.default\">\n\t\t\t\t<div class=\"elementor-widget-container\">\n\t\t\t\t\t<h2 class=\"elementor-heading-title elementor-size-default\">Donazione con bonifico:<\/h2>\t\t\t\t<\/div>\n\t\t\t\t<\/div>\n\t\t\t\t<div class=\"elementor-element elementor-element-9695e32 elementor-widget elementor-widget-text-editor\" data-id=\"9695e32\" data-element_type=\"widget\" data-widget_type=\"text-editor.default\">\n\t\t\t\t<div class=\"elementor-widget-container\">\n\t\t\t\t\t\t\t\t\t<p>Associazione Bal\u00f2 ODV<br \/>Cr\u00e9dit Agricole \u2013 Cesena Ag. 4<br \/><b>IBAN<\/b>: IT06F0623023934000030097089<\/p>\t\t\t\t\t\t\t\t<\/div>\n\t\t\t\t<\/div>\n\t\t\t\t<div class=\"elementor-element elementor-element-0a167a6 elementor-widget elementor-widget-button\" data-id=\"0a167a6\" data-element_type=\"widget\" data-widget_type=\"button.default\">\n\t\t\t\t<div class=\"elementor-widget-container\">\n\t\t\t\t\t\t\t\t\t<div class=\"elementor-button-wrapper\">\n\t\t\t\t\t<a class=\"elementor-button elementor-size-sm\" role=\"button\">\n\t\t\t\t\t\t<span class=\"elementor-button-content-wrapper\">\n\t\t\t\t\t\t\t\t\t<span class=\"elementor-button-text\">Fai clic qui<\/span>\n\t\t\t\t\t<\/span>\n\t\t\t\t\t<\/a>\n\t\t\t\t<\/div>\n\t\t\t\t\t\t\t\t<\/div>\n\t\t\t\t<\/div>\n\t\t\t\t\t<\/div>\n\t\t\t\t<\/div>\n\t\t\t\t<\/div>","protected":false},"excerpt":{"rendered":"<p>Scegli di donare per Bal\u00f2 ODV qui sotto tutte le informazioni necessarie Donazione con bonifico: Associazione Bal\u00f2 ODVCr\u00e9dit Agricole \u2013 Cesena Ag. 4IBAN: IT06F0623023934000030097089 Fai clic qui<\/p>","protected":false},"author":1,"featured_media":0,"parent":0,"menu_order":0,"comment_status":"closed","ping_status":"closed","template":"","meta":{"_acf_changed":false,"site-sidebar-layout":"no-sidebar","site-content-layout":"page-builder","ast-site-content-layout":"full-width-container","site-content-style":"default","site-sidebar-style":"default","ast-global-header-display":"","ast-banner-title-visibility":"","ast-main-header-display":"","ast-hfb-above-header-display":"","ast-hfb-below-header-display":"","ast-hfb-mobile-header-display":"","site-post-title":"disabled","ast-breadcrumbs-content":"","ast-featured-img":"disabled","footer-sml-layout":"","theme-transparent-header-meta":"","adv-header-id-meta":"","stick-header-meta":"","header-above-stick-meta":"","header-main-stick-meta":"","header-below-stick-meta":"","astra-migrate-meta-layouts":"set","ast-page-background-enabled":"default","ast-page-background-meta":{"desktop":{"background-color":"var(--ast-global-color-4)","background-image":"","background-repeat":"repeat","background-position":"center center","background-size":"auto","background-attachment":"scroll","background-type":"","background-media":"","overlay-type":"","overlay-color":"","overlay-opacity":"","overlay-gradient":""},"tablet":{"background-color":"","background-image":"","background-repeat":"repeat","background-position":"center center","background-size":"auto","background-attachment":"scroll","background-type":"","background-media":"","overlay-type":"","overlay-color":"","overlay-opacity":"","overlay-gradient":""},"mobile":{"background-color":"","background-image":"","background-repeat":"repeat","background-position":"center center","background-size":"auto","background-attachment":"scroll","background-type":"","background-media":"","overlay-type":"","overlay-color":"","overlay-opacity":"","overlay-gradient":""}},"ast-content-background-meta":{"desktop":{"background-color":"var(--ast-global-color-5)","background-image":"","background-repeat":"repeat","background-position":"center center","background-size":"auto","background-attachment":"scroll","background-type":"","background-media":"","overlay-type":"","overlay-color":"","overlay-opacity":"","overlay-gradient":""},"tablet":{"background-color":"var(--ast-global-color-5)","background-image":"","background-repeat":"repeat","background-position":"center center","background-size":"auto","background-attachment":"scroll","background-type":"","background-media":"","overlay-type":"","overlay-color":"","overlay-opacity":"","overlay-gradient":""},"mobile":{"background-color":"var(--ast-global-color-5)","background-image":"","background-repeat":"repeat","background-position":"center center","background-size":"auto","background-attachment":"scroll","background-type":"","background-media":"","overlay-type":"","overlay-color":"","overlay-opacity":"","overlay-gradient":""}},"footnotes":""},"class_list":["post-2371","page","type-page","status-publish","hentry"],"acf":[],"yoast_head":"<!-- This site is optimized with the Yoast SEO plugin v25.6 - https:\/\/yoast.com\/wordpress\/plugins\/seo\/ -->\n<title>Donazioni - Bal\u00f2<\/title>\n<meta name=\"robots\" content=\"index, follow, max-snippet:-1, max-image-preview:large, max-video-preview:-1\" \/>\n<link rel=\"canonical\" href=\"https:\/\/www.balo.it\/en\/donazioni\/\" \/>\n<meta property=\"og:locale\" content=\"en_GB\" \/>\n<meta property=\"og:type\" content=\"article\" \/>\n<meta property=\"og:title\" content=\"Donazioni - Bal\u00f2\" \/>\n<meta property=\"og:description\" content=\"Scegli di donare per Bal\u00f2 ODV qui sotto tutte le informazioni necessarie Donazione con bonifico: Associazione Bal\u00f2 ODVCr\u00e9dit Agricole \u2013 Cesena Ag. 4IBAN: IT06F0623023934000030097089 Fai clic qui\" \/>\n<meta property=\"og:url\" content=\"https:\/\/www.balo.it\/en\/donazioni\/\" \/>\n<meta property=\"og:site_name\" content=\"Bal\u00f2\" \/>\n<meta property=\"article:modified_time\" content=\"2024-07-19T07:58:31+00:00\" \/>\n<meta property=\"og:image\" content=\"http:\/\/www.balo.it\/wp-content\/uploads\/2024\/06\/sostegnoAdistanza_banner-scaled.jpg\" \/>\n<meta name=\"twitter:card\" content=\"summary_large_image\" \/>\n<meta name=\"twitter:label1\" content=\"Estimated reading time\" \/>\n\t<meta name=\"twitter:data1\" content=\"1 minute\" \/>\n<script type=\"application\/ld+json\" class=\"yoast-schema-graph\">{\"@context\":\"https:\/\/schema.org\",\"@graph\":[{\"@type\":\"WebPage\",\"@id\":\"https:\/\/www.balo.it\/donazioni\/\",\"url\":\"https:\/\/www.balo.it\/donazioni\/\",\"name\":\"Donazioni - Bal\u00f2\",\"isPartOf\":{\"@id\":\"https:\/\/www.balo.it\/#website\"},\"primaryImageOfPage\":{\"@id\":\"https:\/\/www.balo.it\/donazioni\/#primaryimage\"},\"image\":{\"@id\":\"https:\/\/www.balo.it\/donazioni\/#primaryimage\"},\"thumbnailUrl\":\"http:\/\/www.balo.it\/wp-content\/uploads\/2024\/06\/sostegnoAdistanza_banner-scaled.jpg\",\"datePublished\":\"2024-07-12T07:16:09+00:00\",\"dateModified\":\"2024-07-19T07:58:31+00:00\",\"breadcrumb\":{\"@id\":\"https:\/\/www.balo.it\/donazioni\/#breadcrumb\"},\"inLanguage\":\"en-GB\",\"potentialAction\":[{\"@type\":\"ReadAction\",\"target\":[\"https:\/\/www.balo.it\/donazioni\/\"]}]},{\"@type\":\"ImageObject\",\"inLanguage\":\"en-GB\",\"@id\":\"https:\/\/www.balo.it\/donazioni\/#primaryimage\",\"url\":\"http:\/\/www.balo.it\/wp-content\/uploads\/2024\/06\/sostegnoAdistanza_banner-scaled.jpg\",\"contentUrl\":\"http:\/\/www.balo.it\/wp-content\/uploads\/2024\/06\/sostegnoAdistanza_banner-scaled.jpg\"},{\"@type\":\"BreadcrumbList\",\"@id\":\"https:\/\/www.balo.it\/donazioni\/#breadcrumb\",\"itemListElement\":[{\"@type\":\"ListItem\",\"position\":1,\"name\":\"Home\",\"item\":\"https:\/\/www.balo.it\/\"},{\"@type\":\"ListItem\",\"position\":2,\"name\":\"Donazioni\"}]},{\"@type\":\"WebSite\",\"@id\":\"https:\/\/www.balo.it\/#website\",\"url\":\"https:\/\/www.balo.it\/\",\"name\":\"Bal\u00f2\",\"description\":\"\",\"publisher\":{\"@id\":\"https:\/\/www.balo.it\/#organization\"},\"potentialAction\":[{\"@type\":\"SearchAction\",\"target\":{\"@type\":\"EntryPoint\",\"urlTemplate\":\"https:\/\/www.balo.it\/?s={search_term_string}\"},\"query-input\":{\"@type\":\"PropertyValueSpecification\",\"valueRequired\":true,\"valueName\":\"search_term_string\"}}],\"inLanguage\":\"en-GB\"},{\"@type\":\"Organization\",\"@id\":\"https:\/\/www.balo.it\/#organization\",\"name\":\"Bal\u00f2\",\"url\":\"https:\/\/www.balo.it\/\",\"logo\":{\"@type\":\"ImageObject\",\"inLanguage\":\"en-GB\",\"@id\":\"https:\/\/www.balo.it\/#\/schema\/logo\/image\/\",\"url\":\"https:\/\/www.balo.it\/wp-content\/uploads\/2024\/05\/Balo_odv_bollino.png\",\"contentUrl\":\"https:\/\/www.balo.it\/wp-content\/uploads\/2024\/05\/Balo_odv_bollino.png\",\"width\":1922,\"height\":1921,\"caption\":\"Bal\u00f2\"},\"image\":{\"@id\":\"https:\/\/www.balo.it\/#\/schema\/logo\/image\/\"}}]}<\/script>\n<!-- \/ Yoast SEO plugin. -->","yoast_head_json":{"title":"Donazioni - Bal\u00f2","robots":{"index":"index","follow":"follow","max-snippet":"max-snippet:-1","max-image-preview":"max-image-preview:large","max-video-preview":"max-video-preview:-1"},"canonical":"https:\/\/www.balo.it\/en\/donazioni\/","og_locale":"en_GB","og_type":"article","og_title":"Donazioni - Bal\u00f2","og_description":"Scegli di donare per Bal\u00f2 ODV qui sotto tutte le informazioni necessarie Donazione con bonifico: Associazione Bal\u00f2 ODVCr\u00e9dit Agricole \u2013 Cesena Ag. 4IBAN: IT06F0623023934000030097089 Fai clic qui","og_url":"https:\/\/www.balo.it\/en\/donazioni\/","og_site_name":"Bal\u00f2","article_modified_time":"2024-07-19T07:58:31+00:00","og_image":[{"url":"http:\/\/www.balo.it\/wp-content\/uploads\/2024\/06\/sostegnoAdistanza_banner-scaled.jpg","type":"","width":"","height":""}],"twitter_card":"summary_large_image","twitter_misc":{"Estimated reading time":"1 minute"},"schema":{"@context":"https:\/\/schema.org","@graph":[{"@type":"WebPage","@id":"https:\/\/www.balo.it\/donazioni\/","url":"https:\/\/www.balo.it\/donazioni\/","name":"Donazioni - Bal\u00f2","isPartOf":{"@id":"https:\/\/www.balo.it\/#website"},"primaryImageOfPage":{"@id":"https:\/\/www.balo.it\/donazioni\/#primaryimage"},"image":{"@id":"https:\/\/www.balo.it\/donazioni\/#primaryimage"},"thumbnailUrl":"http:\/\/www.balo.it\/wp-content\/uploads\/2024\/06\/sostegnoAdistanza_banner-scaled.jpg","datePublished":"2024-07-12T07:16:09+00:00","dateModified":"2024-07-19T07:58:31+00:00","breadcrumb":{"@id":"https:\/\/www.balo.it\/donazioni\/#breadcrumb"},"inLanguage":"en-GB","potentialAction":[{"@type":"ReadAction","target":["https:\/\/www.balo.it\/donazioni\/"]}]},{"@type":"ImageObject","inLanguage":"en-GB","@id":"https:\/\/www.balo.it\/donazioni\/#primaryimage","url":"http:\/\/www.balo.it\/wp-content\/uploads\/2024\/06\/sostegnoAdistanza_banner-scaled.jpg","contentUrl":"http:\/\/www.balo.it\/wp-content\/uploads\/2024\/06\/sostegnoAdistanza_banner-scaled.jpg"},{"@type":"BreadcrumbList","@id":"https:\/\/www.balo.it\/donazioni\/#breadcrumb","itemListElement":[{"@type":"ListItem","position":1,"name":"Home","item":"https:\/\/www.balo.it\/"},{"@type":"ListItem","position":2,"name":"Donazioni"}]},{"@type":"WebSite","@id":"https:\/\/www.balo.it\/#website","url":"https:\/\/www.balo.it\/","name":"Bal\u00f2","description":"","publisher":{"@id":"https:\/\/www.balo.it\/#organization"},"potentialAction":[{"@type":"SearchAction","target":{"@type":"EntryPoint","urlTemplate":"https:\/\/www.balo.it\/?s={search_term_string}"},"query-input":{"@type":"PropertyValueSpecification","valueRequired":true,"valueName":"search_term_string"}}],"inLanguage":"en-GB"},{"@type":"Organization","@id":"https:\/\/www.balo.it\/#organization","name":"Bal\u00f2","url":"https:\/\/www.balo.it\/","logo":{"@type":"ImageObject","inLanguage":"en-GB","@id":"https:\/\/www.balo.it\/#\/schema\/logo\/image\/","url":"https:\/\/www.balo.it\/wp-content\/uploads\/2024\/05\/Balo_odv_bollino.png","contentUrl":"https:\/\/www.balo.it\/wp-content\/uploads\/2024\/05\/Balo_odv_bollino.png","width":1922,"height":1921,"caption":"Bal\u00f2"},"image":{"@id":"https:\/\/www.balo.it\/#\/schema\/logo\/image\/"}}]}},"_links":{"self":[{"href":"https:\/\/www.balo.it\/en\/wp-json\/wp\/v2\/pages\/2371","targetHints":{"allow":["GET"]}}],"collection":[{"href":"https:\/\/www.balo.it\/en\/wp-json\/wp\/v2\/pages"}],"about":[{"href":"https:\/\/www.balo.it\/en\/wp-json\/wp\/v2\/types\/page"}],"author":[{"embeddable":true,"href":"https:\/\/www.balo.it\/en\/wp-json\/wp\/v2\/users\/1"}],"replies":[{"embeddable":true,"href":"https:\/\/www.balo.it\/en\/wp-json\/wp\/v2\/comments?post=2371"}],"version-history":[{"count":0,"href":"https:\/\/www.balo.it\/en\/wp-json\/wp\/v2\/pages\/2371\/revisions"}],"wp:attachment":[{"href":"https:\/\/www.balo.it\/en\/wp-json\/wp\/v2\/media?parent=2371"}],"curies":[{"name":"wp","href":"https:\/\/api.w.org\/{rel}","templated":true}]}}