{"id":2580,"date":"2025-08-01T09:14:07","date_gmt":"2025-08-01T07:14:07","guid":{"rendered":"https:\/\/www.balo.it\/?page_id=2580"},"modified":"2025-08-04T10:34:25","modified_gmt":"2025-08-04T08:34:25","slug":"bilancio-balo-2024","status":"publish","type":"page","link":"https:\/\/www.balo.it\/en\/bilancio-balo-2024\/","title":{"rendered":"Bilancio Bal\u00f2 2024"},"content":{"rendered":"<div data-elementor-type=\"wp-page\" data-elementor-id=\"2580\" class=\"elementor elementor-2580\" data-elementor-post-type=\"page\">\n\t\t\t\t<div class=\"elementor-element elementor-element-c81230d e-flex e-con-boxed e-con e-parent\" data-id=\"c81230d\" data-element_type=\"container\" data-settings=\"{&quot;background_background&quot;:&quot;classic&quot;}\">\n\t\t\t\t\t<div class=\"e-con-inner\">\n\t\t\t\t\t<\/div>\n\t\t\t\t<\/div>\n\t\t<div class=\"elementor-element elementor-element-579c279 e-flex e-con-boxed e-con e-parent\" data-id=\"579c279\" data-element_type=\"container\">\n\t\t\t\t\t<div class=\"e-con-inner\">\n\t\t<div class=\"elementor-element elementor-element-41cf95b e-flex e-con-boxed e-con e-child\" data-id=\"41cf95b\" data-element_type=\"container\">\n\t\t\t\t\t<div class=\"e-con-inner\">\n\t\t\t\t<div class=\"elementor-element elementor-element-9c3ca11 elementor-widget elementor-widget-heading\" data-id=\"9c3ca11\" data-element_type=\"widget\" data-widget_type=\"heading.default\">\n\t\t\t\t<div class=\"elementor-widget-container\">\n\t\t\t\t\t<h2 class=\"elementor-heading-title elementor-size-default\">BAL\u00d2 ODV income statements<\/h2>\t\t\t\t<\/div>\n\t\t\t\t<\/div>\n\t\t\t\t<div class=\"elementor-element elementor-element-87b814b elementor-widget elementor-widget-text-editor\" data-id=\"87b814b\" data-element_type=\"widget\" data-widget_type=\"text-editor.default\">\n\t\t\t\t<div class=\"elementor-widget-container\">\n\t\t\t\t\t\t\t\t\t<p>Bank balance 1st January 2024 \u20ac 37.828,55\u00a0<br \/>Cash Balance 1st January 2024 \u20ac 461,12<\/p><p><strong>Total funds \u20ac 38.289,67 <\/strong><\/p>\t\t\t\t\t\t\t\t<\/div>\n\t\t\t\t<\/div>\n\t\t\t\t\t<\/div>\n\t\t\t\t<\/div>\n\t\t<div class=\"elementor-element elementor-element-6fcc3ce e-flex e-con-boxed e-con e-child\" data-id=\"6fcc3ce\" data-element_type=\"container\">\n\t\t\t\t\t<div class=\"e-con-inner\">\n\t\t\t\t<div class=\"elementor-element elementor-element-90780ef elementor-widget elementor-widget-heading\" data-id=\"90780ef\" data-element_type=\"widget\" data-widget_type=\"heading.default\">\n\t\t\t\t<div class=\"elementor-widget-container\">\n\t\t\t\t\t<h2 class=\"elementor-heading-title elementor-size-default\">Revenue 2024<\/h2>\t\t\t\t<\/div>\n\t\t\t\t<\/div>\n\t\t\t\t<div class=\"elementor-element elementor-element-269223b elementor-widget elementor-widget-text-editor\" data-id=\"269223b\" data-element_type=\"widget\" data-widget_type=\"text-editor.default\">\n\t\t\t\t<div class=\"elementor-widget-container\">\n\t\t\t\t\t\t\t\t\t<ul><li>EVENTS \u20ac 16.614,00\u00a0<\/li><li>DONATIONS \u20ac 139.036,41\u00a0<\/li><li>SPONSORSHIPS \u20ac 13.694,00\u00a0<\/li><li>DONATIONS FOR HANDWORKS \u20ac 10.500,33\u00a0<\/li><li>MEMBERSHIP FEES \u20ac 850,00\u00a0<\/li><li>EXTRAORDINARY DONATIONS<\/li><li>REFUNDS<\/li><li>5 X MILLE \u20ac 24.195,13\u00a0<\/li><\/ul><p><strong>TOTAL INCOME \u20ac 204.889,87\u00a0<\/strong><br \/><strong>TOTAL CASH IN HANDS \u20ac 243.179,54\u00a0<\/strong><\/p>\t\t\t\t\t\t\t\t<\/div>\n\t\t\t\t<\/div>\n\t\t\t\t\t<\/div>\n\t\t\t\t<\/div>\n\t\t<div class=\"elementor-element elementor-element-2749412 e-flex e-con-boxed e-con e-child\" data-id=\"2749412\" data-element_type=\"container\">\n\t\t\t\t\t<div class=\"e-con-inner\">\n\t\t\t\t<div class=\"elementor-element elementor-element-20d8ce4 elementor-widget elementor-widget-heading\" data-id=\"20d8ce4\" data-element_type=\"widget\" data-widget_type=\"heading.default\">\n\t\t\t\t<div class=\"elementor-widget-container\">\n\t\t\t\t\t<h2 class=\"elementor-heading-title elementor-size-default\">Expenditures 2024<\/h2>\t\t\t\t<\/div>\n\t\t\t\t<\/div>\n\t\t\t\t<div class=\"elementor-element elementor-element-1032662 elementor-widget elementor-widget-text-editor\" data-id=\"1032662\" data-element_type=\"widget\" data-widget_type=\"text-editor.default\">\n\t\t\t\t<div class=\"elementor-widget-container\">\n\t\t\t\t\t\t\t\t\t<ul><li>SCHOOL PROJECT \u20ac 43.577,73<\/li><li>MEALS \/ FOOD SUPPORT \u20ac 43.457,42<\/li><li>WAGES \u20ac 40.005,88<\/li><li>DRESSMAKER PROJECT AND SEWING SCHOOL \u20ac  9.499,82<\/li><li>HOME SHELTER \u20ac 5.014,90<\/li><li>HEALTH \u20ac 9.082,27<\/li><li>EXPENSES FOR EVENTS \u20ac 5.310,66<\/li><li>\/<\/li><li>\/<\/li><li>MANAGER INTERNATIONAL PROJECT \u20ac 11.501,10<\/li><li>MAINTENANCE HOME SHELTER PREMESIS AND SCHOOL \u20ac 10.963,83<\/li><li>GENERAL EXPENSES \u20ac 2.634,73<\/li><li>SHIPMENT AND CUSTOM EXPENSES \u20ac 1.583,66<\/li><\/ul><p><strong>TOTAL EXPENDITURES \u20ac 200.448,09 <\/strong><\/p>\t\t\t\t\t\t\t\t<\/div>\n\t\t\t\t<\/div>\n\t\t\t\t\t<\/div>\n\t\t\t\t<\/div>\n\t\t<div class=\"elementor-element elementor-element-825bbd6 e-flex e-con-boxed e-con e-child\" data-id=\"825bbd6\" data-element_type=\"container\">\n\t\t\t\t\t<div class=\"e-con-inner\">\n\t\t\t\t<div class=\"elementor-element elementor-element-5f83159 elementor-widget elementor-widget-heading\" data-id=\"5f83159\" data-element_type=\"widget\" data-widget_type=\"heading.default\">\n\t\t\t\t<div class=\"elementor-widget-container\">\n\t\t\t\t\t<h2 class=\"elementor-heading-title elementor-size-default\">OPERATING SURPLUS<\/h2>\t\t\t\t<\/div>\n\t\t\t\t<\/div>\n\t\t\t\t<div class=\"elementor-element elementor-element-7e092f4 elementor-widget elementor-widget-text-editor\" data-id=\"7e092f4\" data-element_type=\"widget\" data-widget_type=\"text-editor.default\">\n\t\t\t\t<div class=\"elementor-widget-container\">\n\t\t\t\t\t\t\t\t\t<p>\u2022 \u20ac 42.731,45<\/p>\t\t\t\t\t\t\t\t<\/div>\n\t\t\t\t<\/div>\n\t\t\t\t\t<\/div>\n\t\t\t\t<\/div>\n\t\t<div class=\"elementor-element elementor-element-492e60d e-flex e-con-boxed e-con e-child\" data-id=\"492e60d\" data-element_type=\"container\">\n\t\t\t\t\t<div class=\"e-con-inner\">\n\t\t\t\t<div class=\"elementor-element elementor-element-1a733e5 elementor-widget elementor-widget-heading\" data-id=\"1a733e5\" data-element_type=\"widget\" data-widget_type=\"heading.default\">\n\t\t\t\t<div class=\"elementor-widget-container\">\n\t\t\t\t\t<h2 class=\"elementor-heading-title elementor-size-default\">TOTAL<\/h2>\t\t\t\t<\/div>\n\t\t\t\t<\/div>\n\t\t\t\t<div class=\"elementor-element elementor-element-12f2388 elementor-widget elementor-widget-text-editor\" data-id=\"12f2388\" data-element_type=\"widget\" data-widget_type=\"text-editor.default\">\n\t\t\t\t<div class=\"elementor-widget-container\">\n\t\t\t\t\t\t\t\t\t<div class=\"edgtf-content\"><div class=\"edgtf-content-inner\"><div class=\"edgtf-container\"><div class=\"edgtf-container-inner clearfix\"><p>\u2022 \u20ac 243.179,54<\/p><p>Bank Balance 31st December 2024 \u20ac 42.719,16<br \/>Cash balance 31st December 2024 \u20ac 12,29<\/p><p><strong>TOTAL FUNDS <\/strong><strong>\u20ac 42.731,45<\/strong><\/p><\/div><\/div><\/div><\/div>\t\t\t\t\t\t\t\t<\/div>\n\t\t\t\t<\/div>\n\t\t\t\t\t<\/div>\n\t\t\t\t<\/div>\n\t\t\t\t\t<\/div>\n\t\t\t\t<\/div>\n\t\t<div class=\"elementor-element elementor-element-88ae3ef e-flex e-con-boxed e-con e-child\" data-id=\"88ae3ef\" data-element_type=\"container\">\n\t\t\t\t\t<div class=\"e-con-inner\">\n\t\t\t\t\t<\/div>\n\t\t\t\t<\/div>\n\t\t\t\t<\/div>","protected":false},"excerpt":{"rendered":"<p>CONTO ECONOMICO BAL\u00d2 ODV Saldo banca 1 gennaio 2024 \u20ac 37.828,55\u00a0Saldo cassa 1 gennaio 2024 \u20ac 461,12 Totale liquidit\u00e0 38.289,67 \u20ac Entrate 2024 EVENTI \u20ac 16.614,00\u00a0 DONAZIONI LIBERALI \u20ac 139.036,41\u00a0 ADOZIONI A DISTANZA \u20ac 13.694,00\u00a0 DONAZIONI PER MANUFATTI \u20ac 10.500,33\u00a0 QUOTE ASSOCIATIVE \u20ac 850,00\u00a0 DONAZIONI STRAORDINARIE RIMBORSI 5 X MILLE \u20ac 24.195,13\u00a0 TOTALE ENTRATE \u20ac [&hellip;]<\/p>","protected":false},"author":1,"featured_media":0,"parent":0,"menu_order":0,"comment_status":"closed","ping_status":"closed","template":"","meta":{"_acf_changed":false,"site-sidebar-layout":"no-sidebar","site-content-layout":"page-builder","ast-site-content-layout":"full-width-container","site-content-style":"default","site-sidebar-style":"default","ast-global-header-display":"","ast-banner-title-visibility":"","ast-main-header-display":"","ast-hfb-above-header-display":"","ast-hfb-below-header-display":"","ast-hfb-mobile-header-display":"","site-post-title":"disabled","ast-breadcrumbs-content":"","ast-featured-img":"disabled","footer-sml-layout":"","theme-transparent-header-meta":"","adv-header-id-meta":"","stick-header-meta":"","header-above-stick-meta":"","header-main-stick-meta":"","header-below-stick-meta":"","astra-migrate-meta-layouts":"set","ast-page-background-enabled":"default","ast-page-background-meta":{"desktop":{"background-color":"var(--ast-global-color-4)","background-image":"","background-repeat":"repeat","background-position":"center center","background-size":"auto","background-attachment":"scroll","background-type":"","background-media":"","overlay-type":"","overlay-color":"","overlay-opacity":"","overlay-gradient":""},"tablet":{"background-color":"","background-image":"","background-repeat":"repeat","background-position":"center center","background-size":"auto","background-attachment":"scroll","background-type":"","background-media":"","overlay-type":"","overlay-color":"","overlay-opacity":"","overlay-gradient":""},"mobile":{"background-color":"","background-image":"","background-repeat":"repeat","background-position":"center center","background-size":"auto","background-attachment":"scroll","background-type":"","background-media":"","overlay-type":"","overlay-color":"","overlay-opacity":"","overlay-gradient":""}},"ast-content-background-meta":{"desktop":{"background-color":"var(--ast-global-color-5)","background-image":"","background-repeat":"repeat","background-position":"center center","background-size":"auto","background-attachment":"scroll","background-type":"","background-media":"","overlay-type":"","overlay-color":"","overlay-opacity":"","overlay-gradient":""},"tablet":{"background-color":"var(--ast-global-color-5)","background-image":"","background-repeat":"repeat","background-position":"center center","background-size":"auto","background-attachment":"scroll","background-type":"","background-media":"","overlay-type":"","overlay-color":"","overlay-opacity":"","overlay-gradient":""},"mobile":{"background-color":"var(--ast-global-color-5)","background-image":"","background-repeat":"repeat","background-position":"center center","background-size":"auto","background-attachment":"scroll","background-type":"","background-media":"","overlay-type":"","overlay-color":"","overlay-opacity":"","overlay-gradient":""}},"footnotes":""},"class_list":["post-2580","page","type-page","status-publish","hentry"],"acf":[],"yoast_head":"<!-- This site is optimized with the Yoast SEO plugin v25.6 - https:\/\/yoast.com\/wordpress\/plugins\/seo\/ -->\n<title>Bilancio Bal\u00f2 2024 - Bal\u00f2<\/title>\n<meta name=\"robots\" content=\"index, follow, max-snippet:-1, max-image-preview:large, max-video-preview:-1\" \/>\n<link rel=\"canonical\" href=\"https:\/\/www.balo.it\/en\/bilancio-balo-2024\/\" \/>\n<meta property=\"og:locale\" content=\"en_GB\" \/>\n<meta property=\"og:type\" content=\"article\" \/>\n<meta property=\"og:title\" content=\"Bilancio Bal\u00f2 2024 - Bal\u00f2\" \/>\n<meta property=\"og:description\" content=\"CONTO ECONOMICO BAL\u00d2 ODV Saldo banca 1 gennaio 2024 \u20ac 37.828,55\u00a0Saldo cassa 1 gennaio 2024 \u20ac 461,12 Totale liquidit\u00e0 38.289,67 \u20ac Entrate 2024 EVENTI \u20ac 16.614,00\u00a0 DONAZIONI LIBERALI \u20ac 139.036,41\u00a0 ADOZIONI A DISTANZA \u20ac 13.694,00\u00a0 DONAZIONI PER MANUFATTI \u20ac 10.500,33\u00a0 QUOTE ASSOCIATIVE \u20ac 850,00\u00a0 DONAZIONI STRAORDINARIE RIMBORSI 5 X MILLE \u20ac 24.195,13\u00a0 TOTALE ENTRATE \u20ac [&hellip;]\" \/>\n<meta property=\"og:url\" content=\"https:\/\/www.balo.it\/en\/bilancio-balo-2024\/\" \/>\n<meta property=\"og:site_name\" content=\"Bal\u00f2\" \/>\n<meta property=\"article:modified_time\" content=\"2025-08-04T08:34:25+00:00\" \/>\n<meta name=\"twitter:card\" content=\"summary_large_image\" \/>\n<meta name=\"twitter:label1\" content=\"Estimated reading time\" \/>\n\t<meta name=\"twitter:data1\" content=\"1 minute\" \/>\n<script type=\"application\/ld+json\" class=\"yoast-schema-graph\">{\"@context\":\"https:\/\/schema.org\",\"@graph\":[{\"@type\":\"WebPage\",\"@id\":\"https:\/\/www.balo.it\/bilancio-balo-2024\/\",\"url\":\"https:\/\/www.balo.it\/bilancio-balo-2024\/\",\"name\":\"Bilancio Bal\u00f2 2024 - Bal\u00f2\",\"isPartOf\":{\"@id\":\"https:\/\/www.balo.it\/#website\"},\"datePublished\":\"2025-08-01T07:14:07+00:00\",\"dateModified\":\"2025-08-04T08:34:25+00:00\",\"breadcrumb\":{\"@id\":\"https:\/\/www.balo.it\/bilancio-balo-2024\/#breadcrumb\"},\"inLanguage\":\"en-GB\",\"potentialAction\":[{\"@type\":\"ReadAction\",\"target\":[\"https:\/\/www.balo.it\/bilancio-balo-2024\/\"]}]},{\"@type\":\"BreadcrumbList\",\"@id\":\"https:\/\/www.balo.it\/bilancio-balo-2024\/#breadcrumb\",\"itemListElement\":[{\"@type\":\"ListItem\",\"position\":1,\"name\":\"Home\",\"item\":\"https:\/\/www.balo.it\/\"},{\"@type\":\"ListItem\",\"position\":2,\"name\":\"Bilancio Bal\u00f2 2024\"}]},{\"@type\":\"WebSite\",\"@id\":\"https:\/\/www.balo.it\/#website\",\"url\":\"https:\/\/www.balo.it\/\",\"name\":\"Bal\u00f2\",\"description\":\"\",\"publisher\":{\"@id\":\"https:\/\/www.balo.it\/#organization\"},\"potentialAction\":[{\"@type\":\"SearchAction\",\"target\":{\"@type\":\"EntryPoint\",\"urlTemplate\":\"https:\/\/www.balo.it\/?s={search_term_string}\"},\"query-input\":{\"@type\":\"PropertyValueSpecification\",\"valueRequired\":true,\"valueName\":\"search_term_string\"}}],\"inLanguage\":\"en-GB\"},{\"@type\":\"Organization\",\"@id\":\"https:\/\/www.balo.it\/#organization\",\"name\":\"Bal\u00f2\",\"url\":\"https:\/\/www.balo.it\/\",\"logo\":{\"@type\":\"ImageObject\",\"inLanguage\":\"en-GB\",\"@id\":\"https:\/\/www.balo.it\/#\/schema\/logo\/image\/\",\"url\":\"https:\/\/www.balo.it\/wp-content\/uploads\/2024\/05\/Balo_odv_bollino.png\",\"contentUrl\":\"https:\/\/www.balo.it\/wp-content\/uploads\/2024\/05\/Balo_odv_bollino.png\",\"width\":1922,\"height\":1921,\"caption\":\"Bal\u00f2\"},\"image\":{\"@id\":\"https:\/\/www.balo.it\/#\/schema\/logo\/image\/\"}}]}<\/script>\n<!-- \/ Yoast SEO plugin. -->","yoast_head_json":{"title":"Bilancio Bal\u00f2 2024 - Bal\u00f2","robots":{"index":"index","follow":"follow","max-snippet":"max-snippet:-1","max-image-preview":"max-image-preview:large","max-video-preview":"max-video-preview:-1"},"canonical":"https:\/\/www.balo.it\/en\/bilancio-balo-2024\/","og_locale":"en_GB","og_type":"article","og_title":"Bilancio Bal\u00f2 2024 - Bal\u00f2","og_description":"CONTO ECONOMICO BAL\u00d2 ODV Saldo banca 1 gennaio 2024 \u20ac 37.828,55\u00a0Saldo cassa 1 gennaio 2024 \u20ac 461,12 Totale liquidit\u00e0 38.289,67 \u20ac Entrate 2024 EVENTI \u20ac 16.614,00\u00a0 DONAZIONI LIBERALI \u20ac 139.036,41\u00a0 ADOZIONI A DISTANZA \u20ac 13.694,00\u00a0 DONAZIONI PER MANUFATTI \u20ac 10.500,33\u00a0 QUOTE ASSOCIATIVE \u20ac 850,00\u00a0 DONAZIONI STRAORDINARIE RIMBORSI 5 X MILLE \u20ac 24.195,13\u00a0 TOTALE ENTRATE \u20ac [&hellip;]","og_url":"https:\/\/www.balo.it\/en\/bilancio-balo-2024\/","og_site_name":"Bal\u00f2","article_modified_time":"2025-08-04T08:34:25+00:00","twitter_card":"summary_large_image","twitter_misc":{"Estimated reading time":"1 minute"},"schema":{"@context":"https:\/\/schema.org","@graph":[{"@type":"WebPage","@id":"https:\/\/www.balo.it\/bilancio-balo-2024\/","url":"https:\/\/www.balo.it\/bilancio-balo-2024\/","name":"Bilancio Bal\u00f2 2024 - Bal\u00f2","isPartOf":{"@id":"https:\/\/www.balo.it\/#website"},"datePublished":"2025-08-01T07:14:07+00:00","dateModified":"2025-08-04T08:34:25+00:00","breadcrumb":{"@id":"https:\/\/www.balo.it\/bilancio-balo-2024\/#breadcrumb"},"inLanguage":"en-GB","potentialAction":[{"@type":"ReadAction","target":["https:\/\/www.balo.it\/bilancio-balo-2024\/"]}]},{"@type":"BreadcrumbList","@id":"https:\/\/www.balo.it\/bilancio-balo-2024\/#breadcrumb","itemListElement":[{"@type":"ListItem","position":1,"name":"Home","item":"https:\/\/www.balo.it\/"},{"@type":"ListItem","position":2,"name":"Bilancio Bal\u00f2 2024"}]},{"@type":"WebSite","@id":"https:\/\/www.balo.it\/#website","url":"https:\/\/www.balo.it\/","name":"Bal\u00f2","description":"","publisher":{"@id":"https:\/\/www.balo.it\/#organization"},"potentialAction":[{"@type":"SearchAction","target":{"@type":"EntryPoint","urlTemplate":"https:\/\/www.balo.it\/?s={search_term_string}"},"query-input":{"@type":"PropertyValueSpecification","valueRequired":true,"valueName":"search_term_string"}}],"inLanguage":"en-GB"},{"@type":"Organization","@id":"https:\/\/www.balo.it\/#organization","name":"Bal\u00f2","url":"https:\/\/www.balo.it\/","logo":{"@type":"ImageObject","inLanguage":"en-GB","@id":"https:\/\/www.balo.it\/#\/schema\/logo\/image\/","url":"https:\/\/www.balo.it\/wp-content\/uploads\/2024\/05\/Balo_odv_bollino.png","contentUrl":"https:\/\/www.balo.it\/wp-content\/uploads\/2024\/05\/Balo_odv_bollino.png","width":1922,"height":1921,"caption":"Bal\u00f2"},"image":{"@id":"https:\/\/www.balo.it\/#\/schema\/logo\/image\/"}}]}},"_links":{"self":[{"href":"https:\/\/www.balo.it\/en\/wp-json\/wp\/v2\/pages\/2580","targetHints":{"allow":["GET"]}}],"collection":[{"href":"https:\/\/www.balo.it\/en\/wp-json\/wp\/v2\/pages"}],"about":[{"href":"https:\/\/www.balo.it\/en\/wp-json\/wp\/v2\/types\/page"}],"author":[{"embeddable":true,"href":"https:\/\/www.balo.it\/en\/wp-json\/wp\/v2\/users\/1"}],"replies":[{"embeddable":true,"href":"https:\/\/www.balo.it\/en\/wp-json\/wp\/v2\/comments?post=2580"}],"version-history":[{"count":0,"href":"https:\/\/www.balo.it\/en\/wp-json\/wp\/v2\/pages\/2580\/revisions"}],"wp:attachment":[{"href":"https:\/\/www.balo.it\/en\/wp-json\/wp\/v2\/media?parent=2580"}],"curies":[{"name":"wp","href":"https:\/\/api.w.org\/{rel}","templated":true}]}}