{"id":30,"date":"2024-05-13T10:54:03","date_gmt":"2024-05-13T08:54:03","guid":{"rendered":"https:\/\/balo.k8s.pleiadiinternational.com\/?page_id=30"},"modified":"2024-06-03T16:09:58","modified_gmt":"2024-06-03T14:09:58","slug":"cure-mediche","status":"publish","type":"page","link":"https:\/\/www.balo.it\/en\/cure-mediche\/","title":{"rendered":"Medical Care"},"content":{"rendered":"<div data-elementor-type=\"wp-page\" data-elementor-id=\"30\" class=\"elementor elementor-30\" data-elementor-post-type=\"page\">\n\t\t\t\t<div class=\"elementor-element elementor-element-36a7444c e-flex e-con-boxed e-con e-parent\" data-id=\"36a7444c\" data-element_type=\"container\" data-settings=\"{&quot;background_background&quot;:&quot;classic&quot;}\">\n\t\t\t\t\t<div class=\"e-con-inner\">\n\t\t\t\t<div class=\"elementor-element elementor-element-e6f45e6 elementor-widget elementor-widget-heading\" data-id=\"e6f45e6\" data-element_type=\"widget\" data-widget_type=\"heading.default\">\n\t\t\t\t<div class=\"elementor-widget-container\">\n\t\t\t\t\t<h2 class=\"elementor-heading-title elementor-size-default\">For children, their parents, and all Bal\u00f2 staff.\n\n<\/h2>\t\t\t\t<\/div>\n\t\t\t\t<\/div>\n\t\t\t\t\t<\/div>\n\t\t\t\t<\/div>\n\t\t<div class=\"elementor-element elementor-element-2711d650 e-flex e-con-boxed e-con e-parent\" data-id=\"2711d650\" data-element_type=\"container\">\n\t\t\t\t\t<div class=\"e-con-inner\">\n\t\t\t\t<div class=\"elementor-element elementor-element-7853bf11 elementor-hidden-mobile elementor-widget elementor-widget-image\" data-id=\"7853bf11\" data-element_type=\"widget\" data-widget_type=\"image.default\">\n\t\t\t\t<div class=\"elementor-widget-container\">\n\t\t\t\t\t\t\t\t\t\t\t\t\t\t\t<img fetchpriority=\"high\" decoding=\"async\" width=\"1400\" height=\"500\" src=\"https:\/\/www.balo.it\/wp-content\/uploads\/2024\/05\/balo_progetti_cure_Mediche.jpeg\" class=\"attachment-full size-full wp-image-1484\" alt=\"\" srcset=\"https:\/\/www.balo.it\/wp-content\/uploads\/2024\/05\/balo_progetti_cure_Mediche.jpeg 1400w, https:\/\/www.balo.it\/wp-content\/uploads\/2024\/05\/balo_progetti_cure_Mediche-300x107.jpeg 300w, https:\/\/www.balo.it\/wp-content\/uploads\/2024\/05\/balo_progetti_cure_Mediche-1024x366.jpeg 1024w, https:\/\/www.balo.it\/wp-content\/uploads\/2024\/05\/balo_progetti_cure_Mediche-768x274.jpeg 768w, https:\/\/www.balo.it\/wp-content\/uploads\/2024\/05\/balo_progetti_cure_Mediche-18x6.jpeg 18w\" sizes=\"(max-width: 1400px) 100vw, 1400px\" \/>\t\t\t\t\t\t\t\t\t\t\t\t\t\t\t<\/div>\n\t\t\t\t<\/div>\n\t\t<div class=\"elementor-element elementor-element-2d3d147 elementor-hidden-desktop elementor-hidden-tablet e-flex e-con-boxed e-con e-child\" data-id=\"2d3d147\" data-element_type=\"container\" data-settings=\"{&quot;background_background&quot;:&quot;classic&quot;}\">\n\t\t\t\t\t<div class=\"e-con-inner\">\n\t\t\t\t\t<\/div>\n\t\t\t\t<\/div>\n\t\t\t\t\t<\/div>\n\t\t\t\t<\/div>\n\t\t<div class=\"elementor-element elementor-element-5b8a864 e-flex e-con-boxed e-con e-parent\" data-id=\"5b8a864\" data-element_type=\"container\">\n\t\t\t\t\t<div class=\"e-con-inner\">\n\t\t<div class=\"elementor-element elementor-element-6d108cf e-flex e-con-boxed e-con e-child\" data-id=\"6d108cf\" data-element_type=\"container\">\n\t\t\t\t\t<div class=\"e-con-inner\">\n\t\t\t\t<div class=\"elementor-element elementor-element-3a32381 elementor-widget elementor-widget-heading\" data-id=\"3a32381\" data-element_type=\"widget\" data-widget_type=\"heading.default\">\n\t\t\t\t<div class=\"elementor-widget-container\">\n\t\t\t\t\t<h2 class=\"elementor-heading-title elementor-size-default\">There are many diseases and infections that affect adults and children who live in a shanty town like the one where Bal\u00f2 works.\n<\/h2>\t\t\t\t<\/div>\n\t\t\t\t<\/div>\n\t\t\t\t<div class=\"elementor-element elementor-element-ecc1197 elementor-widget elementor-widget-text-editor\" data-id=\"ecc1197\" data-element_type=\"widget\" data-widget_type=\"text-editor.default\">\n\t\t\t\t<div class=\"elementor-widget-container\">\n\t\t\t\t\t\t\t\t\t<p class=\" translation-block\">The sewers are open, the water is not drinkable and the waste piles are everywhere. Even the most basic hygiene rules are difficult to follow when the water pump is too far away and toilet facilities are primitive in the extreme. People live massed in a single room of very small dimensions with great risks of contagion in infection such as tuberculosis, a widespread disease, together with typhoid and malaria.\n<b>Bal\u00f2 in its health project provides medical care for all his children and regular medical checks that also include eye and dental checks<\/b>. Physiotherapy treatments are also planned for children who have been affected by polio and for those suffering from bone problems due to calcium deficiency. <br>These treatments are extended to parents and staff working in Casabal\u00f2.<\/p>\t\t\t\t\t\t\t\t<\/div>\n\t\t\t\t<\/div>\n\t\t\t\t\t<\/div>\n\t\t\t\t<\/div>\n\t\t\t\t\t<\/div>\n\t\t\t\t<\/div>\n\t\t\t\t<\/div>","protected":false},"excerpt":{"rendered":"<p>Per i bambini, i loro genitori e tutto il personale di Bal\u00f2. Sono molte le malattie che colpiscono adulti e bambini che vivono in una baraccopoli come quella dove lavora Bal\u00f2. Le fogne sono a cielo aperto, l\u2019acqua non \u00e8 potabile e gli ammassi di rifiuti sono ovunque. Anche le pi\u00f9 basilari norme igieniche sono [&hellip;]<\/p>","protected":false},"author":1,"featured_media":0,"parent":0,"menu_order":0,"comment_status":"closed","ping_status":"closed","template":"","meta":{"_acf_changed":false,"site-sidebar-layout":"no-sidebar","site-content-layout":"page-builder","ast-site-content-layout":"full-width-container","site-content-style":"default","site-sidebar-style":"default","ast-global-header-display":"","ast-banner-title-visibility":"","ast-main-header-display":"","ast-hfb-above-header-display":"","ast-hfb-below-header-display":"","ast-hfb-mobile-header-display":"","site-post-title":"disabled","ast-breadcrumbs-content":"","ast-featured-img":"disabled","footer-sml-layout":"","theme-transparent-header-meta":"","adv-header-id-meta":"","stick-header-meta":"","header-above-stick-meta":"","header-main-stick-meta":"","header-below-stick-meta":"","astra-migrate-meta-layouts":"set","ast-page-background-enabled":"default","ast-page-background-meta":{"desktop":{"background-color":"var(--ast-global-color-4)","background-image":"","background-repeat":"repeat","background-position":"center center","background-size":"auto","background-attachment":"scroll","background-type":"","background-media":"","overlay-type":"","overlay-color":"","overlay-opacity":"","overlay-gradient":""},"tablet":{"background-color":"","background-image":"","background-repeat":"repeat","background-position":"center center","background-size":"auto","background-attachment":"scroll","background-type":"","background-media":"","overlay-type":"","overlay-color":"","overlay-opacity":"","overlay-gradient":""},"mobile":{"background-color":"","background-image":"","background-repeat":"repeat","background-position":"center center","background-size":"auto","background-attachment":"scroll","background-type":"","background-media":"","overlay-type":"","overlay-color":"","overlay-opacity":"","overlay-gradient":""}},"ast-content-background-meta":{"desktop":{"background-color":"var(--ast-global-color-5)","background-image":"","background-repeat":"repeat","background-position":"center center","background-size":"auto","background-attachment":"scroll","background-type":"","background-media":"","overlay-type":"","overlay-color":"","overlay-opacity":"","overlay-gradient":""},"tablet":{"background-color":"var(--ast-global-color-5)","background-image":"","background-repeat":"repeat","background-position":"center center","background-size":"auto","background-attachment":"scroll","background-type":"","background-media":"","overlay-type":"","overlay-color":"","overlay-opacity":"","overlay-gradient":""},"mobile":{"background-color":"var(--ast-global-color-5)","background-image":"","background-repeat":"repeat","background-position":"center center","background-size":"auto","background-attachment":"scroll","background-type":"","background-media":"","overlay-type":"","overlay-color":"","overlay-opacity":"","overlay-gradient":""}},"footnotes":""},"class_list":["post-30","page","type-page","status-publish","hentry"],"acf":[],"yoast_head":"<!-- This site is optimized with the Yoast SEO plugin v25.6 - https:\/\/yoast.com\/wordpress\/plugins\/seo\/ -->\n<title>Cure mediche - Bal\u00f2<\/title>\n<meta name=\"robots\" content=\"index, follow, max-snippet:-1, max-image-preview:large, max-video-preview:-1\" \/>\n<link rel=\"canonical\" href=\"https:\/\/www.balo.it\/en\/cure-mediche\/\" \/>\n<meta property=\"og:locale\" content=\"en_GB\" \/>\n<meta property=\"og:type\" content=\"article\" \/>\n<meta property=\"og:title\" content=\"Cure mediche - Bal\u00f2\" \/>\n<meta property=\"og:description\" content=\"Per i bambini, i loro genitori e tutto il personale di Bal\u00f2. Sono molte le malattie che colpiscono adulti e bambini che vivono in una baraccopoli come quella dove lavora Bal\u00f2. Le fogne sono a cielo aperto, l\u2019acqua non \u00e8 potabile e gli ammassi di rifiuti sono ovunque. Anche le pi\u00f9 basilari norme igieniche sono [&hellip;]\" \/>\n<meta property=\"og:url\" content=\"https:\/\/www.balo.it\/en\/cure-mediche\/\" \/>\n<meta property=\"og:site_name\" content=\"Bal\u00f2\" \/>\n<meta property=\"article:modified_time\" content=\"2024-06-03T14:09:58+00:00\" \/>\n<meta property=\"og:image\" content=\"https:\/\/www.balo.it\/wp-content\/uploads\/2024\/05\/balo_progetti_cure_Mediche.jpeg\" \/>\n<meta name=\"twitter:card\" content=\"summary_large_image\" \/>\n<meta name=\"twitter:label1\" content=\"Estimated reading time\" \/>\n\t<meta name=\"twitter:data1\" content=\"1 minute\" \/>\n<script type=\"application\/ld+json\" class=\"yoast-schema-graph\">{\"@context\":\"https:\/\/schema.org\",\"@graph\":[{\"@type\":\"WebPage\",\"@id\":\"https:\/\/www.balo.it\/cure-mediche\/\",\"url\":\"https:\/\/www.balo.it\/cure-mediche\/\",\"name\":\"Cure mediche - Bal\u00f2\",\"isPartOf\":{\"@id\":\"https:\/\/www.balo.it\/#website\"},\"primaryImageOfPage\":{\"@id\":\"https:\/\/www.balo.it\/cure-mediche\/#primaryimage\"},\"image\":{\"@id\":\"https:\/\/www.balo.it\/cure-mediche\/#primaryimage\"},\"thumbnailUrl\":\"https:\/\/www.balo.it\/wp-content\/uploads\/2024\/05\/balo_progetti_cure_Mediche.jpeg\",\"datePublished\":\"2024-05-13T08:54:03+00:00\",\"dateModified\":\"2024-06-03T14:09:58+00:00\",\"breadcrumb\":{\"@id\":\"https:\/\/www.balo.it\/cure-mediche\/#breadcrumb\"},\"inLanguage\":\"en-GB\",\"potentialAction\":[{\"@type\":\"ReadAction\",\"target\":[\"https:\/\/www.balo.it\/cure-mediche\/\"]}]},{\"@type\":\"ImageObject\",\"inLanguage\":\"en-GB\",\"@id\":\"https:\/\/www.balo.it\/cure-mediche\/#primaryimage\",\"url\":\"https:\/\/www.balo.it\/wp-content\/uploads\/2024\/05\/balo_progetti_cure_Mediche.jpeg\",\"contentUrl\":\"https:\/\/www.balo.it\/wp-content\/uploads\/2024\/05\/balo_progetti_cure_Mediche.jpeg\"},{\"@type\":\"BreadcrumbList\",\"@id\":\"https:\/\/www.balo.it\/cure-mediche\/#breadcrumb\",\"itemListElement\":[{\"@type\":\"ListItem\",\"position\":1,\"name\":\"Home\",\"item\":\"https:\/\/www.balo.it\/\"},{\"@type\":\"ListItem\",\"position\":2,\"name\":\"Cure mediche\"}]},{\"@type\":\"WebSite\",\"@id\":\"https:\/\/www.balo.it\/#website\",\"url\":\"https:\/\/www.balo.it\/\",\"name\":\"Bal\u00f2\",\"description\":\"\",\"publisher\":{\"@id\":\"https:\/\/www.balo.it\/#organization\"},\"potentialAction\":[{\"@type\":\"SearchAction\",\"target\":{\"@type\":\"EntryPoint\",\"urlTemplate\":\"https:\/\/www.balo.it\/?s={search_term_string}\"},\"query-input\":{\"@type\":\"PropertyValueSpecification\",\"valueRequired\":true,\"valueName\":\"search_term_string\"}}],\"inLanguage\":\"en-GB\"},{\"@type\":\"Organization\",\"@id\":\"https:\/\/www.balo.it\/#organization\",\"name\":\"Bal\u00f2\",\"url\":\"https:\/\/www.balo.it\/\",\"logo\":{\"@type\":\"ImageObject\",\"inLanguage\":\"en-GB\",\"@id\":\"https:\/\/www.balo.it\/#\/schema\/logo\/image\/\",\"url\":\"https:\/\/www.balo.it\/wp-content\/uploads\/2024\/05\/Balo_odv_bollino.png\",\"contentUrl\":\"https:\/\/www.balo.it\/wp-content\/uploads\/2024\/05\/Balo_odv_bollino.png\",\"width\":1922,\"height\":1921,\"caption\":\"Bal\u00f2\"},\"image\":{\"@id\":\"https:\/\/www.balo.it\/#\/schema\/logo\/image\/\"}}]}<\/script>\n<!-- \/ Yoast SEO plugin. -->","yoast_head_json":{"title":"Cure mediche - Bal\u00f2","robots":{"index":"index","follow":"follow","max-snippet":"max-snippet:-1","max-image-preview":"max-image-preview:large","max-video-preview":"max-video-preview:-1"},"canonical":"https:\/\/www.balo.it\/en\/cure-mediche\/","og_locale":"en_GB","og_type":"article","og_title":"Cure mediche - Bal\u00f2","og_description":"Per i bambini, i loro genitori e tutto il personale di Bal\u00f2. Sono molte le malattie che colpiscono adulti e bambini che vivono in una baraccopoli come quella dove lavora Bal\u00f2. Le fogne sono a cielo aperto, l\u2019acqua non \u00e8 potabile e gli ammassi di rifiuti sono ovunque. Anche le pi\u00f9 basilari norme igieniche sono [&hellip;]","og_url":"https:\/\/www.balo.it\/en\/cure-mediche\/","og_site_name":"Bal\u00f2","article_modified_time":"2024-06-03T14:09:58+00:00","og_image":[{"url":"https:\/\/www.balo.it\/wp-content\/uploads\/2024\/05\/balo_progetti_cure_Mediche.jpeg","type":"","width":"","height":""}],"twitter_card":"summary_large_image","twitter_misc":{"Estimated reading time":"1 minute"},"schema":{"@context":"https:\/\/schema.org","@graph":[{"@type":"WebPage","@id":"https:\/\/www.balo.it\/cure-mediche\/","url":"https:\/\/www.balo.it\/cure-mediche\/","name":"Cure mediche - Bal\u00f2","isPartOf":{"@id":"https:\/\/www.balo.it\/#website"},"primaryImageOfPage":{"@id":"https:\/\/www.balo.it\/cure-mediche\/#primaryimage"},"image":{"@id":"https:\/\/www.balo.it\/cure-mediche\/#primaryimage"},"thumbnailUrl":"https:\/\/www.balo.it\/wp-content\/uploads\/2024\/05\/balo_progetti_cure_Mediche.jpeg","datePublished":"2024-05-13T08:54:03+00:00","dateModified":"2024-06-03T14:09:58+00:00","breadcrumb":{"@id":"https:\/\/www.balo.it\/cure-mediche\/#breadcrumb"},"inLanguage":"en-GB","potentialAction":[{"@type":"ReadAction","target":["https:\/\/www.balo.it\/cure-mediche\/"]}]},{"@type":"ImageObject","inLanguage":"en-GB","@id":"https:\/\/www.balo.it\/cure-mediche\/#primaryimage","url":"https:\/\/www.balo.it\/wp-content\/uploads\/2024\/05\/balo_progetti_cure_Mediche.jpeg","contentUrl":"https:\/\/www.balo.it\/wp-content\/uploads\/2024\/05\/balo_progetti_cure_Mediche.jpeg"},{"@type":"BreadcrumbList","@id":"https:\/\/www.balo.it\/cure-mediche\/#breadcrumb","itemListElement":[{"@type":"ListItem","position":1,"name":"Home","item":"https:\/\/www.balo.it\/"},{"@type":"ListItem","position":2,"name":"Cure mediche"}]},{"@type":"WebSite","@id":"https:\/\/www.balo.it\/#website","url":"https:\/\/www.balo.it\/","name":"Bal\u00f2","description":"","publisher":{"@id":"https:\/\/www.balo.it\/#organization"},"potentialAction":[{"@type":"SearchAction","target":{"@type":"EntryPoint","urlTemplate":"https:\/\/www.balo.it\/?s={search_term_string}"},"query-input":{"@type":"PropertyValueSpecification","valueRequired":true,"valueName":"search_term_string"}}],"inLanguage":"en-GB"},{"@type":"Organization","@id":"https:\/\/www.balo.it\/#organization","name":"Bal\u00f2","url":"https:\/\/www.balo.it\/","logo":{"@type":"ImageObject","inLanguage":"en-GB","@id":"https:\/\/www.balo.it\/#\/schema\/logo\/image\/","url":"https:\/\/www.balo.it\/wp-content\/uploads\/2024\/05\/Balo_odv_bollino.png","contentUrl":"https:\/\/www.balo.it\/wp-content\/uploads\/2024\/05\/Balo_odv_bollino.png","width":1922,"height":1921,"caption":"Bal\u00f2"},"image":{"@id":"https:\/\/www.balo.it\/#\/schema\/logo\/image\/"}}]}},"_links":{"self":[{"href":"https:\/\/www.balo.it\/en\/wp-json\/wp\/v2\/pages\/30","targetHints":{"allow":["GET"]}}],"collection":[{"href":"https:\/\/www.balo.it\/en\/wp-json\/wp\/v2\/pages"}],"about":[{"href":"https:\/\/www.balo.it\/en\/wp-json\/wp\/v2\/types\/page"}],"author":[{"embeddable":true,"href":"https:\/\/www.balo.it\/en\/wp-json\/wp\/v2\/users\/1"}],"replies":[{"embeddable":true,"href":"https:\/\/www.balo.it\/en\/wp-json\/wp\/v2\/comments?post=30"}],"version-history":[{"count":0,"href":"https:\/\/www.balo.it\/en\/wp-json\/wp\/v2\/pages\/30\/revisions"}],"wp:attachment":[{"href":"https:\/\/www.balo.it\/en\/wp-json\/wp\/v2\/media?parent=30"}],"curies":[{"name":"wp","href":"https:\/\/api.w.org\/{rel}","templated":true}]}}