{"id":34,"date":"2024-05-13T10:54:46","date_gmt":"2024-05-13T08:54:46","guid":{"rendered":"https:\/\/balo.k8s.pleiadiinternational.com\/?page_id=34"},"modified":"2024-06-03T11:33:23","modified_gmt":"2024-06-03T09:33:23","slug":"5x1000","status":"publish","type":"page","link":"https:\/\/www.balo.it\/en\/5x1000\/","title":{"rendered":"5&#215;1000"},"content":{"rendered":"<div data-elementor-type=\"wp-page\" data-elementor-id=\"34\" class=\"elementor elementor-34\" data-elementor-post-type=\"page\">\n\t\t\t\t<div class=\"elementor-element elementor-element-3dfa8814 e-flex e-con-boxed e-con e-parent\" data-id=\"3dfa8814\" data-element_type=\"container\" data-settings=\"{&quot;background_background&quot;:&quot;classic&quot;}\">\n\t\t\t\t\t<div class=\"e-con-inner\">\n\t\t\t\t<div class=\"elementor-element elementor-element-6b7ad5b elementor-widget elementor-widget-heading\" data-id=\"6b7ad5b\" data-element_type=\"widget\" data-widget_type=\"heading.default\">\n\t\t\t\t<div class=\"elementor-widget-container\">\n\t\t\t\t\t<h2 class=\"elementor-heading-title elementor-size-default\">5x1000<\/h2>\t\t\t\t<\/div>\n\t\t\t\t<\/div>\n\t\t\t\t<div class=\"elementor-element elementor-element-5f396cc elementor-widget elementor-widget-heading\" data-id=\"5f396cc\" data-element_type=\"widget\" data-widget_type=\"heading.default\">\n\t\t\t\t<div class=\"elementor-widget-container\">\n\t\t\t\t\t<h2 class=\"elementor-heading-title elementor-size-default\">Give a future full of smiles, love and hope.<\/h2>\t\t\t\t<\/div>\n\t\t\t\t<\/div>\n\t\t\t\t\t<\/div>\n\t\t\t\t<\/div>\n\t\t<div class=\"elementor-element elementor-element-26924297 e-flex e-con-boxed e-con e-parent\" data-id=\"26924297\" data-element_type=\"container\">\n\t\t\t\t\t<div class=\"e-con-inner\">\n\t\t\t\t<div class=\"elementor-element elementor-element-480118d elementor-hidden-mobile elementor-widget elementor-widget-image\" data-id=\"480118d\" data-element_type=\"widget\" data-widget_type=\"image.default\">\n\t\t\t\t<div class=\"elementor-widget-container\">\n\t\t\t\t\t\t\t\t\t\t\t\t\t\t\t<img fetchpriority=\"high\" decoding=\"async\" width=\"1400\" height=\"500\" src=\"https:\/\/www.balo.it\/wp-content\/uploads\/2024\/06\/balo_comeAiutarci_banner_5x1000.jpg\" class=\"attachment-full size-full wp-image-2160\" alt=\"\" srcset=\"https:\/\/www.balo.it\/wp-content\/uploads\/2024\/06\/balo_comeAiutarci_banner_5x1000.jpg 1400w, https:\/\/www.balo.it\/wp-content\/uploads\/2024\/06\/balo_comeAiutarci_banner_5x1000-300x107.jpg 300w, https:\/\/www.balo.it\/wp-content\/uploads\/2024\/06\/balo_comeAiutarci_banner_5x1000-1024x366.jpg 1024w, https:\/\/www.balo.it\/wp-content\/uploads\/2024\/06\/balo_comeAiutarci_banner_5x1000-768x274.jpg 768w, https:\/\/www.balo.it\/wp-content\/uploads\/2024\/06\/balo_comeAiutarci_banner_5x1000-18x6.jpg 18w\" sizes=\"(max-width: 1400px) 100vw, 1400px\" \/>\t\t\t\t\t\t\t\t\t\t\t\t\t\t\t<\/div>\n\t\t\t\t<\/div>\n\t\t<div class=\"elementor-element elementor-element-9700087 elementor-hidden-desktop elementor-hidden-tablet e-flex e-con-boxed e-con e-child\" data-id=\"9700087\" data-element_type=\"container\" data-settings=\"{&quot;background_background&quot;:&quot;classic&quot;}\">\n\t\t\t\t\t<div class=\"e-con-inner\">\n\t\t\t\t\t<\/div>\n\t\t\t\t<\/div>\n\t\t\t\t\t<\/div>\n\t\t\t\t<\/div>\n\t\t<div class=\"elementor-element elementor-element-cd3e389 e-flex e-con-boxed e-con e-parent\" data-id=\"cd3e389\" data-element_type=\"container\">\n\t\t\t\t\t<div class=\"e-con-inner\">\n\t\t\t\t<div class=\"elementor-element elementor-element-cd41be8 elementor-widget elementor-widget-text-editor\" data-id=\"cd41be8\" data-element_type=\"widget\" data-widget_type=\"text-editor.default\">\n\t\t\t\t<div class=\"elementor-widget-container\">\n\t\t\t\t\t\t\t\t\t<p>For several years, in support of the voluntary service of social promotion associations and other recognized foundations and associations, there is the possibility of allocating 5x1000 of one\u2019s taxes.<\/p><p>Even Bal\u00f2 ODV is included in the list of these organizations and can, therefore, be the recipient of 5x1000 of anyone who decides, at the time of the Income Statement, to opt for this choice by entering the<\/p>\t\t\t\t\t\t\t\t<\/div>\n\t\t\t\t<\/div>\n\t\t\t\t\t<\/div>\n\t\t\t\t<\/div>\n\t\t<div class=\"elementor-element elementor-element-75f6c40 e-flex e-con-boxed e-con e-parent\" data-id=\"75f6c40\" data-element_type=\"container\">\n\t\t\t\t\t<div class=\"e-con-inner\">\n\t\t\t\t<div class=\"elementor-element elementor-element-5b4e28e elementor-widget elementor-widget-heading\" data-id=\"5b4e28e\" data-element_type=\"widget\" data-widget_type=\"heading.default\">\n\t\t\t\t<div class=\"elementor-widget-container\">\n\t\t\t\t\t<h2 class=\"elementor-heading-title elementor-size-default\">Association's tax code: 90056320402.\n<\/h2>\t\t\t\t<\/div>\n\t\t\t\t<\/div>\n\t\t\t\t\t<\/div>\n\t\t\t\t<\/div>\n\t\t<div class=\"elementor-element elementor-element-d25d0bc e-flex e-con-boxed e-con e-parent\" data-id=\"d25d0bc\" data-element_type=\"container\">\n\t\t\t\t\t<div class=\"e-con-inner\">\n\t\t<div class=\"elementor-element elementor-element-4437087 e-con-full e-flex e-con e-child\" data-id=\"4437087\" data-element_type=\"container\">\n\t\t\t\t<div class=\"elementor-element elementor-element-2b47ab2 elementor-widget elementor-widget-image\" data-id=\"2b47ab2\" data-element_type=\"widget\" data-widget_type=\"image.default\">\n\t\t\t\t<div class=\"elementor-widget-container\">\n\t\t\t\t\t\t\t\t\t\t\t\t\t\t\t<img decoding=\"async\" width=\"827\" height=\"366\" src=\"https:\/\/www.balo.it\/wp-content\/uploads\/2024\/05\/balo_5x1000_codice_fiscale.jpeg\" class=\"attachment-large size-large wp-image-647\" alt=\"\" srcset=\"https:\/\/www.balo.it\/wp-content\/uploads\/2024\/05\/balo_5x1000_codice_fiscale.jpeg 827w, https:\/\/www.balo.it\/wp-content\/uploads\/2024\/05\/balo_5x1000_codice_fiscale-300x133.jpeg 300w, https:\/\/www.balo.it\/wp-content\/uploads\/2024\/05\/balo_5x1000_codice_fiscale-768x340.jpeg 768w, https:\/\/www.balo.it\/wp-content\/uploads\/2024\/05\/balo_5x1000_codice_fiscale-18x8.jpeg 18w\" sizes=\"(max-width: 827px) 100vw, 827px\" \/>\t\t\t\t\t\t\t\t\t\t\t\t\t\t\t<\/div>\n\t\t\t\t<\/div>\n\t\t\t\t<\/div>\n\t\t<div class=\"elementor-element elementor-element-6bd45df e-con-full e-flex e-con e-child\" data-id=\"6bd45df\" data-element_type=\"container\">\n\t\t\t\t<div class=\"elementor-element elementor-element-b042b58 elementor-widget elementor-widget-text-editor\" data-id=\"b042b58\" data-element_type=\"widget\" data-widget_type=\"text-editor.default\">\n\t\t\t\t<div class=\"elementor-widget-container\">\n\t\t\t\t\t\t\t\t\t<p><span style=\"font-weight: 400;\">In 2019 with the donations of 5x1000 amounting to \u20ac 8,858.33 we were able to cover for 6 months the school\u2019s food cost, about 250 meals a day.\u00a0<\/span><\/p><p><b>Thanks to your support we will be able to offer more meals.<\/b><\/p><p><span style=\"font-weight: 400;\">Just a gesture, it costs you nothing but for our children it is the everyday food, often the only one.<\/span><\/p>\t\t\t\t\t\t\t\t<\/div>\n\t\t\t\t<\/div>\n\t\t\t\t<\/div>\n\t\t\t\t\t<\/div>\n\t\t\t\t<\/div>\n\t\t<div class=\"elementor-element elementor-element-115ee51 e-flex e-con-boxed e-con e-parent\" data-id=\"115ee51\" data-element_type=\"container\">\n\t\t\t\t\t<div class=\"e-con-inner\">\n\t\t\t\t<div class=\"elementor-element elementor-element-26095cc elementor-widget elementor-widget-button\" data-id=\"26095cc\" data-element_type=\"widget\" data-widget_type=\"button.default\">\n\t\t\t\t<div class=\"elementor-widget-container\">\n\t\t\t\t\t\t\t\t\t<div class=\"elementor-button-wrapper\">\n\t\t\t\t\t<a class=\"elementor-button elementor-button-link elementor-size-sm\" href=\"https:\/\/www.balo.it\/en\/contattaci\/\">\n\t\t\t\t\t\t<span class=\"elementor-button-content-wrapper\">\n\t\t\t\t\t\t\t\t\t<span class=\"elementor-button-text\">Request information<\/span>\n\t\t\t\t\t<\/span>\n\t\t\t\t\t<\/a>\n\t\t\t\t<\/div>\n\t\t\t\t\t\t\t\t<\/div>\n\t\t\t\t<\/div>\n\t\t\t\t\t<\/div>\n\t\t\t\t<\/div>\n\t\t\t\t<\/div>","protected":false},"excerpt":{"rendered":"<p>Dona il 5&#215;1000 Dona un futuro pieno di sorrisi, amore e speranza. Da alcuni anni, a sostegno del volontariato di associazioni di promozione sociale e di altre fondazioni e associazioni riconosciute, c\u2019\u00e8 la possibilit\u00e0 di destinare il cinque per mille delle proprie imposte. Anche Bal\u00f2 ODV rientra nell\u2019elenco di queste organizzazioni e pu\u00f2, quindi, essere [&hellip;]<\/p>","protected":false},"author":1,"featured_media":0,"parent":0,"menu_order":0,"comment_status":"closed","ping_status":"closed","template":"","meta":{"_acf_changed":false,"site-sidebar-layout":"no-sidebar","site-content-layout":"page-builder","ast-site-content-layout":"full-width-container","site-content-style":"default","site-sidebar-style":"default","ast-global-header-display":"","ast-banner-title-visibility":"","ast-main-header-display":"","ast-hfb-above-header-display":"","ast-hfb-below-header-display":"","ast-hfb-mobile-header-display":"","site-post-title":"disabled","ast-breadcrumbs-content":"","ast-featured-img":"disabled","footer-sml-layout":"","theme-transparent-header-meta":"","adv-header-id-meta":"","stick-header-meta":"","header-above-stick-meta":"","header-main-stick-meta":"","header-below-stick-meta":"","astra-migrate-meta-layouts":"set","ast-page-background-enabled":"default","ast-page-background-meta":{"desktop":{"background-color":"var(--ast-global-color-4)","background-image":"","background-repeat":"repeat","background-position":"center center","background-size":"auto","background-attachment":"scroll","background-type":"","background-media":"","overlay-type":"","overlay-color":"","overlay-opacity":"","overlay-gradient":""},"tablet":{"background-color":"","background-image":"","background-repeat":"repeat","background-position":"center center","background-size":"auto","background-attachment":"scroll","background-type":"","background-media":"","overlay-type":"","overlay-color":"","overlay-opacity":"","overlay-gradient":""},"mobile":{"background-color":"","background-image":"","background-repeat":"repeat","background-position":"center center","background-size":"auto","background-attachment":"scroll","background-type":"","background-media":"","overlay-type":"","overlay-color":"","overlay-opacity":"","overlay-gradient":""}},"ast-content-background-meta":{"desktop":{"background-color":"var(--ast-global-color-5)","background-image":"","background-repeat":"repeat","background-position":"center center","background-size":"auto","background-attachment":"scroll","background-type":"","background-media":"","overlay-type":"","overlay-color":"","overlay-opacity":"","overlay-gradient":""},"tablet":{"background-color":"var(--ast-global-color-5)","background-image":"","background-repeat":"repeat","background-position":"center center","background-size":"auto","background-attachment":"scroll","background-type":"","background-media":"","overlay-type":"","overlay-color":"","overlay-opacity":"","overlay-gradient":""},"mobile":{"background-color":"var(--ast-global-color-5)","background-image":"","background-repeat":"repeat","background-position":"center center","background-size":"auto","background-attachment":"scroll","background-type":"","background-media":"","overlay-type":"","overlay-color":"","overlay-opacity":"","overlay-gradient":""}},"footnotes":""},"class_list":["post-34","page","type-page","status-publish","hentry"],"acf":[],"yoast_head":"<!-- This site is optimized with the Yoast SEO plugin v25.6 - https:\/\/yoast.com\/wordpress\/plugins\/seo\/ -->\n<title>5x1000 - Bal\u00f2<\/title>\n<meta name=\"robots\" content=\"index, follow, max-snippet:-1, max-image-preview:large, max-video-preview:-1\" \/>\n<link rel=\"canonical\" href=\"https:\/\/www.balo.it\/en\/5x1000\/\" \/>\n<meta property=\"og:locale\" content=\"en_GB\" \/>\n<meta property=\"og:type\" content=\"article\" \/>\n<meta property=\"og:title\" content=\"5x1000 - Bal\u00f2\" \/>\n<meta property=\"og:description\" content=\"Dona il 5&#215;1000 Dona un futuro pieno di sorrisi, amore e speranza. Da alcuni anni, a sostegno del volontariato di associazioni di promozione sociale e di altre fondazioni e associazioni riconosciute, c\u2019\u00e8 la possibilit\u00e0 di destinare il cinque per mille delle proprie imposte. Anche Bal\u00f2 ODV rientra nell\u2019elenco di queste organizzazioni e pu\u00f2, quindi, essere [&hellip;]\" \/>\n<meta property=\"og:url\" content=\"https:\/\/www.balo.it\/en\/5x1000\/\" \/>\n<meta property=\"og:site_name\" content=\"Bal\u00f2\" \/>\n<meta property=\"article:modified_time\" content=\"2024-06-03T09:33:23+00:00\" \/>\n<meta property=\"og:image\" content=\"https:\/\/www.balo.it\/wp-content\/uploads\/2024\/06\/balo_comeAiutarci_banner_5x1000.jpg\" \/>\n<meta name=\"twitter:card\" content=\"summary_large_image\" \/>\n<meta name=\"twitter:label1\" content=\"Estimated reading time\" \/>\n\t<meta name=\"twitter:data1\" content=\"2 minutes\" \/>\n<script type=\"application\/ld+json\" class=\"yoast-schema-graph\">{\"@context\":\"https:\/\/schema.org\",\"@graph\":[{\"@type\":\"WebPage\",\"@id\":\"https:\/\/www.balo.it\/5x1000\/\",\"url\":\"https:\/\/www.balo.it\/5x1000\/\",\"name\":\"5x1000 - Bal\u00f2\",\"isPartOf\":{\"@id\":\"https:\/\/www.balo.it\/#website\"},\"primaryImageOfPage\":{\"@id\":\"https:\/\/www.balo.it\/5x1000\/#primaryimage\"},\"image\":{\"@id\":\"https:\/\/www.balo.it\/5x1000\/#primaryimage\"},\"thumbnailUrl\":\"https:\/\/www.balo.it\/wp-content\/uploads\/2024\/06\/balo_comeAiutarci_banner_5x1000.jpg\",\"datePublished\":\"2024-05-13T08:54:46+00:00\",\"dateModified\":\"2024-06-03T09:33:23+00:00\",\"breadcrumb\":{\"@id\":\"https:\/\/www.balo.it\/5x1000\/#breadcrumb\"},\"inLanguage\":\"en-GB\",\"potentialAction\":[{\"@type\":\"ReadAction\",\"target\":[\"https:\/\/www.balo.it\/5x1000\/\"]}]},{\"@type\":\"ImageObject\",\"inLanguage\":\"en-GB\",\"@id\":\"https:\/\/www.balo.it\/5x1000\/#primaryimage\",\"url\":\"https:\/\/www.balo.it\/wp-content\/uploads\/2024\/06\/balo_comeAiutarci_banner_5x1000.jpg\",\"contentUrl\":\"https:\/\/www.balo.it\/wp-content\/uploads\/2024\/06\/balo_comeAiutarci_banner_5x1000.jpg\"},{\"@type\":\"BreadcrumbList\",\"@id\":\"https:\/\/www.balo.it\/5x1000\/#breadcrumb\",\"itemListElement\":[{\"@type\":\"ListItem\",\"position\":1,\"name\":\"Home\",\"item\":\"https:\/\/www.balo.it\/\"},{\"@type\":\"ListItem\",\"position\":2,\"name\":\"5&#215;1000\"}]},{\"@type\":\"WebSite\",\"@id\":\"https:\/\/www.balo.it\/#website\",\"url\":\"https:\/\/www.balo.it\/\",\"name\":\"Bal\u00f2\",\"description\":\"\",\"publisher\":{\"@id\":\"https:\/\/www.balo.it\/#organization\"},\"potentialAction\":[{\"@type\":\"SearchAction\",\"target\":{\"@type\":\"EntryPoint\",\"urlTemplate\":\"https:\/\/www.balo.it\/?s={search_term_string}\"},\"query-input\":{\"@type\":\"PropertyValueSpecification\",\"valueRequired\":true,\"valueName\":\"search_term_string\"}}],\"inLanguage\":\"en-GB\"},{\"@type\":\"Organization\",\"@id\":\"https:\/\/www.balo.it\/#organization\",\"name\":\"Bal\u00f2\",\"url\":\"https:\/\/www.balo.it\/\",\"logo\":{\"@type\":\"ImageObject\",\"inLanguage\":\"en-GB\",\"@id\":\"https:\/\/www.balo.it\/#\/schema\/logo\/image\/\",\"url\":\"https:\/\/www.balo.it\/wp-content\/uploads\/2024\/05\/Balo_odv_bollino.png\",\"contentUrl\":\"https:\/\/www.balo.it\/wp-content\/uploads\/2024\/05\/Balo_odv_bollino.png\",\"width\":1922,\"height\":1921,\"caption\":\"Bal\u00f2\"},\"image\":{\"@id\":\"https:\/\/www.balo.it\/#\/schema\/logo\/image\/\"}}]}<\/script>\n<!-- \/ Yoast SEO plugin. -->","yoast_head_json":{"title":"5x1000 - Bal\u00f2","robots":{"index":"index","follow":"follow","max-snippet":"max-snippet:-1","max-image-preview":"max-image-preview:large","max-video-preview":"max-video-preview:-1"},"canonical":"https:\/\/www.balo.it\/en\/5x1000\/","og_locale":"en_GB","og_type":"article","og_title":"5x1000 - Bal\u00f2","og_description":"Dona il 5&#215;1000 Dona un futuro pieno di sorrisi, amore e speranza. Da alcuni anni, a sostegno del volontariato di associazioni di promozione sociale e di altre fondazioni e associazioni riconosciute, c\u2019\u00e8 la possibilit\u00e0 di destinare il cinque per mille delle proprie imposte. Anche Bal\u00f2 ODV rientra nell\u2019elenco di queste organizzazioni e pu\u00f2, quindi, essere [&hellip;]","og_url":"https:\/\/www.balo.it\/en\/5x1000\/","og_site_name":"Bal\u00f2","article_modified_time":"2024-06-03T09:33:23+00:00","og_image":[{"url":"https:\/\/www.balo.it\/wp-content\/uploads\/2024\/06\/balo_comeAiutarci_banner_5x1000.jpg","type":"","width":"","height":""}],"twitter_card":"summary_large_image","twitter_misc":{"Estimated reading time":"2 minutes"},"schema":{"@context":"https:\/\/schema.org","@graph":[{"@type":"WebPage","@id":"https:\/\/www.balo.it\/5x1000\/","url":"https:\/\/www.balo.it\/5x1000\/","name":"5x1000 - Bal\u00f2","isPartOf":{"@id":"https:\/\/www.balo.it\/#website"},"primaryImageOfPage":{"@id":"https:\/\/www.balo.it\/5x1000\/#primaryimage"},"image":{"@id":"https:\/\/www.balo.it\/5x1000\/#primaryimage"},"thumbnailUrl":"https:\/\/www.balo.it\/wp-content\/uploads\/2024\/06\/balo_comeAiutarci_banner_5x1000.jpg","datePublished":"2024-05-13T08:54:46+00:00","dateModified":"2024-06-03T09:33:23+00:00","breadcrumb":{"@id":"https:\/\/www.balo.it\/5x1000\/#breadcrumb"},"inLanguage":"en-GB","potentialAction":[{"@type":"ReadAction","target":["https:\/\/www.balo.it\/5x1000\/"]}]},{"@type":"ImageObject","inLanguage":"en-GB","@id":"https:\/\/www.balo.it\/5x1000\/#primaryimage","url":"https:\/\/www.balo.it\/wp-content\/uploads\/2024\/06\/balo_comeAiutarci_banner_5x1000.jpg","contentUrl":"https:\/\/www.balo.it\/wp-content\/uploads\/2024\/06\/balo_comeAiutarci_banner_5x1000.jpg"},{"@type":"BreadcrumbList","@id":"https:\/\/www.balo.it\/5x1000\/#breadcrumb","itemListElement":[{"@type":"ListItem","position":1,"name":"Home","item":"https:\/\/www.balo.it\/"},{"@type":"ListItem","position":2,"name":"5&#215;1000"}]},{"@type":"WebSite","@id":"https:\/\/www.balo.it\/#website","url":"https:\/\/www.balo.it\/","name":"Bal\u00f2","description":"","publisher":{"@id":"https:\/\/www.balo.it\/#organization"},"potentialAction":[{"@type":"SearchAction","target":{"@type":"EntryPoint","urlTemplate":"https:\/\/www.balo.it\/?s={search_term_string}"},"query-input":{"@type":"PropertyValueSpecification","valueRequired":true,"valueName":"search_term_string"}}],"inLanguage":"en-GB"},{"@type":"Organization","@id":"https:\/\/www.balo.it\/#organization","name":"Bal\u00f2","url":"https:\/\/www.balo.it\/","logo":{"@type":"ImageObject","inLanguage":"en-GB","@id":"https:\/\/www.balo.it\/#\/schema\/logo\/image\/","url":"https:\/\/www.balo.it\/wp-content\/uploads\/2024\/05\/Balo_odv_bollino.png","contentUrl":"https:\/\/www.balo.it\/wp-content\/uploads\/2024\/05\/Balo_odv_bollino.png","width":1922,"height":1921,"caption":"Bal\u00f2"},"image":{"@id":"https:\/\/www.balo.it\/#\/schema\/logo\/image\/"}}]}},"_links":{"self":[{"href":"https:\/\/www.balo.it\/en\/wp-json\/wp\/v2\/pages\/34","targetHints":{"allow":["GET"]}}],"collection":[{"href":"https:\/\/www.balo.it\/en\/wp-json\/wp\/v2\/pages"}],"about":[{"href":"https:\/\/www.balo.it\/en\/wp-json\/wp\/v2\/types\/page"}],"author":[{"embeddable":true,"href":"https:\/\/www.balo.it\/en\/wp-json\/wp\/v2\/users\/1"}],"replies":[{"embeddable":true,"href":"https:\/\/www.balo.it\/en\/wp-json\/wp\/v2\/comments?post=34"}],"version-history":[{"count":0,"href":"https:\/\/www.balo.it\/en\/wp-json\/wp\/v2\/pages\/34\/revisions"}],"wp:attachment":[{"href":"https:\/\/www.balo.it\/en\/wp-json\/wp\/v2\/media?parent=34"}],"curies":[{"name":"wp","href":"https:\/\/api.w.org\/{rel}","templated":true}]}}