{"id":42,"date":"2024-05-13T10:56:31","date_gmt":"2024-05-13T08:56:31","guid":{"rendered":"https:\/\/balo.k8s.pleiadiinternational.com\/?page_id=42"},"modified":"2024-06-03T11:46:44","modified_gmt":"2024-06-03T09:46:44","slug":"il-tuo-evento-per-balo","status":"publish","type":"page","link":"https:\/\/www.balo.it\/en\/il-tuo-evento-per-balo\/","title":{"rendered":"Your event for Bal\u00f2"},"content":{"rendered":"<div data-elementor-type=\"wp-page\" data-elementor-id=\"42\" class=\"elementor elementor-42\" data-elementor-post-type=\"page\">\n\t\t\t\t<div class=\"elementor-element elementor-element-2fb13e4f e-flex e-con-boxed e-con e-parent\" data-id=\"2fb13e4f\" data-element_type=\"container\" data-settings=\"{&quot;background_background&quot;:&quot;classic&quot;}\">\n\t\t\t\t\t<div class=\"e-con-inner\">\n\t\t\t\t<div class=\"elementor-element elementor-element-7642a176 elementor-widget elementor-widget-heading\" data-id=\"7642a176\" data-element_type=\"widget\" data-widget_type=\"heading.default\">\n\t\t\t\t<div class=\"elementor-widget-container\">\n\t\t\t\t\t<h2 class=\"elementor-heading-title elementor-size-default\">Your event for Bal\u00f2:\nan added pleasure to your party!\n<\/h2>\t\t\t\t<\/div>\n\t\t\t\t<\/div>\n\t\t\t\t\t<\/div>\n\t\t\t\t<\/div>\n\t\t<div class=\"elementor-element elementor-element-516ec74 e-flex e-con-boxed e-con e-parent\" data-id=\"516ec74\" data-element_type=\"container\">\n\t\t\t\t\t<div class=\"e-con-inner\">\n\t\t\t\t<div class=\"elementor-element elementor-element-be09987 elementor-hidden-mobile elementor-widget elementor-widget-image\" data-id=\"be09987\" data-element_type=\"widget\" data-widget_type=\"image.default\">\n\t\t\t\t<div class=\"elementor-widget-container\">\n\t\t\t\t\t\t\t\t\t\t\t\t\t\t\t<img fetchpriority=\"high\" decoding=\"async\" width=\"1400\" height=\"500\" src=\"https:\/\/www.balo.it\/wp-content\/uploads\/2024\/05\/balo_comeAiutarci_IlTuoEventoperBalo.jpeg\" class=\"attachment-full size-full wp-image-702\" alt=\"\" srcset=\"https:\/\/www.balo.it\/wp-content\/uploads\/2024\/05\/balo_comeAiutarci_IlTuoEventoperBalo.jpeg 1400w, https:\/\/www.balo.it\/wp-content\/uploads\/2024\/05\/balo_comeAiutarci_IlTuoEventoperBalo-300x107.jpeg 300w, https:\/\/www.balo.it\/wp-content\/uploads\/2024\/05\/balo_comeAiutarci_IlTuoEventoperBalo-1024x366.jpeg 1024w, https:\/\/www.balo.it\/wp-content\/uploads\/2024\/05\/balo_comeAiutarci_IlTuoEventoperBalo-768x274.jpeg 768w, https:\/\/www.balo.it\/wp-content\/uploads\/2024\/05\/balo_comeAiutarci_IlTuoEventoperBalo-18x6.jpeg 18w\" sizes=\"(max-width: 1400px) 100vw, 1400px\" \/>\t\t\t\t\t\t\t\t\t\t\t\t\t\t\t<\/div>\n\t\t\t\t<\/div>\n\t\t<div class=\"elementor-element elementor-element-2a83491 elementor-hidden-desktop elementor-hidden-tablet e-flex e-con-boxed e-con e-child\" data-id=\"2a83491\" data-element_type=\"container\" data-settings=\"{&quot;background_background&quot;:&quot;classic&quot;}\">\n\t\t\t\t\t<div class=\"e-con-inner\">\n\t\t\t\t\t<\/div>\n\t\t\t\t<\/div>\n\t\t\t\t\t<\/div>\n\t\t\t\t<\/div>\n\t\t<div class=\"elementor-element elementor-element-86bffec e-flex e-con-boxed e-con e-parent\" data-id=\"86bffec\" data-element_type=\"container\">\n\t\t\t\t\t<div class=\"e-con-inner\">\n\t\t\t\t<div class=\"elementor-element elementor-element-86d3fcb elementor-widget elementor-widget-heading\" data-id=\"86d3fcb\" data-element_type=\"widget\" data-widget_type=\"heading.default\">\n\t\t\t\t<div class=\"elementor-widget-container\">\n\t\t\t\t\t<h2 class=\"elementor-heading-title elementor-size-default\">Organize an event to raise funds or donate the proceeds of your event\n<\/h2>\t\t\t\t<\/div>\n\t\t\t\t<\/div>\n\t\t\t\t<div class=\"elementor-element elementor-element-69145cd elementor-widget elementor-widget-text-editor\" data-id=\"69145cd\" data-element_type=\"widget\" data-widget_type=\"text-editor.default\">\n\t\t\t\t<div class=\"elementor-widget-container\">\n\t\t\t\t\t\t\t\t\t<div class=\"wpb_text_column wpb_content_element vc_custom_1527774930316\"><div class=\"wpb_wrapper\"><p class=\" translation-block\">Help us to organize an event to raise funds or donate gifts from your already organized event: birthday, wedding, anniversary.<br>\n<b>The gratitude of the children and women of Bal\u00f2 will be a heartwarming experience for you.<\/b><\/p><\/div><\/div>\t\t\t\t\t\t\t\t<\/div>\n\t\t\t\t<\/div>\n\t\t\t\t<div class=\"elementor-element elementor-element-f50a323 elementor-widget elementor-widget-button\" data-id=\"f50a323\" data-element_type=\"widget\" data-widget_type=\"button.default\">\n\t\t\t\t<div class=\"elementor-widget-container\">\n\t\t\t\t\t\t\t\t\t<div class=\"elementor-button-wrapper\">\n\t\t\t\t\t<a class=\"elementor-button elementor-button-link elementor-size-sm\" href=\"https:\/\/www.balo.it\/en\/contattaci\/\">\n\t\t\t\t\t\t<span class=\"elementor-button-content-wrapper\">\n\t\t\t\t\t\t\t\t\t<span class=\"elementor-button-text\">Request information<\/span>\n\t\t\t\t\t<\/span>\n\t\t\t\t\t<\/a>\n\t\t\t\t<\/div>\n\t\t\t\t\t\t\t\t<\/div>\n\t\t\t\t<\/div>\n\t\t\t\t\t<\/div>\n\t\t\t\t<\/div>\n\t\t\t\t<\/div>","protected":false},"excerpt":{"rendered":"<p>Il tuo evento per Bal\u00f2: una gioia in pi\u00f9 portata alla tua festa! Organizza un evento per raccogliere fondi o devolvi il tuo evento Aiutaci a organizzare un evento per raccogliere fondi, oppure devolvi i regali del tuo evento gi\u00e0 organizzato: compleanno, matrimonio, anniversario.La gratitudine dei bimbi e delle donne di Bal\u00f2 sar\u00e0 per te [&hellip;]<\/p>","protected":false},"author":1,"featured_media":0,"parent":0,"menu_order":0,"comment_status":"closed","ping_status":"closed","template":"","meta":{"_acf_changed":false,"site-sidebar-layout":"no-sidebar","site-content-layout":"page-builder","ast-site-content-layout":"full-width-container","site-content-style":"default","site-sidebar-style":"default","ast-global-header-display":"","ast-banner-title-visibility":"","ast-main-header-display":"","ast-hfb-above-header-display":"","ast-hfb-below-header-display":"","ast-hfb-mobile-header-display":"","site-post-title":"disabled","ast-breadcrumbs-content":"","ast-featured-img":"disabled","footer-sml-layout":"","theme-transparent-header-meta":"","adv-header-id-meta":"","stick-header-meta":"","header-above-stick-meta":"","header-main-stick-meta":"","header-below-stick-meta":"","astra-migrate-meta-layouts":"set","ast-page-background-enabled":"default","ast-page-background-meta":{"desktop":{"background-color":"var(--ast-global-color-4)","background-image":"","background-repeat":"repeat","background-position":"center center","background-size":"auto","background-attachment":"scroll","background-type":"","background-media":"","overlay-type":"","overlay-color":"","overlay-opacity":"","overlay-gradient":""},"tablet":{"background-color":"","background-image":"","background-repeat":"repeat","background-position":"center center","background-size":"auto","background-attachment":"scroll","background-type":"","background-media":"","overlay-type":"","overlay-color":"","overlay-opacity":"","overlay-gradient":""},"mobile":{"background-color":"","background-image":"","background-repeat":"repeat","background-position":"center center","background-size":"auto","background-attachment":"scroll","background-type":"","background-media":"","overlay-type":"","overlay-color":"","overlay-opacity":"","overlay-gradient":""}},"ast-content-background-meta":{"desktop":{"background-color":"var(--ast-global-color-5)","background-image":"","background-repeat":"repeat","background-position":"center center","background-size":"auto","background-attachment":"scroll","background-type":"","background-media":"","overlay-type":"","overlay-color":"","overlay-opacity":"","overlay-gradient":""},"tablet":{"background-color":"var(--ast-global-color-5)","background-image":"","background-repeat":"repeat","background-position":"center center","background-size":"auto","background-attachment":"scroll","background-type":"","background-media":"","overlay-type":"","overlay-color":"","overlay-opacity":"","overlay-gradient":""},"mobile":{"background-color":"var(--ast-global-color-5)","background-image":"","background-repeat":"repeat","background-position":"center center","background-size":"auto","background-attachment":"scroll","background-type":"","background-media":"","overlay-type":"","overlay-color":"","overlay-opacity":"","overlay-gradient":""}},"footnotes":""},"class_list":["post-42","page","type-page","status-publish","hentry"],"acf":[],"yoast_head":"<!-- This site is optimized with the Yoast SEO plugin v25.6 - https:\/\/yoast.com\/wordpress\/plugins\/seo\/ -->\n<title>Il tuo evento per Bal\u00f2 - Bal\u00f2<\/title>\n<meta name=\"robots\" content=\"index, follow, max-snippet:-1, max-image-preview:large, max-video-preview:-1\" \/>\n<link rel=\"canonical\" href=\"https:\/\/www.balo.it\/en\/il-tuo-evento-per-balo\/\" \/>\n<meta property=\"og:locale\" content=\"en_GB\" \/>\n<meta property=\"og:type\" content=\"article\" \/>\n<meta property=\"og:title\" content=\"Il tuo evento per Bal\u00f2 - Bal\u00f2\" \/>\n<meta property=\"og:description\" content=\"Il tuo evento per Bal\u00f2: una gioia in pi\u00f9 portata alla tua festa! Organizza un evento per raccogliere fondi o devolvi il tuo evento Aiutaci a organizzare un evento per raccogliere fondi, oppure devolvi i regali del tuo evento gi\u00e0 organizzato: compleanno, matrimonio, anniversario.La gratitudine dei bimbi e delle donne di Bal\u00f2 sar\u00e0 per te [&hellip;]\" \/>\n<meta property=\"og:url\" content=\"https:\/\/www.balo.it\/en\/il-tuo-evento-per-balo\/\" \/>\n<meta property=\"og:site_name\" content=\"Bal\u00f2\" \/>\n<meta property=\"article:modified_time\" content=\"2024-06-03T09:46:44+00:00\" \/>\n<meta property=\"og:image\" content=\"https:\/\/www.balo.it\/wp-content\/uploads\/2024\/05\/balo_comeAiutarci_IlTuoEventoperBalo.jpeg\" \/>\n<meta name=\"twitter:card\" content=\"summary_large_image\" \/>\n<meta name=\"twitter:label1\" content=\"Estimated reading time\" \/>\n\t<meta name=\"twitter:data1\" content=\"1 minute\" \/>\n<script type=\"application\/ld+json\" class=\"yoast-schema-graph\">{\"@context\":\"https:\/\/schema.org\",\"@graph\":[{\"@type\":\"WebPage\",\"@id\":\"https:\/\/www.balo.it\/il-tuo-evento-per-balo\/\",\"url\":\"https:\/\/www.balo.it\/il-tuo-evento-per-balo\/\",\"name\":\"Il tuo evento per Bal\u00f2 - Bal\u00f2\",\"isPartOf\":{\"@id\":\"https:\/\/www.balo.it\/#website\"},\"primaryImageOfPage\":{\"@id\":\"https:\/\/www.balo.it\/il-tuo-evento-per-balo\/#primaryimage\"},\"image\":{\"@id\":\"https:\/\/www.balo.it\/il-tuo-evento-per-balo\/#primaryimage\"},\"thumbnailUrl\":\"https:\/\/www.balo.it\/wp-content\/uploads\/2024\/05\/balo_comeAiutarci_IlTuoEventoperBalo.jpeg\",\"datePublished\":\"2024-05-13T08:56:31+00:00\",\"dateModified\":\"2024-06-03T09:46:44+00:00\",\"breadcrumb\":{\"@id\":\"https:\/\/www.balo.it\/il-tuo-evento-per-balo\/#breadcrumb\"},\"inLanguage\":\"en-GB\",\"potentialAction\":[{\"@type\":\"ReadAction\",\"target\":[\"https:\/\/www.balo.it\/il-tuo-evento-per-balo\/\"]}]},{\"@type\":\"ImageObject\",\"inLanguage\":\"en-GB\",\"@id\":\"https:\/\/www.balo.it\/il-tuo-evento-per-balo\/#primaryimage\",\"url\":\"https:\/\/www.balo.it\/wp-content\/uploads\/2024\/05\/balo_comeAiutarci_IlTuoEventoperBalo.jpeg\",\"contentUrl\":\"https:\/\/www.balo.it\/wp-content\/uploads\/2024\/05\/balo_comeAiutarci_IlTuoEventoperBalo.jpeg\"},{\"@type\":\"BreadcrumbList\",\"@id\":\"https:\/\/www.balo.it\/il-tuo-evento-per-balo\/#breadcrumb\",\"itemListElement\":[{\"@type\":\"ListItem\",\"position\":1,\"name\":\"Home\",\"item\":\"https:\/\/www.balo.it\/\"},{\"@type\":\"ListItem\",\"position\":2,\"name\":\"Il tuo evento per Bal\u00f2\"}]},{\"@type\":\"WebSite\",\"@id\":\"https:\/\/www.balo.it\/#website\",\"url\":\"https:\/\/www.balo.it\/\",\"name\":\"Bal\u00f2\",\"description\":\"\",\"publisher\":{\"@id\":\"https:\/\/www.balo.it\/#organization\"},\"potentialAction\":[{\"@type\":\"SearchAction\",\"target\":{\"@type\":\"EntryPoint\",\"urlTemplate\":\"https:\/\/www.balo.it\/?s={search_term_string}\"},\"query-input\":{\"@type\":\"PropertyValueSpecification\",\"valueRequired\":true,\"valueName\":\"search_term_string\"}}],\"inLanguage\":\"en-GB\"},{\"@type\":\"Organization\",\"@id\":\"https:\/\/www.balo.it\/#organization\",\"name\":\"Bal\u00f2\",\"url\":\"https:\/\/www.balo.it\/\",\"logo\":{\"@type\":\"ImageObject\",\"inLanguage\":\"en-GB\",\"@id\":\"https:\/\/www.balo.it\/#\/schema\/logo\/image\/\",\"url\":\"https:\/\/www.balo.it\/wp-content\/uploads\/2024\/05\/Balo_odv_bollino.png\",\"contentUrl\":\"https:\/\/www.balo.it\/wp-content\/uploads\/2024\/05\/Balo_odv_bollino.png\",\"width\":1922,\"height\":1921,\"caption\":\"Bal\u00f2\"},\"image\":{\"@id\":\"https:\/\/www.balo.it\/#\/schema\/logo\/image\/\"}}]}<\/script>\n<!-- \/ Yoast SEO plugin. -->","yoast_head_json":{"title":"Il tuo evento per Bal\u00f2 - Bal\u00f2","robots":{"index":"index","follow":"follow","max-snippet":"max-snippet:-1","max-image-preview":"max-image-preview:large","max-video-preview":"max-video-preview:-1"},"canonical":"https:\/\/www.balo.it\/en\/il-tuo-evento-per-balo\/","og_locale":"en_GB","og_type":"article","og_title":"Il tuo evento per Bal\u00f2 - Bal\u00f2","og_description":"Il tuo evento per Bal\u00f2: una gioia in pi\u00f9 portata alla tua festa! Organizza un evento per raccogliere fondi o devolvi il tuo evento Aiutaci a organizzare un evento per raccogliere fondi, oppure devolvi i regali del tuo evento gi\u00e0 organizzato: compleanno, matrimonio, anniversario.La gratitudine dei bimbi e delle donne di Bal\u00f2 sar\u00e0 per te [&hellip;]","og_url":"https:\/\/www.balo.it\/en\/il-tuo-evento-per-balo\/","og_site_name":"Bal\u00f2","article_modified_time":"2024-06-03T09:46:44+00:00","og_image":[{"url":"https:\/\/www.balo.it\/wp-content\/uploads\/2024\/05\/balo_comeAiutarci_IlTuoEventoperBalo.jpeg","type":"","width":"","height":""}],"twitter_card":"summary_large_image","twitter_misc":{"Estimated reading time":"1 minute"},"schema":{"@context":"https:\/\/schema.org","@graph":[{"@type":"WebPage","@id":"https:\/\/www.balo.it\/il-tuo-evento-per-balo\/","url":"https:\/\/www.balo.it\/il-tuo-evento-per-balo\/","name":"Il tuo evento per Bal\u00f2 - Bal\u00f2","isPartOf":{"@id":"https:\/\/www.balo.it\/#website"},"primaryImageOfPage":{"@id":"https:\/\/www.balo.it\/il-tuo-evento-per-balo\/#primaryimage"},"image":{"@id":"https:\/\/www.balo.it\/il-tuo-evento-per-balo\/#primaryimage"},"thumbnailUrl":"https:\/\/www.balo.it\/wp-content\/uploads\/2024\/05\/balo_comeAiutarci_IlTuoEventoperBalo.jpeg","datePublished":"2024-05-13T08:56:31+00:00","dateModified":"2024-06-03T09:46:44+00:00","breadcrumb":{"@id":"https:\/\/www.balo.it\/il-tuo-evento-per-balo\/#breadcrumb"},"inLanguage":"en-GB","potentialAction":[{"@type":"ReadAction","target":["https:\/\/www.balo.it\/il-tuo-evento-per-balo\/"]}]},{"@type":"ImageObject","inLanguage":"en-GB","@id":"https:\/\/www.balo.it\/il-tuo-evento-per-balo\/#primaryimage","url":"https:\/\/www.balo.it\/wp-content\/uploads\/2024\/05\/balo_comeAiutarci_IlTuoEventoperBalo.jpeg","contentUrl":"https:\/\/www.balo.it\/wp-content\/uploads\/2024\/05\/balo_comeAiutarci_IlTuoEventoperBalo.jpeg"},{"@type":"BreadcrumbList","@id":"https:\/\/www.balo.it\/il-tuo-evento-per-balo\/#breadcrumb","itemListElement":[{"@type":"ListItem","position":1,"name":"Home","item":"https:\/\/www.balo.it\/"},{"@type":"ListItem","position":2,"name":"Il tuo evento per Bal\u00f2"}]},{"@type":"WebSite","@id":"https:\/\/www.balo.it\/#website","url":"https:\/\/www.balo.it\/","name":"Bal\u00f2","description":"","publisher":{"@id":"https:\/\/www.balo.it\/#organization"},"potentialAction":[{"@type":"SearchAction","target":{"@type":"EntryPoint","urlTemplate":"https:\/\/www.balo.it\/?s={search_term_string}"},"query-input":{"@type":"PropertyValueSpecification","valueRequired":true,"valueName":"search_term_string"}}],"inLanguage":"en-GB"},{"@type":"Organization","@id":"https:\/\/www.balo.it\/#organization","name":"Bal\u00f2","url":"https:\/\/www.balo.it\/","logo":{"@type":"ImageObject","inLanguage":"en-GB","@id":"https:\/\/www.balo.it\/#\/schema\/logo\/image\/","url":"https:\/\/www.balo.it\/wp-content\/uploads\/2024\/05\/Balo_odv_bollino.png","contentUrl":"https:\/\/www.balo.it\/wp-content\/uploads\/2024\/05\/Balo_odv_bollino.png","width":1922,"height":1921,"caption":"Bal\u00f2"},"image":{"@id":"https:\/\/www.balo.it\/#\/schema\/logo\/image\/"}}]}},"_links":{"self":[{"href":"https:\/\/www.balo.it\/en\/wp-json\/wp\/v2\/pages\/42","targetHints":{"allow":["GET"]}}],"collection":[{"href":"https:\/\/www.balo.it\/en\/wp-json\/wp\/v2\/pages"}],"about":[{"href":"https:\/\/www.balo.it\/en\/wp-json\/wp\/v2\/types\/page"}],"author":[{"embeddable":true,"href":"https:\/\/www.balo.it\/en\/wp-json\/wp\/v2\/users\/1"}],"replies":[{"embeddable":true,"href":"https:\/\/www.balo.it\/en\/wp-json\/wp\/v2\/comments?post=42"}],"version-history":[{"count":0,"href":"https:\/\/www.balo.it\/en\/wp-json\/wp\/v2\/pages\/42\/revisions"}],"wp:attachment":[{"href":"https:\/\/www.balo.it\/en\/wp-json\/wp\/v2\/media?parent=42"}],"curies":[{"name":"wp","href":"https:\/\/api.w.org\/{rel}","templated":true}]}}