{"id":44,"date":"2024-05-13T10:57:01","date_gmt":"2024-05-13T08:57:01","guid":{"rendered":"https:\/\/balo.k8s.pleiadiinternational.com\/?page_id=44"},"modified":"2024-06-11T12:38:38","modified_gmt":"2024-06-11T10:38:38","slug":"lascito-testamentario","status":"publish","type":"page","link":"https:\/\/www.balo.it\/en\/lascito-testamentario\/","title":{"rendered":"Legacy"},"content":{"rendered":"<div data-elementor-type=\"wp-page\" data-elementor-id=\"44\" class=\"elementor elementor-44\" data-elementor-post-type=\"page\">\n\t\t\t\t<div class=\"elementor-element elementor-element-6450951 e-flex e-con-boxed e-con e-parent\" data-id=\"6450951\" data-element_type=\"container\" data-settings=\"{&quot;background_background&quot;:&quot;classic&quot;}\">\n\t\t\t\t\t<div class=\"e-con-inner\">\n\t\t\t\t<div class=\"elementor-element elementor-element-7d4f087 elementor-widget elementor-widget-heading\" data-id=\"7d4f087\" data-element_type=\"widget\" data-widget_type=\"heading.default\">\n\t\t\t\t<div class=\"elementor-widget-container\">\n\t\t\t\t\t<h2 class=\"elementor-heading-title elementor-size-default\">Legacy:\nconsider leaving a part of your legacy to Bal\u00f2..<\/h2>\t\t\t\t<\/div>\n\t\t\t\t<\/div>\n\t\t\t\t\t<\/div>\n\t\t\t\t<\/div>\n\t\t<div class=\"elementor-element elementor-element-0b36c87 e-flex e-con-boxed e-con e-parent\" data-id=\"0b36c87\" data-element_type=\"container\">\n\t\t\t\t\t<div class=\"e-con-inner\">\n\t\t\t\t<div class=\"elementor-element elementor-element-daeae93 elementor-hidden-mobile elementor-widget elementor-widget-image\" data-id=\"daeae93\" data-element_type=\"widget\" data-widget_type=\"image.default\">\n\t\t\t\t<div class=\"elementor-widget-container\">\n\t\t\t\t\t\t\t\t\t\t\t\t\t\t\t<img fetchpriority=\"high\" decoding=\"async\" width=\"1400\" height=\"500\" src=\"https:\/\/www.balo.it\/wp-content\/uploads\/2024\/05\/balo_comeAiutarci_lascito.jpeg\" class=\"attachment-full size-full wp-image-709\" alt=\"\" srcset=\"https:\/\/www.balo.it\/wp-content\/uploads\/2024\/05\/balo_comeAiutarci_lascito.jpeg 1400w, https:\/\/www.balo.it\/wp-content\/uploads\/2024\/05\/balo_comeAiutarci_lascito-300x107.jpeg 300w, https:\/\/www.balo.it\/wp-content\/uploads\/2024\/05\/balo_comeAiutarci_lascito-1024x366.jpeg 1024w, https:\/\/www.balo.it\/wp-content\/uploads\/2024\/05\/balo_comeAiutarci_lascito-768x274.jpeg 768w, https:\/\/www.balo.it\/wp-content\/uploads\/2024\/05\/balo_comeAiutarci_lascito-18x6.jpeg 18w\" sizes=\"(max-width: 1400px) 100vw, 1400px\" \/>\t\t\t\t\t\t\t\t\t\t\t\t\t\t\t<\/div>\n\t\t\t\t<\/div>\n\t\t<div class=\"elementor-element elementor-element-303eae9 elementor-hidden-desktop elementor-hidden-tablet e-flex e-con-boxed e-con e-child\" data-id=\"303eae9\" data-element_type=\"container\" data-settings=\"{&quot;background_background&quot;:&quot;classic&quot;}\">\n\t\t\t\t\t<div class=\"e-con-inner\">\n\t\t\t\t\t<\/div>\n\t\t\t\t<\/div>\n\t\t\t\t\t<\/div>\n\t\t\t\t<\/div>\n\t\t<div class=\"elementor-element elementor-element-705aadd e-flex e-con-boxed e-con e-parent\" data-id=\"705aadd\" data-element_type=\"container\">\n\t\t\t\t\t<div class=\"e-con-inner\">\n\t\t\t\t<div class=\"elementor-element elementor-element-00d2046 elementor-widget elementor-widget-heading\" data-id=\"00d2046\" data-element_type=\"widget\" data-widget_type=\"heading.default\">\n\t\t\t\t<div class=\"elementor-widget-container\">\n\t\t\t\t\t<h2 class=\"elementor-heading-title elementor-size-default\">\u201cWhat I hold on to will disappear with me, but what I bequeath will remain in everyone\u2019s hands.\u201d\n<\/h2>\t\t\t\t<\/div>\n\t\t\t\t<\/div>\n\t\t\t\t<div class=\"elementor-element elementor-element-47075e5 elementor-widget elementor-widget-heading\" data-id=\"47075e5\" data-element_type=\"widget\" data-widget_type=\"heading.default\">\n\t\t\t\t<div class=\"elementor-widget-container\">\n\t\t\t\t\t<h2 class=\"elementor-heading-title elementor-size-default\">(Rabindranath Tagore)<\/h2>\t\t\t\t<\/div>\n\t\t\t\t<\/div>\n\t\t\t\t<div class=\"elementor-element elementor-element-cf9f157 elementor-widget elementor-widget-text-editor\" data-id=\"cf9f157\" data-element_type=\"widget\" data-widget_type=\"text-editor.default\">\n\t\t\t\t<div class=\"elementor-widget-container\">\n\t\t\t\t\t\t\t\t\t<div class=\"wpb_text_column wpb_content_element vc_custom_1527774930316\"><div class=\"wpb_wrapper\"><p><span style=\"font-weight: 400;\">To be able to have the knowledge that what we leave behind will remain and make a difference to many children. This will be clear proof that beyond us something remains and will always be visible in the smiles and happiness of the children of Bal\u00f2.<\/span><\/p><\/div><\/div>\t\t\t\t\t\t\t\t<\/div>\n\t\t\t\t<\/div>\n\t\t\t\t<div class=\"elementor-element elementor-element-8590289 elementor-widget elementor-widget-button\" data-id=\"8590289\" data-element_type=\"widget\" data-widget_type=\"button.default\">\n\t\t\t\t<div class=\"elementor-widget-container\">\n\t\t\t\t\t\t\t\t\t<div class=\"elementor-button-wrapper\">\n\t\t\t\t\t<a class=\"elementor-button elementor-button-link elementor-size-sm\" href=\"https:\/\/www.balo.it\/en\/contattaci\/\">\n\t\t\t\t\t\t<span class=\"elementor-button-content-wrapper\">\n\t\t\t\t\t\t\t\t\t<span class=\"elementor-button-text\">Request information<\/span>\n\t\t\t\t\t<\/span>\n\t\t\t\t\t<\/a>\n\t\t\t\t<\/div>\n\t\t\t\t\t\t\t\t<\/div>\n\t\t\t\t<\/div>\n\t\t\t\t\t<\/div>\n\t\t\t\t<\/div>\n\t\t\t\t<\/div>","protected":false},"excerpt":{"rendered":"<p>Lascito testamentario: un gesto che pu\u00f2 cambiare una vita. \u201cSparir\u00e0 con me ci\u00f2 che trattengo, ma ci\u00f2 che dono rester\u00e0 nelle mani di tutti.\u201d (Rabindranath Tagore) Poter avere la consapevolezza che quello che lasciamo rester\u00e0 e far\u00e0 la differenza per tanti bambini. Questo sar\u00e0 la prova evidente che oltre a noi qualcosa resta e sar\u00e0 [&hellip;]<\/p>","protected":false},"author":1,"featured_media":0,"parent":0,"menu_order":0,"comment_status":"closed","ping_status":"closed","template":"","meta":{"_acf_changed":false,"site-sidebar-layout":"no-sidebar","site-content-layout":"page-builder","ast-site-content-layout":"full-width-container","site-content-style":"default","site-sidebar-style":"default","ast-global-header-display":"","ast-banner-title-visibility":"","ast-main-header-display":"","ast-hfb-above-header-display":"","ast-hfb-below-header-display":"","ast-hfb-mobile-header-display":"","site-post-title":"disabled","ast-breadcrumbs-content":"","ast-featured-img":"disabled","footer-sml-layout":"","theme-transparent-header-meta":"","adv-header-id-meta":"","stick-header-meta":"","header-above-stick-meta":"","header-main-stick-meta":"","header-below-stick-meta":"","astra-migrate-meta-layouts":"set","ast-page-background-enabled":"default","ast-page-background-meta":{"desktop":{"background-color":"var(--ast-global-color-4)","background-image":"","background-repeat":"repeat","background-position":"center center","background-size":"auto","background-attachment":"scroll","background-type":"","background-media":"","overlay-type":"","overlay-color":"","overlay-opacity":"","overlay-gradient":""},"tablet":{"background-color":"","background-image":"","background-repeat":"repeat","background-position":"center center","background-size":"auto","background-attachment":"scroll","background-type":"","background-media":"","overlay-type":"","overlay-color":"","overlay-opacity":"","overlay-gradient":""},"mobile":{"background-color":"","background-image":"","background-repeat":"repeat","background-position":"center center","background-size":"auto","background-attachment":"scroll","background-type":"","background-media":"","overlay-type":"","overlay-color":"","overlay-opacity":"","overlay-gradient":""}},"ast-content-background-meta":{"desktop":{"background-color":"var(--ast-global-color-5)","background-image":"","background-repeat":"repeat","background-position":"center center","background-size":"auto","background-attachment":"scroll","background-type":"","background-media":"","overlay-type":"","overlay-color":"","overlay-opacity":"","overlay-gradient":""},"tablet":{"background-color":"var(--ast-global-color-5)","background-image":"","background-repeat":"repeat","background-position":"center center","background-size":"auto","background-attachment":"scroll","background-type":"","background-media":"","overlay-type":"","overlay-color":"","overlay-opacity":"","overlay-gradient":""},"mobile":{"background-color":"var(--ast-global-color-5)","background-image":"","background-repeat":"repeat","background-position":"center center","background-size":"auto","background-attachment":"scroll","background-type":"","background-media":"","overlay-type":"","overlay-color":"","overlay-opacity":"","overlay-gradient":""}},"footnotes":""},"class_list":["post-44","page","type-page","status-publish","hentry"],"acf":[],"yoast_head":"<!-- This site is optimized with the Yoast SEO plugin v25.6 - https:\/\/yoast.com\/wordpress\/plugins\/seo\/ -->\n<title>Lascito testamentario - Bal\u00f2<\/title>\n<meta name=\"robots\" content=\"index, follow, max-snippet:-1, max-image-preview:large, max-video-preview:-1\" \/>\n<link rel=\"canonical\" href=\"https:\/\/www.balo.it\/en\/lascito-testamentario\/\" \/>\n<meta property=\"og:locale\" content=\"en_GB\" \/>\n<meta property=\"og:type\" content=\"article\" \/>\n<meta property=\"og:title\" content=\"Lascito testamentario - Bal\u00f2\" \/>\n<meta property=\"og:description\" content=\"Lascito testamentario: un gesto che pu\u00f2 cambiare una vita. \u201cSparir\u00e0 con me ci\u00f2 che trattengo, ma ci\u00f2 che dono rester\u00e0 nelle mani di tutti.\u201d (Rabindranath Tagore) Poter avere la consapevolezza che quello che lasciamo rester\u00e0 e far\u00e0 la differenza per tanti bambini. Questo sar\u00e0 la prova evidente che oltre a noi qualcosa resta e sar\u00e0 [&hellip;]\" \/>\n<meta property=\"og:url\" content=\"https:\/\/www.balo.it\/en\/lascito-testamentario\/\" \/>\n<meta property=\"og:site_name\" content=\"Bal\u00f2\" \/>\n<meta property=\"article:modified_time\" content=\"2024-06-11T10:38:38+00:00\" \/>\n<meta property=\"og:image\" content=\"https:\/\/www.balo.it\/wp-content\/uploads\/2024\/05\/balo_comeAiutarci_lascito.jpeg\" \/>\n<meta name=\"twitter:card\" content=\"summary_large_image\" \/>\n<meta name=\"twitter:label1\" content=\"Estimated reading time\" \/>\n\t<meta name=\"twitter:data1\" content=\"1 minute\" \/>\n<script type=\"application\/ld+json\" class=\"yoast-schema-graph\">{\"@context\":\"https:\/\/schema.org\",\"@graph\":[{\"@type\":\"WebPage\",\"@id\":\"https:\/\/www.balo.it\/lascito-testamentario\/\",\"url\":\"https:\/\/www.balo.it\/lascito-testamentario\/\",\"name\":\"Lascito testamentario - Bal\u00f2\",\"isPartOf\":{\"@id\":\"https:\/\/www.balo.it\/#website\"},\"primaryImageOfPage\":{\"@id\":\"https:\/\/www.balo.it\/lascito-testamentario\/#primaryimage\"},\"image\":{\"@id\":\"https:\/\/www.balo.it\/lascito-testamentario\/#primaryimage\"},\"thumbnailUrl\":\"https:\/\/www.balo.it\/wp-content\/uploads\/2024\/05\/balo_comeAiutarci_lascito.jpeg\",\"datePublished\":\"2024-05-13T08:57:01+00:00\",\"dateModified\":\"2024-06-11T10:38:38+00:00\",\"breadcrumb\":{\"@id\":\"https:\/\/www.balo.it\/lascito-testamentario\/#breadcrumb\"},\"inLanguage\":\"en-GB\",\"potentialAction\":[{\"@type\":\"ReadAction\",\"target\":[\"https:\/\/www.balo.it\/lascito-testamentario\/\"]}]},{\"@type\":\"ImageObject\",\"inLanguage\":\"en-GB\",\"@id\":\"https:\/\/www.balo.it\/lascito-testamentario\/#primaryimage\",\"url\":\"https:\/\/www.balo.it\/wp-content\/uploads\/2024\/05\/balo_comeAiutarci_lascito.jpeg\",\"contentUrl\":\"https:\/\/www.balo.it\/wp-content\/uploads\/2024\/05\/balo_comeAiutarci_lascito.jpeg\"},{\"@type\":\"BreadcrumbList\",\"@id\":\"https:\/\/www.balo.it\/lascito-testamentario\/#breadcrumb\",\"itemListElement\":[{\"@type\":\"ListItem\",\"position\":1,\"name\":\"Home\",\"item\":\"https:\/\/www.balo.it\/\"},{\"@type\":\"ListItem\",\"position\":2,\"name\":\"Lascito testamentario\"}]},{\"@type\":\"WebSite\",\"@id\":\"https:\/\/www.balo.it\/#website\",\"url\":\"https:\/\/www.balo.it\/\",\"name\":\"Bal\u00f2\",\"description\":\"\",\"publisher\":{\"@id\":\"https:\/\/www.balo.it\/#organization\"},\"potentialAction\":[{\"@type\":\"SearchAction\",\"target\":{\"@type\":\"EntryPoint\",\"urlTemplate\":\"https:\/\/www.balo.it\/?s={search_term_string}\"},\"query-input\":{\"@type\":\"PropertyValueSpecification\",\"valueRequired\":true,\"valueName\":\"search_term_string\"}}],\"inLanguage\":\"en-GB\"},{\"@type\":\"Organization\",\"@id\":\"https:\/\/www.balo.it\/#organization\",\"name\":\"Bal\u00f2\",\"url\":\"https:\/\/www.balo.it\/\",\"logo\":{\"@type\":\"ImageObject\",\"inLanguage\":\"en-GB\",\"@id\":\"https:\/\/www.balo.it\/#\/schema\/logo\/image\/\",\"url\":\"https:\/\/www.balo.it\/wp-content\/uploads\/2024\/05\/Balo_odv_bollino.png\",\"contentUrl\":\"https:\/\/www.balo.it\/wp-content\/uploads\/2024\/05\/Balo_odv_bollino.png\",\"width\":1922,\"height\":1921,\"caption\":\"Bal\u00f2\"},\"image\":{\"@id\":\"https:\/\/www.balo.it\/#\/schema\/logo\/image\/\"}}]}<\/script>\n<!-- \/ Yoast SEO plugin. -->","yoast_head_json":{"title":"Lascito testamentario - Bal\u00f2","robots":{"index":"index","follow":"follow","max-snippet":"max-snippet:-1","max-image-preview":"max-image-preview:large","max-video-preview":"max-video-preview:-1"},"canonical":"https:\/\/www.balo.it\/en\/lascito-testamentario\/","og_locale":"en_GB","og_type":"article","og_title":"Lascito testamentario - Bal\u00f2","og_description":"Lascito testamentario: un gesto che pu\u00f2 cambiare una vita. \u201cSparir\u00e0 con me ci\u00f2 che trattengo, ma ci\u00f2 che dono rester\u00e0 nelle mani di tutti.\u201d (Rabindranath Tagore) Poter avere la consapevolezza che quello che lasciamo rester\u00e0 e far\u00e0 la differenza per tanti bambini. Questo sar\u00e0 la prova evidente che oltre a noi qualcosa resta e sar\u00e0 [&hellip;]","og_url":"https:\/\/www.balo.it\/en\/lascito-testamentario\/","og_site_name":"Bal\u00f2","article_modified_time":"2024-06-11T10:38:38+00:00","og_image":[{"url":"https:\/\/www.balo.it\/wp-content\/uploads\/2024\/05\/balo_comeAiutarci_lascito.jpeg","type":"","width":"","height":""}],"twitter_card":"summary_large_image","twitter_misc":{"Estimated reading time":"1 minute"},"schema":{"@context":"https:\/\/schema.org","@graph":[{"@type":"WebPage","@id":"https:\/\/www.balo.it\/lascito-testamentario\/","url":"https:\/\/www.balo.it\/lascito-testamentario\/","name":"Lascito testamentario - Bal\u00f2","isPartOf":{"@id":"https:\/\/www.balo.it\/#website"},"primaryImageOfPage":{"@id":"https:\/\/www.balo.it\/lascito-testamentario\/#primaryimage"},"image":{"@id":"https:\/\/www.balo.it\/lascito-testamentario\/#primaryimage"},"thumbnailUrl":"https:\/\/www.balo.it\/wp-content\/uploads\/2024\/05\/balo_comeAiutarci_lascito.jpeg","datePublished":"2024-05-13T08:57:01+00:00","dateModified":"2024-06-11T10:38:38+00:00","breadcrumb":{"@id":"https:\/\/www.balo.it\/lascito-testamentario\/#breadcrumb"},"inLanguage":"en-GB","potentialAction":[{"@type":"ReadAction","target":["https:\/\/www.balo.it\/lascito-testamentario\/"]}]},{"@type":"ImageObject","inLanguage":"en-GB","@id":"https:\/\/www.balo.it\/lascito-testamentario\/#primaryimage","url":"https:\/\/www.balo.it\/wp-content\/uploads\/2024\/05\/balo_comeAiutarci_lascito.jpeg","contentUrl":"https:\/\/www.balo.it\/wp-content\/uploads\/2024\/05\/balo_comeAiutarci_lascito.jpeg"},{"@type":"BreadcrumbList","@id":"https:\/\/www.balo.it\/lascito-testamentario\/#breadcrumb","itemListElement":[{"@type":"ListItem","position":1,"name":"Home","item":"https:\/\/www.balo.it\/"},{"@type":"ListItem","position":2,"name":"Lascito testamentario"}]},{"@type":"WebSite","@id":"https:\/\/www.balo.it\/#website","url":"https:\/\/www.balo.it\/","name":"Bal\u00f2","description":"","publisher":{"@id":"https:\/\/www.balo.it\/#organization"},"potentialAction":[{"@type":"SearchAction","target":{"@type":"EntryPoint","urlTemplate":"https:\/\/www.balo.it\/?s={search_term_string}"},"query-input":{"@type":"PropertyValueSpecification","valueRequired":true,"valueName":"search_term_string"}}],"inLanguage":"en-GB"},{"@type":"Organization","@id":"https:\/\/www.balo.it\/#organization","name":"Bal\u00f2","url":"https:\/\/www.balo.it\/","logo":{"@type":"ImageObject","inLanguage":"en-GB","@id":"https:\/\/www.balo.it\/#\/schema\/logo\/image\/","url":"https:\/\/www.balo.it\/wp-content\/uploads\/2024\/05\/Balo_odv_bollino.png","contentUrl":"https:\/\/www.balo.it\/wp-content\/uploads\/2024\/05\/Balo_odv_bollino.png","width":1922,"height":1921,"caption":"Bal\u00f2"},"image":{"@id":"https:\/\/www.balo.it\/#\/schema\/logo\/image\/"}}]}},"_links":{"self":[{"href":"https:\/\/www.balo.it\/en\/wp-json\/wp\/v2\/pages\/44","targetHints":{"allow":["GET"]}}],"collection":[{"href":"https:\/\/www.balo.it\/en\/wp-json\/wp\/v2\/pages"}],"about":[{"href":"https:\/\/www.balo.it\/en\/wp-json\/wp\/v2\/types\/page"}],"author":[{"embeddable":true,"href":"https:\/\/www.balo.it\/en\/wp-json\/wp\/v2\/users\/1"}],"replies":[{"embeddable":true,"href":"https:\/\/www.balo.it\/en\/wp-json\/wp\/v2\/comments?post=44"}],"version-history":[{"count":0,"href":"https:\/\/www.balo.it\/en\/wp-json\/wp\/v2\/pages\/44\/revisions"}],"wp:attachment":[{"href":"https:\/\/www.balo.it\/en\/wp-json\/wp\/v2\/media?parent=44"}],"curies":[{"name":"wp","href":"https:\/\/api.w.org\/{rel}","templated":true}]}}